{"id":9657,"date":"2019-04-02T11:03:08","date_gmt":"2019-04-02T09:03:08","guid":{"rendered":"http:\/\/cordula-boehm.de\/?page_id=9657"},"modified":"2023-01-15T17:59:28","modified_gmt":"2023-01-15T16:59:28","slug":"leistungen","status":"publish","type":"page","link":"http:\/\/cordula-boehm.de\/en\/leistungen\/","title":{"rendered":"Leistungen"},"content":{"rendered":"<p>[et_pb_section fb_built=&#8220;1&#8243; admin_label=&#8220;section&#8220; _builder_version=&#8220;4.5.7&#8243; background_color=&#8220;#ffffff&#8220; use_background_color_gradient=&#8220;on&#8220; background_color_gradient_start=&#8220;#ffffff&#8220; background_color_gradient_end=&#8220;rgba(255,255,255,0.29)&#8220; background_color_gradient_direction=&#8220;1deg&#8220; background_color_gradient_end_position=&#8220;0%&#8220; background_color_gradient_overlays_image=&#8220;on&#8220; background_image=&#8220;https:\/\/cordula-boehm.de\/wp-content\/uploads\/2019\/05\/Cordula-Bo\u0308hm-Angebote-HEader.jpg&#8220; min_height=&#8220;399px&#8220; height=&#8220;343px&#8220; custom_padding=&#8220;||0px|||&#8220; border_radii=&#8220;||||&#8220; border_width_bottom=&#8220;5px&#8220; border_color_bottom=&#8220;#a83746&#8243;][et_pb_row admin_label=&#8220;row&#8220; _builder_version=&#8220;4.5.7&#8243; background_color=&#8220;rgba(0,0,0,0)&#8220; background_size=&#8220;initial&#8220; background_position=&#8220;top_left&#8220; background_repeat=&#8220;repeat&#8220; width=&#8220;52.2%&#8220; max_width=&#8220;1673px&#8220; module_alignment=&#8220;left&#8220; min_height=&#8220;229px&#8220; custom_margin=&#8220;115px|auto|115px|-17px|true|&#8220;][et_pb_column type=&#8220;4_4&#8243; _builder_version=&#8220;3.25&#8243; background_color=&#8220;#ffbf20&#8243; custom_padding=&#8220;|||&#8220; custom_padding__hover=&#8220;|||&#8220;][et_pb_text _builder_version=&#8220;4.5.7&#8243; text_font=&#8220;Montserrat||||||||&#8220; text_text_color=&#8220;#27563d&#8220; text_font_size=&#8220;46px&#8220; text_line_height=&#8220;1.4em&#8220; header_font=&#8220;Montserrat||||||||&#8220; header_text_color=&#8220;#ffffff&#8220; header_5_font=&#8220;Playlist Script||||||||&#8220; header_5_text_color=&#8220;#a83746&#8243; header_5_font_size=&#8220;52px&#8220; header_5_line_height=&#8220;1.4em&#8220; header_6_font=&#8220;Montserrat||||||||&#8220; header_6_text_color=&#8220;#27563d&#8220; header_6_font_size=&#8220;21px&#8220; header_6_line_height=&#8220;1.2em&#8220; text_orientation=&#8220;center&#8220; width=&#8220;70%&#8220; width_tablet=&#8220;100%&#8220; width_phone=&#8220;&#8220; width_last_edited=&#8220;on|desktop&#8220; module_alignment=&#8220;center&#8220; min_height=&#8220;101px&#8220; custom_margin=&#8220;|63px||63px||true&#8220; custom_padding=&#8220;4px||0px|0px||&#8220; text_font_size_tablet=&#8220;&#8220; text_font_size_phone=&#8220;32px&#8220; text_font_size_last_edited=&#8220;on|desktop&#8220; header_6_font_size_tablet=&#8220;18px&#8220; header_6_font_size_phone=&#8220;14px&#8220; header_6_font_size_last_edited=&#8220;on|tablet&#8220; text_text_align=&#8220;center&#8220;]<\/p>\n<h5 style=\"text-align: left;\">\u201e &#8230; und wie weiter? \u201c<span style=\"font-size: 46px; color: #27563d; font-family: Montserrat, Helvetica, Arial, Lucida, sans-serif; text-align: center;\">\u00a0<\/span><\/h5>\n<h1 style=\"text-align: left;\"><span style=\"color: #27563d;\">ARBEITE MIT MIR!<\/span><\/h1>\n<h6 style=\"text-align: left;\">\u00a0<\/h6>\n<p>[\/et_pb_text][\/et_pb_column][\/et_pb_row][\/et_pb_section][et_pb_section fb_built=&#8220;1&#8243; _builder_version=&#8220;3.23.3&#8243; custom_margin=&#8220;0px|||||&#8220; custom_padding=&#8220;|1px|0px|||&#8220;][et_pb_row _builder_version=&#8220;3.25&#8243; min_height=&#8220;651px&#8220; custom_padding=&#8220;51px||10px|0px||&#8220;][et_pb_column type=&#8220;4_4&#8243; _builder_version=&#8220;3.25&#8243; custom_padding=&#8220;|||&#8220; custom_padding__hover=&#8220;|||&#8220;][et_pb_text _builder_version=&#8220;3.27.4&#8243; text_font=&#8220;Montserrat|300|||||||&#8220; text_text_color=&#8220;#a83746&#8243; inline_fonts=&#8220;Montserrat&#8220;]<\/p>\n<h2><span style=\"font-family: Montserrat; font-weight: normal;\"><span style=\"color: #800000;\"><b>COACHING TO THE CORE<\/b>, <\/span><\/span><\/h2>\n<h2><span style=\"font-family: Montserrat; font-weight: normal;\"><span style=\"color: #800000;\">deinem besten Selbst und deinem Potential <\/span><\/span><\/h2>\n<h2><span style=\"font-family: Montserrat; font-weight: normal;\"><span style=\"color: #800000;\">ist eine <\/span><strong><span style=\"color: #800000;\">Investition in dich selbst.<\/span> <\/strong><\/span><\/h2>\n<p>&nbsp;<\/p>\n<p><strong>Es hilft dir<\/strong><\/p>\n<ul>\n<li>Mut zu fassen, Sicherheit zu gewinnen und Ziele zu setzen.<\/li>\n<li>deine Perspektiven zu erweitern um Handlungsoptionen zu entwickeln, die zu praktischen Schritten f\u00fchren.<\/li>\n<li>Stress zu managen<\/li>\n<li>Ver\u00e4nderungen und \u00dcberg\u00e4nge bewusst f\u00fcr dein Wachstum und mehr Lebensfreude zu nutzen<\/li>\n<\/ul>\n<p><strong>Neben dem Gespr\u00e4ch biete ich<\/strong><\/p>\n<ul>\n<li>Kraftvolles transformatives Kundalini Yoga<\/li>\n<li>Achtsamkeitsmeditation,<\/li>\n<li>Lifestyle- Planung (Ern\u00e4hrung, Zeitmanagement, Self Care)<\/li>\n<\/ul>\n<p>die du in deinen Alltag integrieren kannst, um dich in Zeiten von Unsicherheit innerlich zu regulieren, zu stabilisieren und neue Gewohnheiten zu entwickeln.<\/p>\n<p>[\/et_pb_text][et_pb_text _builder_version=&#8220;3.27.4&#8243; text_font=&#8220;Montserrat||||||||&#8220; text_text_color=&#8220;#a83746&#8243; text_font_size=&#8220;27px&#8220; header_font=&#8220;||||||||&#8220; header_text_color=&#8220;#a83746&#8243; header_2_font=&#8220;||||||||&#8220; header_4_font=&#8220;||||||||&#8220; header_4_text_color=&#8220;#a83746&#8243; custom_padding=&#8220;48px||0px|||&#8220;]<\/p>\n<pre><span style=\"font-family: Montserrat; font-weight: normal;\"><strong>Finde das Angebot, welches deiner besonderen Situation entspricht:<\/strong><\/span><\/pre>\n<p>[\/et_pb_text][\/et_pb_column][\/et_pb_row][et_pb_row column_structure=&#8220;1_5,1_5,1_5,1_5,1_5&#8243; use_custom_gutter=&#8220;on&#8220; gutter_width=&#8220;2&#8243; _builder_version=&#8220;4.5.7&#8243; width=&#8220;100%&#8220; max_width=&#8220;1119px&#8220;][et_pb_column type=&#8220;1_5&#8243; _builder_version=&#8220;3.25&#8243; custom_padding=&#8220;|||&#8220; custom_padding__hover=&#8220;|||&#8220;][et_pb_image src=&#8220;https:\/\/cordula-boehm.de\/wp-content\/uploads\/2021\/05\/troubleshooter2.png&#8220; title_text=&#8220;troubleshooter2&#8243; url=&#8220;https:\/\/cordula-boehm.de\/troubleshooter-und-akuthilfe\/&#8220; _builder_version=&#8220;4.5.7&#8243; _module_preset=&#8220;default&#8220; box_shadow_style=&#8220;preset1&#8243;][\/et_pb_image][\/et_pb_column][et_pb_column type=&#8220;1_5&#8243; _builder_version=&#8220;3.25&#8243; custom_padding=&#8220;|||&#8220; custom_padding__hover=&#8220;|||&#8220;][et_pb_image src=&#8220;https:\/\/cordula-boehm.de\/wp-content\/uploads\/2021\/05\/neuesleben.png&#8220; title_text=&#8220;neuesleben&#8220; url=&#8220;https:\/\/cordula-boehm.de\/bewusst-und-zuversichtlich-in-ein-neues-leben\/&#8220; _builder_version=&#8220;4.5.7&#8243; _module_preset=&#8220;default&#8220; box_shadow_style=&#8220;preset1&#8243;][\/et_pb_image][\/et_pb_column][et_pb_column type=&#8220;1_5&#8243; _builder_version=&#8220;3.25&#8243; custom_padding=&#8220;|||&#8220; custom_padding__hover=&#8220;|||&#8220;][et_pb_image src=&#8220;https:\/\/cordula-boehm.de\/wp-content\/uploads\/2021\/05\/sicherheitselbstvertrauen.png&#8220; title_text=&#8220;sicherheitselbstvertrauen&#8220; url=&#8220;https:\/\/cordula-boehm.de\/sicherheit-und-selbstvertrauen-gewinnen-in-einer-veraenderung\/&#8220; _builder_version=&#8220;4.5.7&#8243; _module_preset=&#8220;default&#8220; box_shadow_style=&#8220;preset1&#8243;][\/et_pb_image][\/et_pb_column][et_pb_column type=&#8220;1_5&#8243; _builder_version=&#8220;3.25&#8243; custom_padding=&#8220;|||&#8220; custom_padding__hover=&#8220;|||&#8220;][et_pb_image src=&#8220;https:\/\/cordula-boehm.de\/wp-content\/uploads\/2021\/05\/blockade.png&#8220; title_text=&#8220;blockade&#8220; url=&#8220;https:\/\/cordula-boehm.de\/raus-aus-der-blockade\/&#8220; _builder_version=&#8220;4.5.7&#8243; _module_preset=&#8220;default&#8220;][\/et_pb_image][\/et_pb_column][et_pb_column type=&#8220;1_5&#8243; _builder_version=&#8220;3.25&#8243; custom_padding=&#8220;|||&#8220; custom_padding__hover=&#8220;|||&#8220;][et_pb_image src=&#8220;https:\/\/cordula-boehm.de\/wp-content\/uploads\/2021\/05\/Kopie-von-surrender-15.png&#8220; title_text=&#8220;Kopie von surrender-15&#8243; url=&#8220;@ET-DC@eyJkeW5hbWljIjp0cnVlLCJjb250ZW50IjoicG9zdF9saW5rX3VybF9wYWdlIiwic2V0dGluZ3MiOnsicG9zdF9pZCI6IjExMTA0In19@&#8220; _builder_version=&#8220;4.5.7&#8243; _dynamic_attributes=&#8220;url&#8220; _module_preset=&#8220;default&#8220; hover_enabled=&#8220;0&#8243; box_shadow_style=&#8220;preset1&#8243; alt=&#8220;Coaching for Expats&#8220;][\/et_pb_image][\/et_pb_column][\/et_pb_row][et_pb_row _builder_version=&#8220;3.25&#8243;][et_pb_column type=&#8220;4_4&#8243; _builder_version=&#8220;3.25&#8243; custom_padding=&#8220;|||&#8220; custom_padding__hover=&#8220;|||&#8220;][et_pb_text _builder_version=&#8220;3.27.4&#8243; text_font=&#8220;Montserrat|300|||||||&#8220; text_text_color=&#8220;#27563d&#8220; text_font_size=&#8220;18px&#8220; text_line_height=&#8220;1.9em&#8220; ul_font=&#8220;Montserrat|500|||||||&#8220; ul_text_color=&#8220;#27563d&#8220; header_font=&#8220;||||||||&#8220; header_2_font=&#8220;Montserrat|300|||||||&#8220; header_2_text_color=&#8220;#a83746&#8243; header_3_font=&#8220;Montserrat||||||||&#8220; header_3_text_color=&#8220;#27563d&#8220; header_5_font=&#8220;||||||||&#8220; header_6_font=&#8220;Montserrat|800||on|||||&#8220; header_6_text_color=&#8220;#4f5362&#8243; header_6_font_size=&#8220;15px&#8220; header_6_line_height=&#8220;2.4em&#8220; module_alignment=&#8220;center&#8220; min_height=&#8220;776px&#8220; custom_margin=&#8220;0px||0px|||&#8220; inline_fonts=&#8220;Montserrat&#8220;]<\/p>\n<p>&nbsp;<\/p>\n<p><span style=\"font-family: Montserrat; font-weight: normal; font-size: x-large;\"><b>Wenn du dir eine der folgenden oder \u00e4hnliche <\/b><span style=\"color: #a83746;\"><b>Fragen <\/b><\/span><b>stellst,\u00a0<\/b><\/span><\/p>\n<p><span style=\"font-family: Montserrat; font-weight: normal; font-size: x-large;\"><b>dann ist <\/b><span style=\"color: #a83746;\"><b>COACHING TO THE CORE<\/b><\/span><b> eine gute Option,\u00a0<\/b><\/span><\/p>\n<p><span style=\"font-family: Montserrat; font-weight: normal; font-size: x-large;\"><b>einer <\/b><span style=\"color: #a83746;\"><b>L\u00f6sung<\/b><\/span><b> auf die Spur zu kommen<\/b><\/span><\/p>\n<p><b><\/b><\/p>\n<ul>\n<li style=\"font-weight: 400;\">\n<p><span style=\"font-weight: 400;\">Befindest du dich an einem wichtigen biografischen \u00dcbergang (Heirat, Scheidung, Jobwechsel, Pensionierung, \u201eleeres Nest\u201c,&#8230;), den du bewusst gestalten m\u00f6chtest, um deiner Lebensaufgabe n\u00e4her zu kommen?<\/span><\/p>\n<\/li>\n<li style=\"font-weight: 400;\">\n<p><span style=\"font-weight: 400;\">Verlagert sich dein Lebensschwerpunkt in eine fremde Kultur oder kehrst du von da zur\u00fcck?<\/span><\/p>\n<\/li>\n<li style=\"font-weight: 400;\">\n<p><span style=\"font-weight: 400;\">Sp\u00fcrst du die Notwendigkeit, etwas in deinem Leben zu \u00e4ndern, wei\u00dft aber nicht wie oder wagst es nicht?<\/span><\/p>\n<\/li>\n<li style=\"font-weight: 400;\">\n<p><span style=\"font-weight: 400;\">Hast du einen schmerzhaften Verlust oder eine Trennung erfahren und suchst nach Wegen, dein Leben neu zu greifen?<\/span><\/p>\n<\/li>\n<li style=\"font-weight: 400;\">\n<p><span style=\"font-weight: 400;\">Lockt dich ein neues Ziel, aber du wei\u00dft nicht, wie du dahin gelangen sollst?<\/span><\/p>\n<\/li>\n<li style=\"font-weight: 400;\">\n<p><span style=\"font-weight: 400;\">F\u00fchlst du dich oft m\u00fcde und kraftlos, und w\u00fcsstest gern, wie du zu mehr Leichtigkeit und Lebensfreude finden k\u00f6nntest?<\/span><\/p>\n<\/li>\n<li style=\"font-weight: 400;\">\n<p><span style=\"font-weight: 400;\">Suchst du in allen bisherigen Ver\u00e4nderungen nach dem \u201croten Faden\u201d, der die hilft, weiter zu gehen?<\/span><\/p>\n<\/li>\n<li style=\"font-weight: 400;\">\n<p><span style=\"font-weight: 400;\">M\u00f6chtest du aktiv deine Ver\u00e4nderungen in Gang setzen?<\/span><\/p>\n<\/li>\n<li style=\"font-weight: 400;\">\n<p><span style=\"font-weight: 400;\">W\u00fcnschst du dir kraftvolle Werkzeuge um in Zeiten von Unsicherheit und Stress stabil und vertrauensvoll bestehen zu k\u00f6nnen?<\/span><\/p>\n<\/li>\n<li style=\"font-weight: 400;\">\n<p><span style=\"font-weight: 400;\">M\u00f6chtest du innerhalb deiner bestehenden Lebenssituation neue Gewohnheiten entwickeln, die f\u00fcr mehr Lebensqualit\u00e4t und innere Balance sorgen?<\/span><\/p>\n<\/li>\n<\/ul>\n<p><span style=\"font-weight: 400;\"><\/span><\/p>\n<p><span style=\"font-weight: 400;\"><\/span><\/p>\n<p>[\/et_pb_text][et_pb_divider show_divider=&#8220;off&#8220; _builder_version=&#8220;3.23.3&#8243;][\/et_pb_divider][\/et_pb_column][\/et_pb_row][\/et_pb_section][et_pb_section fb_built=&#8220;1&#8243; admin_label=&#8220;Footer&#8220; _builder_version=&#8220;3.23.3&#8243; background_color=&#8220;#eff0f4&#8243; custom_padding=&#8220;1px|0px||0px|false|false&#8220; global_module=&#8220;10790&#8243;][et_pb_row column_structure=&#8220;1_4,1_4,1_4,1_4&#8243; make_equal=&#8220;on&#8220; _builder_version=&#8220;3.25&#8243;][et_pb_column type=&#8220;1_4&#8243; _builder_version=&#8220;3.25&#8243; custom_padding=&#8220;|||&#8220; custom_css_main_element=&#8220;margin:auto;&#8220; custom_padding__hover=&#8220;|||&#8220;][et_pb_text _builder_version=&#8220;3.27.4&#8243; text_font=&#8220;Montserrat|300|||||||&#8220; text_text_color=&#8220;#969696&#8243; text_font_size=&#8220;18px&#8220; text_line_height=&#8220;1.3em&#8220; header_font=&#8220;||||||||&#8220; header_text_color=&#8220;#ffbf20&#8243;]<\/p>\n<p><span style=\"color: #27563d;\">cordula b\u00f6hm<\/span><br \/><span style=\"color: #a83746;\">TO THE CORE<\/span><br \/><span style=\"color: #ffbf20;\">online coaching<\/span><\/p>\n<p>[\/et_pb_text][\/et_pb_column][et_pb_column type=&#8220;1_4&#8243; _builder_version=&#8220;3.25&#8243; custom_padding=&#8220;|||&#8220; custom_padding__hover=&#8220;|||&#8220;][et_pb_text _builder_version=&#8220;3.27.4&#8243; text_font=&#8220;Montserrat|300|||||||&#8220; text_text_color=&#8220;#27563d&#8220; text_font_size=&#8220;14px&#8220; header_font=&#8220;||||||||&#8220; header_5_font=&#8220;Montserrat||||||||&#8220; header_6_font=&#8220;Montserrat||||||||&#8220; header_6_text_color=&#8220;#a83746&#8243; text_text_align=&#8220;left&#8220;]<\/p>\n<h6>ALS DEIN COACH<\/h6>\n<p>begleite und unterst\u00fctze ich dich in Ver\u00e4nderungen und Lebens\u00fcberg\u00e4ngen auf deinem Weg hin zu einem kraftvollen farbigen Leben.<\/p>\n<p>[\/et_pb_text][\/et_pb_column][et_pb_column type=&#8220;1_4&#8243; _builder_version=&#8220;3.25&#8243; custom_padding=&#8220;|||&#8220; custom_padding__hover=&#8220;|||&#8220;][et_pb_text _builder_version=&#8220;3.27.4&#8243; text_font=&#8220;Montserrat|300|||||||&#8220; text_text_color=&#8220;#27563d&#8220; text_font_size=&#8220;14px&#8220; header_font=&#8220;||||||||&#8220; header_5_font=&#8220;Montserrat||||||||&#8220; header_6_font=&#8220;Montserrat||||||||&#8220; header_6_text_color=&#8220;#a83746&#8243; text_text_align=&#8220;left&#8220;]<\/p>\n<h6>SCHREIB MIR<\/h6>\n<p>info@cordula-boehm.de<br \/><a href=\"\/impressum\/\">Impressum<\/A> \/ <a href=\"\/datenschutz\/\">Datenschutz<\/a><\/p>\n<p>Alle Rechte vorbehalten<\/p>\n<p>[\/et_pb_text][\/et_pb_column][et_pb_column type=&#8220;1_4&#8243; _builder_version=&#8220;3.25&#8243; custom_padding=&#8220;|||&#8220; custom_padding__hover=&#8220;|||&#8220;][et_pb_text _builder_version=&#8220;3.27.4&#8243; text_font=&#8220;Montserrat||||||||&#8220; text_text_color=&#8220;#27563d&#8220; text_font_size=&#8220;14px&#8220; header_font=&#8220;||||||||&#8220; header_5_font=&#8220;Montserrat||||||||&#8220; header_6_font=&#8220;Montserrat||||||||&#8220; header_6_text_color=&#8220;#a83746&#8243; custom_margin=&#8220;||-1px|||&#8220; text_text_align=&#8220;left&#8220;]<\/p>\n<h6>FOLGE MIR HIER<\/h6>\n<p>[\/et_pb_text][et_pb_social_media_follow icon_color=&#8220;#ffffff&#8220; _builder_version=&#8220;3.23.3&#8243; custom_button=&#8220;on&#8220; button_text_color=&#8220;#ffffff&#8220; button_font=&#8220;||||||||&#8220; custom_margin=&#8220;6px|||||&#8220; border_radii=&#8220;on|100px|100px|100px|100px&#8220; border_color_all=&#8220;#27563d&#8220;][et_pb_social_media_follow_network social_network=&#8220;facebook&#8220; url=&#8220;http:\/\/Facebook.com\/boehm.cordula&#8220; icon_color=&#8220;#ffffff&#8220; _builder_version=&#8220;3.23.3&#8243; background_color=&#8220;#3b5998&#8243; follow_button=&#8220;off&#8220; url_new_window=&#8220;on&#8220;]facebook[\/et_pb_social_media_follow_network][et_pb_social_media_follow_network social_network=&#8220;instagram&#8220; url=&#8220;https:\/\/www.instagram.com\/tothecore.onlinecoaching\/&#8220; _builder_version=&#8220;3.23.3&#8243; background_color=&#8220;#ea2c59&#8243; follow_button=&#8220;off&#8220; url_new_window=&#8220;on&#8220;]instagram[\/et_pb_social_media_follow_network][\/et_pb_social_media_follow][et_pb_social_media_follow icon_color=&#8220;#ffffff&#8220; disabled_on=&#8220;on|on|on&#8220; _builder_version=&#8220;3.23.3&#8243; custom_button=&#8220;on&#8220; button_text_color=&#8220;#ffffff&#8220; button_font=&#8220;||||||||&#8220; custom_margin=&#8220;6px|||||&#8220; border_radii=&#8220;on|100px|100px|100px|100px&#8220; border_color_all=&#8220;#27563d&#8220; disabled=&#8220;on&#8220;][et_pb_social_media_follow_network social_network=&#8220;facebook&#8220; url=&#8220;http:\/\/Facebook.com\/boehm.cordula&#8220; icon_color=&#8220;#ffffff&#8220; _builder_version=&#8220;3.23.3&#8243; background_color=&#8220;#3b5998&#8243; follow_button=&#8220;off&#8220; url_new_window=&#8220;on&#8220;]facebook[\/et_pb_social_media_follow_network][et_pb_social_media_follow_network social_network=&#8220;instagram&#8220; url=&#8220;https:\/\/www.instagram.com\/tothecore.onlinecoaching\/&#8220; _builder_version=&#8220;3.23.3&#8243; background_color=&#8220;#ea2c59&#8243; follow_button=&#8220;off&#8220; url_new_window=&#8220;on&#8220;]instagram[\/et_pb_social_media_follow_network][\/et_pb_social_media_follow][\/et_pb_column][\/et_pb_row][\/et_pb_section]<\/p>\n<span class=\"et_bloom_bottom_trigger\"><\/span>","protected":false},"excerpt":{"rendered":"<p>\u201e &#8230; und wie weiter? \u201c\u00a0 ARBEITE MIT MIR! \u00a0COACHING TO THE CORE, deinem besten Selbst und deinem Potential ist eine Investition in dich selbst. &nbsp; Es hilft dir Mut zu fassen, Sicherheit zu gewinnen und Ziele zu setzen. deine Perspektiven zu erweitern um Handlungsoptionen zu entwickeln, die zu praktischen Schritten f\u00fchren. Stress zu managen [&hellip;]<\/p>\n","protected":false},"author":2,"featured_media":0,"parent":0,"menu_order":0,"comment_status":"closed","ping_status":"closed","template":"","meta":{"_acf_changed":false,"_et_pb_use_builder":"on","_et_pb_old_content":"","_et_gb_content_width":"","om_disable_all_campaigns":false,"_monsterinsights_skip_tracking":false,"_monsterinsights_sitenote_active":false,"_monsterinsights_sitenote_note":"","_monsterinsights_sitenote_category":0,"footnotes":""},"class_list":["post-9657","page","type-page","status-publish","hentry"],"acf":[],"yoast_head":"<!-- This site is optimized with the Yoast SEO plugin v27.0 - https:\/\/yoast.com\/product\/yoast-seo-wordpress\/ -->\n<title>Angebote - Cordula B\u00f6hm<\/title>\n<meta name=\"description\" content=\"Wenn du dir eine der folgenden oder \u00e4hnliche Fragen stellst, dann ist COACHING TO THE CORE eine gute Option einer L\u00f6sung auf die Spur zu kommen.\" \/>\n<meta name=\"robots\" content=\"index, follow, max-snippet:-1, max-image-preview:large, max-video-preview:-1\" \/>\n<link rel=\"canonical\" href=\"https:\/\/cordula-boehm.de\/en\/leistungen\/\" \/>\n<meta property=\"og:locale\" content=\"en_US\" \/>\n<meta property=\"og:type\" content=\"article\" \/>\n<meta property=\"og:title\" content=\"Angebote - Cordula B\u00f6hm\" \/>\n<meta property=\"og:description\" content=\"Wenn du dir eine der folgenden oder \u00e4hnliche Fragen stellst, dann ist COACHING TO THE CORE eine gute Option einer L\u00f6sung auf die Spur zu kommen.\" \/>\n<meta property=\"og:url\" content=\"https:\/\/cordula-boehm.de\/en\/leistungen\/\" \/>\n<meta property=\"og:site_name\" content=\"Cordula B\u00f6hm\" \/>\n<meta property=\"article:modified_time\" content=\"2023-01-15T16:59:28+00:00\" \/>\n<meta name=\"twitter:card\" content=\"summary_large_image\" \/>\n<meta name=\"twitter:label1\" content=\"Est. reading time\" \/>\n\t<meta name=\"twitter:data1\" content=\"8 minutes\" \/>\n<script type=\"application\/ld+json\" class=\"yoast-schema-graph\">{\"@context\":\"https:\/\/schema.org\",\"@graph\":[{\"@type\":\"WebPage\",\"@id\":\"https:\/\/cordula-boehm.de\/leistungen\/\",\"url\":\"https:\/\/cordula-boehm.de\/leistungen\/\",\"name\":\"Angebote - Cordula B\u00f6hm\",\"isPartOf\":{\"@id\":\"https:\/\/cordula-boehm.de\/#website\"},\"datePublished\":\"2019-04-02T09:03:08+00:00\",\"dateModified\":\"2023-01-15T16:59:28+00:00\",\"description\":\"Wenn du dir eine der folgenden oder \u00e4hnliche Fragen stellst, dann ist COACHING TO THE CORE eine gute Option einer L\u00f6sung auf die Spur zu kommen.\",\"breadcrumb\":{\"@id\":\"https:\/\/cordula-boehm.de\/leistungen\/#breadcrumb\"},\"inLanguage\":\"en-US\",\"potentialAction\":[{\"@type\":\"ReadAction\",\"target\":[\"https:\/\/cordula-boehm.de\/leistungen\/\"]}]},{\"@type\":\"BreadcrumbList\",\"@id\":\"https:\/\/cordula-boehm.de\/leistungen\/#breadcrumb\",\"itemListElement\":[{\"@type\":\"ListItem\",\"position\":1,\"name\":\"Startseite\",\"item\":\"https:\/\/cordula-boehm.de\/\"},{\"@type\":\"ListItem\",\"position\":2,\"name\":\"Leistungen\"}]},{\"@type\":\"WebSite\",\"@id\":\"https:\/\/cordula-boehm.de\/#website\",\"url\":\"https:\/\/cordula-boehm.de\/\",\"name\":\"Cordula B\u00f6hm\",\"description\":\"to the core - Online Coaching\",\"potentialAction\":[{\"@type\":\"SearchAction\",\"target\":{\"@type\":\"EntryPoint\",\"urlTemplate\":\"https:\/\/cordula-boehm.de\/?s={search_term_string}\"},\"query-input\":{\"@type\":\"PropertyValueSpecification\",\"valueRequired\":true,\"valueName\":\"search_term_string\"}}],\"inLanguage\":\"en-US\"}]}<\/script>\n<!-- \/ Yoast SEO plugin. -->","yoast_head_json":{"title":"Angebote - Cordula B\u00f6hm","description":"Wenn du dir eine der folgenden oder \u00e4hnliche Fragen stellst, dann ist COACHING TO THE CORE eine gute Option einer L\u00f6sung auf die Spur zu kommen.","robots":{"index":"index","follow":"follow","max-snippet":"max-snippet:-1","max-image-preview":"max-image-preview:large","max-video-preview":"max-video-preview:-1"},"canonical":"https:\/\/cordula-boehm.de\/en\/leistungen\/","og_locale":"en_US","og_type":"article","og_title":"Angebote - Cordula B\u00f6hm","og_description":"Wenn du dir eine der folgenden oder \u00e4hnliche Fragen stellst, dann ist COACHING TO THE CORE eine gute Option einer L\u00f6sung auf die Spur zu kommen.","og_url":"https:\/\/cordula-boehm.de\/en\/leistungen\/","og_site_name":"Cordula B\u00f6hm","article_modified_time":"2023-01-15T16:59:28+00:00","twitter_card":"summary_large_image","twitter_misc":{"Est. reading time":"8 minutes"},"schema":{"@context":"https:\/\/schema.org","@graph":[{"@type":"WebPage","@id":"https:\/\/cordula-boehm.de\/leistungen\/","url":"https:\/\/cordula-boehm.de\/leistungen\/","name":"Angebote - Cordula B\u00f6hm","isPartOf":{"@id":"https:\/\/cordula-boehm.de\/#website"},"datePublished":"2019-04-02T09:03:08+00:00","dateModified":"2023-01-15T16:59:28+00:00","description":"Wenn du dir eine der folgenden oder \u00e4hnliche Fragen stellst, dann ist COACHING TO THE CORE eine gute Option einer L\u00f6sung auf die Spur zu kommen.","breadcrumb":{"@id":"https:\/\/cordula-boehm.de\/leistungen\/#breadcrumb"},"inLanguage":"en-US","potentialAction":[{"@type":"ReadAction","target":["https:\/\/cordula-boehm.de\/leistungen\/"]}]},{"@type":"BreadcrumbList","@id":"https:\/\/cordula-boehm.de\/leistungen\/#breadcrumb","itemListElement":[{"@type":"ListItem","position":1,"name":"Startseite","item":"https:\/\/cordula-boehm.de\/"},{"@type":"ListItem","position":2,"name":"Leistungen"}]},{"@type":"WebSite","@id":"https:\/\/cordula-boehm.de\/#website","url":"https:\/\/cordula-boehm.de\/","name":"Cordula B\u00f6hm","description":"to the core - Online Coaching","potentialAction":[{"@type":"SearchAction","target":{"@type":"EntryPoint","urlTemplate":"https:\/\/cordula-boehm.de\/?s={search_term_string}"},"query-input":{"@type":"PropertyValueSpecification","valueRequired":true,"valueName":"search_term_string"}}],"inLanguage":"en-US"}]}},"_links":{"self":[{"href":"http:\/\/cordula-boehm.de\/en\/wp-json\/wp\/v2\/pages\/9657","targetHints":{"allow":["GET"]}}],"collection":[{"href":"http:\/\/cordula-boehm.de\/en\/wp-json\/wp\/v2\/pages"}],"about":[{"href":"http:\/\/cordula-boehm.de\/en\/wp-json\/wp\/v2\/types\/page"}],"author":[{"embeddable":true,"href":"http:\/\/cordula-boehm.de\/en\/wp-json\/wp\/v2\/users\/2"}],"replies":[{"embeddable":true,"href":"http:\/\/cordula-boehm.de\/en\/wp-json\/wp\/v2\/comments?post=9657"}],"version-history":[{"count":8,"href":"http:\/\/cordula-boehm.de\/en\/wp-json\/wp\/v2\/pages\/9657\/revisions"}],"predecessor-version":[{"id":12977,"href":"http:\/\/cordula-boehm.de\/en\/wp-json\/wp\/v2\/pages\/9657\/revisions\/12977"}],"wp:attachment":[{"href":"http:\/\/cordula-boehm.de\/en\/wp-json\/wp\/v2\/media?parent=9657"}],"curies":[{"name":"wp","href":"https:\/\/api.w.org\/{rel}","templated":true}]}}