{"id":9797,"date":"2019-05-08T17:29:50","date_gmt":"2019-05-08T15:29:50","guid":{"rendered":"https:\/\/cordula-boehm.de\/?page_id=9797"},"modified":"2024-12-06T17:14:06","modified_gmt":"2024-12-06T16:14:06","slug":"erstgespraech-buchen","status":"publish","type":"page","link":"http:\/\/cordula-boehm.de\/en\/erstgespraech-buchen\/","title":{"rendered":"Erstgespr\u00e4ch buchen"},"content":{"rendered":"<p>[et_pb_section fb_built=&#8220;1&#8243; _builder_version=&#8220;4.16&#8243; background_color=&#8220;#f2f2f2&#8243; custom_padding=&#8220;0|0px|0|0px|false|false&#8220; global_colors_info=&#8220;{}&#8220;][et_pb_row _builder_version=&#8220;4.16&#8243; background_size=&#8220;initial&#8220; background_position=&#8220;top_left&#8220; background_repeat=&#8220;repeat&#8220; module_alignment=&#8220;center&#8220; custom_margin=&#8220;|||&#8220; custom_padding=&#8220;35px||27px||false|false&#8220; global_colors_info=&#8220;{}&#8220;][et_pb_column type=&#8220;4_4&#8243; _builder_version=&#8220;4.16&#8243; custom_padding=&#8220;|||&#8220; global_colors_info=&#8220;{}&#8220; custom_padding__hover=&#8220;|||&#8220;][et_pb_text _builder_version=&#8220;4.16&#8243; text_font=&#8220;Montserrat|300|||||||&#8220; header_font=&#8220;||||||||&#8220; header_3_font=&#8220;Montserrat|300|||||||&#8220; header_3_text_color=&#8220;#27563d&#8220; header_3_font_size=&#8220;36px&#8220; header_3_line_height=&#8220;1.2em&#8220; header_3_font_size_tablet=&#8220;&#8220; header_3_font_size_phone=&#8220;26px&#8220; header_3_font_size_last_edited=&#8220;on|phone&#8220; global_colors_info=&#8220;{}&#8220;]<\/p>\n<h3 style=\"text-align: center;\">Buche jetzt dein kostenloses Beratungsgespr\u00e4ch<\/h3>\n<p>[\/et_pb_text][et_pb_contact_form _builder_version=&#8220;4.22.1&#8243; _module_preset=&#8220;default&#8220; _unique_id=&#8220;de11dec4-82c2-4cd9-b1cc-a49a41adc95d&#8220; global_colors_info=&#8220;{}&#8220;][et_pb_contact_field field_id=&#8220;Name&#8220; field_title=&#8220;Name&#8220; _builder_version=&#8220;4.16&#8243; global_colors_info=&#8220;{}&#8220; button_text_size__hover_enabled=&#8220;off&#8220; button_one_text_size__hover_enabled=&#8220;off&#8220; button_two_text_size__hover_enabled=&#8220;off&#8220; button_text_color__hover_enabled=&#8220;off&#8220; button_one_text_color__hover_enabled=&#8220;off&#8220; button_two_text_color__hover_enabled=&#8220;off&#8220; button_border_width__hover_enabled=&#8220;off&#8220; button_one_border_width__hover_enabled=&#8220;off&#8220; button_two_border_width__hover_enabled=&#8220;off&#8220; button_border_color__hover_enabled=&#8220;off&#8220; button_one_border_color__hover_enabled=&#8220;off&#8220; button_two_border_color__hover_enabled=&#8220;off&#8220; button_border_radius__hover_enabled=&#8220;off&#8220; button_one_border_radius__hover_enabled=&#8220;off&#8220; button_two_border_radius__hover_enabled=&#8220;off&#8220; button_letter_spacing__hover_enabled=&#8220;off&#8220; button_one_letter_spacing__hover_enabled=&#8220;off&#8220; button_two_letter_spacing__hover_enabled=&#8220;off&#8220; button_bg_color__hover_enabled=&#8220;off&#8220; button_one_bg_color__hover_enabled=&#8220;off&#8220; button_two_bg_color__hover_enabled=&#8220;off&#8220;][\/et_pb_contact_field][et_pb_contact_field field_id=&#8220;Email&#8220; field_title=&#8220;E-Mail-Adresse&#8220; field_type=&#8220;email&#8220; _builder_version=&#8220;4.16&#8243; global_colors_info=&#8220;{}&#8220; button_text_size__hover_enabled=&#8220;off&#8220; button_one_text_size__hover_enabled=&#8220;off&#8220; button_two_text_size__hover_enabled=&#8220;off&#8220; button_text_color__hover_enabled=&#8220;off&#8220; button_one_text_color__hover_enabled=&#8220;off&#8220; button_two_text_color__hover_enabled=&#8220;off&#8220; button_border_width__hover_enabled=&#8220;off&#8220; button_one_border_width__hover_enabled=&#8220;off&#8220; button_two_border_width__hover_enabled=&#8220;off&#8220; button_border_color__hover_enabled=&#8220;off&#8220; button_one_border_color__hover_enabled=&#8220;off&#8220; button_two_border_color__hover_enabled=&#8220;off&#8220; button_border_radius__hover_enabled=&#8220;off&#8220; button_one_border_radius__hover_enabled=&#8220;off&#8220; button_two_border_radius__hover_enabled=&#8220;off&#8220; button_letter_spacing__hover_enabled=&#8220;off&#8220; button_one_letter_spacing__hover_enabled=&#8220;off&#8220; button_two_letter_spacing__hover_enabled=&#8220;off&#8220; button_bg_color__hover_enabled=&#8220;off&#8220; button_one_bg_color__hover_enabled=&#8220;off&#8220; button_two_bg_color__hover_enabled=&#8220;off&#8220;][\/et_pb_contact_field][et_pb_contact_field field_id=&#8220;Message&#8220; field_title=&#8220;Nachricht&#8220; field_type=&#8220;text&#8220; fullwidth_field=&#8220;on&#8220; _builder_version=&#8220;4.16&#8243; global_colors_info=&#8220;{}&#8220; button_text_size__hover_enabled=&#8220;off&#8220; button_one_text_size__hover_enabled=&#8220;off&#8220; button_two_text_size__hover_enabled=&#8220;off&#8220; button_text_color__hover_enabled=&#8220;off&#8220; button_one_text_color__hover_enabled=&#8220;off&#8220; button_two_text_color__hover_enabled=&#8220;off&#8220; button_border_width__hover_enabled=&#8220;off&#8220; button_one_border_width__hover_enabled=&#8220;off&#8220; button_two_border_width__hover_enabled=&#8220;off&#8220; button_border_color__hover_enabled=&#8220;off&#8220; button_one_border_color__hover_enabled=&#8220;off&#8220; button_two_border_color__hover_enabled=&#8220;off&#8220; button_border_radius__hover_enabled=&#8220;off&#8220; button_one_border_radius__hover_enabled=&#8220;off&#8220; button_two_border_radius__hover_enabled=&#8220;off&#8220; button_letter_spacing__hover_enabled=&#8220;off&#8220; button_one_letter_spacing__hover_enabled=&#8220;off&#8220; button_two_letter_spacing__hover_enabled=&#8220;off&#8220; button_bg_color__hover_enabled=&#8220;off&#8220; button_one_bg_color__hover_enabled=&#8220;off&#8220; button_two_bg_color__hover_enabled=&#8220;off&#8220;][\/et_pb_contact_field][\/et_pb_contact_form][\/et_pb_column][\/et_pb_row][\/et_pb_section][et_pb_section fb_built=&#8220;1&#8243; admin_label=&#8220;Footer&#8220; _builder_version=&#8220;3.23.3&#8243; background_color=&#8220;#eff0f4&#8243; min_height=&#8220;253.1px&#8220; custom_padding=&#8220;1px|0px||0px|false|false&#8220; global_module=&#8220;10790&#8243; global_colors_info=&#8220;{}&#8220;][et_pb_row column_structure=&#8220;1_4,1_4,1_4,1_4&#8243; make_equal=&#8220;on&#8220; _builder_version=&#8220;4.16&#8243; global_colors_info=&#8220;{}&#8220;][et_pb_column type=&#8220;1_4&#8243; _builder_version=&#8220;4.16&#8243; custom_padding=&#8220;|||&#8220; custom_css_main_element=&#8220;margin:auto;&#8220; global_colors_info=&#8220;{}&#8220; custom_padding__hover=&#8220;|||&#8220;][et_pb_text _builder_version=&#8220;4.16&#8243; text_font=&#8220;Montserrat|300|||||||&#8220; text_text_color=&#8220;#969696&#8243; text_font_size=&#8220;18px&#8220; text_line_height=&#8220;1.3em&#8220; header_font=&#8220;||||||||&#8220; header_text_color=&#8220;#ffbf20&#8243; global_colors_info=&#8220;{}&#8220;]<\/p>\n<p><span style=\"color: #27563d;\">cordula b\u00f6hm<\/span><br \/><span style=\"color: #a83746;\">TO THE CORE<\/span><br \/><span style=\"color: #ffbf20;\">online coaching<\/span><\/p>\n<p>[\/et_pb_text][\/et_pb_column][et_pb_column type=&#8220;1_4&#8243; _builder_version=&#8220;4.16&#8243; custom_padding=&#8220;|||&#8220; global_colors_info=&#8220;{}&#8220; custom_padding__hover=&#8220;|||&#8220;][et_pb_text _builder_version=&#8220;4.16&#8243; text_font=&#8220;Montserrat|300|||||||&#8220; text_text_color=&#8220;#27563d&#8220; text_font_size=&#8220;14px&#8220; header_font=&#8220;||||||||&#8220; header_5_font=&#8220;Montserrat||||||||&#8220; header_6_font=&#8220;Montserrat||||||||&#8220; header_6_text_color=&#8220;#a83746&#8243; text_text_align=&#8220;left&#8220; global_colors_info=&#8220;{}&#8220;]<\/p>\n<p><span style=\"color: #993366;\">AS YOUR COACH<\/span><\/p>\n<p><span style=\"color: #993366;\">I accompany and support you in changes and life transitions on your way to a powerful colorful life.<\/span><\/p>\n<p>[\/et_pb_text][\/et_pb_column][et_pb_column type=&#8220;1_4&#8243; _builder_version=&#8220;4.16&#8243; custom_padding=&#8220;|||&#8220; global_colors_info=&#8220;{}&#8220; custom_padding__hover=&#8220;|||&#8220;][et_pb_text _builder_version=&#8220;4.16&#8243; text_font=&#8220;Montserrat|300|||||||&#8220; text_text_color=&#8220;#27563d&#8220; text_font_size=&#8220;14px&#8220; header_font=&#8220;||||||||&#8220; header_5_font=&#8220;Montserrat||||||||&#8220; header_6_font=&#8220;Montserrat||||||||&#8220; header_6_text_color=&#8220;#a83746&#8243; text_text_align=&#8220;left&#8220; global_colors_info=&#8220;{}&#8220;]<\/p>\n<h6>Get in touch!<\/h6>\n<p>info@cordula-boehm.de<br \/> <a href=\"\/impressum\/\">Impressum<\/a> \/ <a href=\"\/datenschutz\/\">Datenschutz<\/a><\/p>\n<p>Alle Rechte vorbehalten<\/p>\n<p>[\/et_pb_text][\/et_pb_column][et_pb_column type=&#8220;1_4&#8243; _builder_version=&#8220;4.16&#8243; custom_padding=&#8220;|||&#8220; global_colors_info=&#8220;{}&#8220; custom_padding__hover=&#8220;|||&#8220;][et_pb_text _builder_version=&#8220;4.16&#8243; text_font=&#8220;Montserrat||||||||&#8220; text_text_color=&#8220;#27563d&#8220; text_font_size=&#8220;14px&#8220; header_font=&#8220;||||||||&#8220; header_5_font=&#8220;Montserrat||||||||&#8220; header_6_font=&#8220;Montserrat||||||||&#8220; header_6_text_color=&#8220;#a83746&#8243; custom_margin=&#8220;||-1px|||&#8220; text_text_align=&#8220;left&#8220; global_colors_info=&#8220;{}&#8220;]<\/p>\n<h6>Follow me here<\/h6>\n<p>[\/et_pb_text][et_pb_social_media_follow icon_color=&#8220;#ffffff&#8220; _builder_version=&#8220;4.16&#8243; custom_button=&#8220;on&#8220; button_text_color=&#8220;#ffffff&#8220; button_font=&#8220;||||||||&#8220; custom_margin=&#8220;6px|||||&#8220; border_radii=&#8220;on|100px|100px|100px|100px&#8220; border_color_all=&#8220;#27563d&#8220; global_colors_info=&#8220;{}&#8220;][et_pb_social_media_follow_network social_network=&#8220;facebook&#8220; url=&#8220;http:\/\/www.facebook.com\/boehm.cordula&#8220; icon_color=&#8220;#ffffff&#8220; _builder_version=&#8220;4.16&#8243; background_color=&#8220;#3b5998&#8243; global_colors_info=&#8220;{}&#8220; follow_button=&#8220;off&#8220; url_new_window=&#8220;on&#8220;]facebook[\/et_pb_social_media_follow_network][et_pb_social_media_follow_network social_network=&#8220;instagram&#8220; url=&#8220;https:\/\/www.instagram.com\/tothecore.onlinecoaching\/&#8220; _builder_version=&#8220;4.16&#8243; background_color=&#8220;#ea2c59&#8243; global_colors_info=&#8220;{}&#8220; follow_button=&#8220;off&#8220; url_new_window=&#8220;on&#8220;]instagram[\/et_pb_social_media_follow_network][\/et_pb_social_media_follow][et_pb_social_media_follow icon_color=&#8220;#ffffff&#8220; disabled_on=&#8220;on|on|on&#8220; _builder_version=&#8220;4.16&#8243; custom_button=&#8220;on&#8220; button_text_color=&#8220;#ffffff&#8220; button_font=&#8220;||||||||&#8220; custom_margin=&#8220;6px|||||&#8220; border_radii=&#8220;on|100px|100px|100px|100px&#8220; border_color_all=&#8220;#27563d&#8220; disabled=&#8220;on&#8220; global_colors_info=&#8220;{}&#8220;][et_pb_social_media_follow_network social_network=&#8220;facebook&#8220; url=&#8220;http:\/\/Facebook.com\/boehm.cordula&#8220; icon_color=&#8220;#ffffff&#8220; _builder_version=&#8220;4.16&#8243; background_color=&#8220;#3b5998&#8243; global_colors_info=&#8220;{}&#8220; follow_button=&#8220;off&#8220; url_new_window=&#8220;on&#8220;]facebook[\/et_pb_social_media_follow_network][et_pb_social_media_follow_network social_network=&#8220;instagram&#8220; url=&#8220;https:\/\/www.instagram.com\/tothecore.onlinecoaching\/&#8220; _builder_version=&#8220;4.16&#8243; background_color=&#8220;#ea2c59&#8243; global_colors_info=&#8220;{}&#8220; follow_button=&#8220;off&#8220; url_new_window=&#8220;on&#8220;]instagram[\/et_pb_social_media_follow_network][\/et_pb_social_media_follow][\/et_pb_column][\/et_pb_row][\/et_pb_section]<\/p>\n<span class=\"et_bloom_bottom_trigger\"><\/span>","protected":false},"excerpt":{"rendered":"<p>Buche jetzt dein kostenloses Beratungsgespr\u00e4chcordula b\u00f6hmTO THE COREonline coachingAS YOUR COACH I accompany and support you in changes and life transitions on your way to a powerful colorful life.Get in touch! info@cordula-boehm.de Impressum \/ Datenschutz Alle Rechte vorbehaltenFollow me here<\/p>","protected":false},"author":2,"featured_media":0,"parent":0,"menu_order":0,"comment_status":"closed","ping_status":"closed","template":"","meta":{"_acf_changed":false,"_et_pb_use_builder":"on","_et_pb_old_content":"","_et_gb_content_width":"","om_disable_all_campaigns":false,"_monsterinsights_skip_tracking":false,"_monsterinsights_sitenote_active":false,"_monsterinsights_sitenote_note":"","_monsterinsights_sitenote_category":0,"footnotes":""},"class_list":["post-9797","page","type-page","status-publish","hentry"],"acf":[],"yoast_head":"<!-- This site is optimized with the Yoast SEO plugin v27.0 - https:\/\/yoast.com\/product\/yoast-seo-wordpress\/ -->\n<title>Erstgespr\u00e4ch buchen - Cordula B\u00f6hm<\/title>\n<meta name=\"robots\" content=\"index, follow, max-snippet:-1, max-image-preview:large, max-video-preview:-1\" \/>\n<link rel=\"canonical\" href=\"https:\/\/cordula-boehm.de\/en\/erstgespraech-buchen\/\" \/>\n<meta property=\"og:locale\" content=\"en_US\" \/>\n<meta property=\"og:type\" content=\"article\" \/>\n<meta property=\"og:title\" content=\"Erstgespr\u00e4ch buchen - Cordula B\u00f6hm\" \/>\n<meta property=\"og:description\" content=\"Buche jetzt dein kostenloses Beratungsgespr\u00e4chcordula b\u00f6hmTO THE COREonline coachingAS YOUR COACH I accompany and support you in changes and life transitions on your way to a powerful colorful life.Get in touch! info@cordula-boehm.de Impressum \/ Datenschutz Alle Rechte vorbehaltenFollow me here\" \/>\n<meta property=\"og:url\" content=\"https:\/\/cordula-boehm.de\/en\/erstgespraech-buchen\/\" \/>\n<meta property=\"og:site_name\" content=\"Cordula B\u00f6hm\" \/>\n<meta property=\"article:modified_time\" content=\"2024-12-06T16:14:06+00:00\" \/>\n<meta name=\"twitter:card\" content=\"summary_large_image\" \/>\n<meta name=\"twitter:label1\" content=\"Est. reading time\" \/>\n\t<meta name=\"twitter:data1\" content=\"1 minute\" \/>\n<script type=\"application\/ld+json\" class=\"yoast-schema-graph\">{\"@context\":\"https:\/\/schema.org\",\"@graph\":[{\"@type\":\"WebPage\",\"@id\":\"https:\/\/cordula-boehm.de\/erstgespraech-buchen\/\",\"url\":\"https:\/\/cordula-boehm.de\/erstgespraech-buchen\/\",\"name\":\"Erstgespr\u00e4ch buchen - Cordula B\u00f6hm\",\"isPartOf\":{\"@id\":\"https:\/\/cordula-boehm.de\/#website\"},\"datePublished\":\"2019-05-08T15:29:50+00:00\",\"dateModified\":\"2024-12-06T16:14:06+00:00\",\"breadcrumb\":{\"@id\":\"https:\/\/cordula-boehm.de\/erstgespraech-buchen\/#breadcrumb\"},\"inLanguage\":\"en-US\",\"potentialAction\":[{\"@type\":\"ReadAction\",\"target\":[\"https:\/\/cordula-boehm.de\/erstgespraech-buchen\/\"]}]},{\"@type\":\"BreadcrumbList\",\"@id\":\"https:\/\/cordula-boehm.de\/erstgespraech-buchen\/#breadcrumb\",\"itemListElement\":[{\"@type\":\"ListItem\",\"position\":1,\"name\":\"Startseite\",\"item\":\"https:\/\/cordula-boehm.de\/\"},{\"@type\":\"ListItem\",\"position\":2,\"name\":\"Erstgespr\u00e4ch buchen\"}]},{\"@type\":\"WebSite\",\"@id\":\"https:\/\/cordula-boehm.de\/#website\",\"url\":\"https:\/\/cordula-boehm.de\/\",\"name\":\"Cordula B\u00f6hm\",\"description\":\"to the core - Online Coaching\",\"potentialAction\":[{\"@type\":\"SearchAction\",\"target\":{\"@type\":\"EntryPoint\",\"urlTemplate\":\"https:\/\/cordula-boehm.de\/?s={search_term_string}\"},\"query-input\":{\"@type\":\"PropertyValueSpecification\",\"valueRequired\":true,\"valueName\":\"search_term_string\"}}],\"inLanguage\":\"en-US\"}]}<\/script>\n<!-- \/ Yoast SEO plugin. -->","yoast_head_json":{"title":"Erstgespr\u00e4ch buchen - Cordula B\u00f6hm","robots":{"index":"index","follow":"follow","max-snippet":"max-snippet:-1","max-image-preview":"max-image-preview:large","max-video-preview":"max-video-preview:-1"},"canonical":"https:\/\/cordula-boehm.de\/en\/erstgespraech-buchen\/","og_locale":"en_US","og_type":"article","og_title":"Erstgespr\u00e4ch buchen - Cordula B\u00f6hm","og_description":"Buche jetzt dein kostenloses Beratungsgespr\u00e4chcordula b\u00f6hmTO THE COREonline coachingAS YOUR COACH I accompany and support you in changes and life transitions on your way to a powerful colorful life.Get in touch! info@cordula-boehm.de Impressum \/ Datenschutz Alle Rechte vorbehaltenFollow me here","og_url":"https:\/\/cordula-boehm.de\/en\/erstgespraech-buchen\/","og_site_name":"Cordula B\u00f6hm","article_modified_time":"2024-12-06T16:14:06+00:00","twitter_card":"summary_large_image","twitter_misc":{"Est. reading time":"1 minute"},"schema":{"@context":"https:\/\/schema.org","@graph":[{"@type":"WebPage","@id":"https:\/\/cordula-boehm.de\/erstgespraech-buchen\/","url":"https:\/\/cordula-boehm.de\/erstgespraech-buchen\/","name":"Erstgespr\u00e4ch buchen - Cordula B\u00f6hm","isPartOf":{"@id":"https:\/\/cordula-boehm.de\/#website"},"datePublished":"2019-05-08T15:29:50+00:00","dateModified":"2024-12-06T16:14:06+00:00","breadcrumb":{"@id":"https:\/\/cordula-boehm.de\/erstgespraech-buchen\/#breadcrumb"},"inLanguage":"en-US","potentialAction":[{"@type":"ReadAction","target":["https:\/\/cordula-boehm.de\/erstgespraech-buchen\/"]}]},{"@type":"BreadcrumbList","@id":"https:\/\/cordula-boehm.de\/erstgespraech-buchen\/#breadcrumb","itemListElement":[{"@type":"ListItem","position":1,"name":"Startseite","item":"https:\/\/cordula-boehm.de\/"},{"@type":"ListItem","position":2,"name":"Erstgespr\u00e4ch buchen"}]},{"@type":"WebSite","@id":"https:\/\/cordula-boehm.de\/#website","url":"https:\/\/cordula-boehm.de\/","name":"Cordula B\u00f6hm","description":"to the core - Online Coaching","potentialAction":[{"@type":"SearchAction","target":{"@type":"EntryPoint","urlTemplate":"https:\/\/cordula-boehm.de\/?s={search_term_string}"},"query-input":{"@type":"PropertyValueSpecification","valueRequired":true,"valueName":"search_term_string"}}],"inLanguage":"en-US"}]}},"_links":{"self":[{"href":"http:\/\/cordula-boehm.de\/en\/wp-json\/wp\/v2\/pages\/9797","targetHints":{"allow":["GET"]}}],"collection":[{"href":"http:\/\/cordula-boehm.de\/en\/wp-json\/wp\/v2\/pages"}],"about":[{"href":"http:\/\/cordula-boehm.de\/en\/wp-json\/wp\/v2\/types\/page"}],"author":[{"embeddable":true,"href":"http:\/\/cordula-boehm.de\/en\/wp-json\/wp\/v2\/users\/2"}],"replies":[{"embeddable":true,"href":"http:\/\/cordula-boehm.de\/en\/wp-json\/wp\/v2\/comments?post=9797"}],"version-history":[{"count":9,"href":"http:\/\/cordula-boehm.de\/en\/wp-json\/wp\/v2\/pages\/9797\/revisions"}],"predecessor-version":[{"id":13820,"href":"http:\/\/cordula-boehm.de\/en\/wp-json\/wp\/v2\/pages\/9797\/revisions\/13820"}],"wp:attachment":[{"href":"http:\/\/cordula-boehm.de\/en\/wp-json\/wp\/v2\/media?parent=9797"}],"curies":[{"name":"wp","href":"https:\/\/api.w.org\/{rel}","templated":true}]}}