{"id":10717,"date":"2019-05-12T19:36:15","date_gmt":"2019-05-12T17:36:15","guid":{"rendered":"https:\/\/cordula-boehm.de\/?page_id=10717"},"modified":"2023-01-15T17:59:28","modified_gmt":"2023-01-15T16:59:28","slug":"bitte-bestaetige-deine-e-mail-adresse","status":"publish","type":"page","link":"https:\/\/cordula-boehm.de\/en\/bitte-bestaetige-deine-e-mail-adresse\/","title":{"rendered":"Bitte best\u00e4tige deine E-Mail Adresse"},"content":{"rendered":"<p>[et_pb_section fb_built=&#8220;1&#8243; _builder_version=&#8220;3.22.7&#8243; min_height=&#8220;80vh&#8220;][et_pb_row custom_css_main_1=&#8220;margin:auto;&#8220; _builder_version=&#8220;3.22.7&#8243; module_alignment=&#8220;center&#8220; min_height=&#8220;179px&#8220;][et_pb_column type=&#8220;4_4&#8243; _builder_version=&#8220;3.22.7&#8243;][et_pb_text _builder_version=&#8220;3.22.7&#8243; text_font=&#8220;Aileron Regular||||||||&#8220; text_text_color=&#8220;#a83746&#8243; text_font_size=&#8220;54px&#8220; text_font_size_phone=&#8220;32px&#8220; text_font_size_last_edited=&#8220;on|desktop&#8220; text_line_height=&#8220;1.3em&#8220; header_font=&#8220;Montserrat||||||||&#8220; header_text_color=&#8220;#ffffff&#8220; header_5_font=&#8220;Playlist Script||||||||&#8220; header_5_text_color=&#8220;#27563d&#8220; header_5_font_size=&#8220;26px&#8220; header_6_font=&#8220;Aileron Regular||||||||&#8220; header_6_text_color=&#8220;#27563d&#8220; header_6_font_size=&#8220;21px&#8220; header_6_font_size_tablet=&#8220;18px&#8220; header_6_font_size_phone=&#8220;14px&#8220; header_6_font_size_last_edited=&#8220;on|tablet&#8220; header_6_line_height=&#8220;1.2em&#8220; text_orientation=&#8220;center&#8220;]<\/p>\n<p>Bitte best\u00e4tige deine E-Mail Adresse<\/p>\n<h6>Damit du dein Gratis-Freebie erhalten kannst, musst du noch deine E-Mail Adresse best\u00e4tigen. Hierzu ist eine E-Mail bereits auf dem Weg zu dir. Bitte klicke auf den Link in der E-Mail.<br \/>\n<\/h6>\n<p>[\/et_pb_text][\/et_pb_column][\/et_pb_row][\/et_pb_section][et_pb_section fb_built=&#8220;1&#8243; _builder_version=&#8220;3.22.3&#8243; background_color=&#8220;#fcfcfc&#8220; custom_padding=&#8220;0|0px|0|0px|false|false&#8220; global_module=&#8220;10790&#8243;][et_pb_row _builder_version=&#8220;3.22.3&#8243;][et_pb_column type=&#8220;1_3&#8243; _builder_version=&#8220;3.21.1&#8243;][et_pb_text _builder_version=&#8220;3.22.7&#8243; text_font=&#8220;Aileron Regular||||||||&#8220; text_text_color=&#8220;#969696&#8243; text_font_size=&#8220;12px&#8220;]<\/p>\n<p><span>Copyright \u00a9 Cordula B\u00f6hm<\/span><\/p>\n<p>[\/et_pb_text][\/et_pb_column][et_pb_column type=&#8220;1_3&#8243; _builder_version=&#8220;3.21.1&#8243;][et_pb_text _builder_version=&#8220;3.22.7&#8243; text_font=&#8220;Aileron Regular||||||||&#8220; text_text_color=&#8220;#969696&#8243; text_font_size=&#8220;12px&#8220; text_orientation=&#8220;center&#8220;]<\/p>\n<p><a href=\"\/impressum\">Impressum<\/a> <a href=\"\/datenschutz\">Datenschutz<\/a><\/p>\n<p>[\/et_pb_text][\/et_pb_column][et_pb_column type=&#8220;1_3&#8243; _builder_version=&#8220;3.21.1&#8243;][et_pb_text _builder_version=&#8220;3.22.7&#8243; text_font=&#8220;Aileron Regular||||||||&#8220; text_text_color=&#8220;#969696&#8243; text_font_size=&#8220;12px&#8220; text_orientation=&#8220;right&#8220;]<\/p>\n<p><span>Designed by LoveMarketing<\/span><\/p>\n<p>[\/et_pb_text][\/et_pb_column][\/et_pb_row][\/et_pb_section]<\/p>\n<span class=\"et_bloom_bottom_trigger\"><\/span>","protected":false},"excerpt":{"rendered":"<p>Bitte best\u00e4tige deine E-Mail Adresse Damit du dein Gratis-Freebie erhalten kannst, musst du noch deine E-Mail Adresse best\u00e4tigen. Hierzu ist eine E-Mail bereits auf dem Weg zu dir. Bitte klicke auf den Link in der E-Mail. Copyright \u00a9 Cordula B\u00f6hmImpressum DatenschutzDesigned by LoveMarketing<\/p>","protected":false},"author":2,"featured_media":0,"parent":0,"menu_order":0,"comment_status":"closed","ping_status":"closed","template":"","meta":{"_acf_changed":false,"_et_pb_use_builder":"on","_et_pb_old_content":"","_et_gb_content_width":"","om_disable_all_campaigns":false,"_monsterinsights_skip_tracking":false,"_monsterinsights_sitenote_active":false,"_monsterinsights_sitenote_note":"","_monsterinsights_sitenote_category":0,"footnotes":""},"class_list":["post-10717","page","type-page","status-publish","hentry"],"acf":[],"yoast_head":"<!-- This site is optimized with the Yoast SEO plugin v27.0 - https:\/\/yoast.com\/product\/yoast-seo-wordpress\/ -->\n<title>Bitte best\u00e4tige deine E-Mail Adresse - Cordula B\u00f6hm<\/title>\n<meta name=\"robots\" content=\"index, follow, max-snippet:-1, max-image-preview:large, max-video-preview:-1\" \/>\n<link rel=\"canonical\" href=\"https:\/\/cordula-boehm.de\/en\/bitte-bestaetige-deine-e-mail-adresse\/\" \/>\n<meta property=\"og:locale\" content=\"en_US\" \/>\n<meta property=\"og:type\" content=\"article\" \/>\n<meta property=\"og:title\" content=\"Bitte best\u00e4tige deine E-Mail Adresse - Cordula B\u00f6hm\" \/>\n<meta property=\"og:description\" content=\"Bitte best\u00e4tige deine E-Mail Adresse Damit du dein Gratis-Freebie erhalten kannst, musst du noch deine E-Mail Adresse best\u00e4tigen. Hierzu ist eine E-Mail bereits auf dem Weg zu dir. Bitte klicke auf den Link in der E-Mail. Copyright \u00a9 Cordula B\u00f6hmImpressum DatenschutzDesigned by LoveMarketing\" \/>\n<meta property=\"og:url\" content=\"https:\/\/cordula-boehm.de\/en\/bitte-bestaetige-deine-e-mail-adresse\/\" \/>\n<meta property=\"og:site_name\" content=\"Cordula B\u00f6hm\" \/>\n<meta property=\"article:modified_time\" content=\"2023-01-15T16:59:28+00:00\" \/>\n<meta name=\"twitter:card\" content=\"summary_large_image\" \/>\n<meta name=\"twitter:label1\" content=\"Est. reading time\" \/>\n\t<meta name=\"twitter:data1\" content=\"1 minute\" \/>\n<script type=\"application\/ld+json\" class=\"yoast-schema-graph\">{\"@context\":\"https:\/\/schema.org\",\"@graph\":[{\"@type\":\"WebPage\",\"@id\":\"https:\/\/cordula-boehm.de\/bitte-bestaetige-deine-e-mail-adresse\/\",\"url\":\"https:\/\/cordula-boehm.de\/bitte-bestaetige-deine-e-mail-adresse\/\",\"name\":\"Bitte best\u00e4tige deine E-Mail Adresse - Cordula B\u00f6hm\",\"isPartOf\":{\"@id\":\"https:\/\/cordula-boehm.de\/#website\"},\"datePublished\":\"2019-05-12T17:36:15+00:00\",\"dateModified\":\"2023-01-15T16:59:28+00:00\",\"breadcrumb\":{\"@id\":\"https:\/\/cordula-boehm.de\/bitte-bestaetige-deine-e-mail-adresse\/#breadcrumb\"},\"inLanguage\":\"en-US\",\"potentialAction\":[{\"@type\":\"ReadAction\",\"target\":[\"https:\/\/cordula-boehm.de\/bitte-bestaetige-deine-e-mail-adresse\/\"]}]},{\"@type\":\"BreadcrumbList\",\"@id\":\"https:\/\/cordula-boehm.de\/bitte-bestaetige-deine-e-mail-adresse\/#breadcrumb\",\"itemListElement\":[{\"@type\":\"ListItem\",\"position\":1,\"name\":\"Startseite\",\"item\":\"https:\/\/cordula-boehm.de\/\"},{\"@type\":\"ListItem\",\"position\":2,\"name\":\"Bitte best\u00e4tige deine E-Mail Adresse\"}]},{\"@type\":\"WebSite\",\"@id\":\"https:\/\/cordula-boehm.de\/#website\",\"url\":\"https:\/\/cordula-boehm.de\/\",\"name\":\"Cordula B\u00f6hm\",\"description\":\"to the core - Online Coaching\",\"potentialAction\":[{\"@type\":\"SearchAction\",\"target\":{\"@type\":\"EntryPoint\",\"urlTemplate\":\"https:\/\/cordula-boehm.de\/?s={search_term_string}\"},\"query-input\":{\"@type\":\"PropertyValueSpecification\",\"valueRequired\":true,\"valueName\":\"search_term_string\"}}],\"inLanguage\":\"en-US\"}]}<\/script>\n<!-- \/ Yoast SEO plugin. -->","yoast_head_json":{"title":"Bitte best\u00e4tige deine E-Mail Adresse - Cordula B\u00f6hm","robots":{"index":"index","follow":"follow","max-snippet":"max-snippet:-1","max-image-preview":"max-image-preview:large","max-video-preview":"max-video-preview:-1"},"canonical":"https:\/\/cordula-boehm.de\/en\/bitte-bestaetige-deine-e-mail-adresse\/","og_locale":"en_US","og_type":"article","og_title":"Bitte best\u00e4tige deine E-Mail Adresse - Cordula B\u00f6hm","og_description":"Bitte best\u00e4tige deine E-Mail Adresse Damit du dein Gratis-Freebie erhalten kannst, musst du noch deine E-Mail Adresse best\u00e4tigen. Hierzu ist eine E-Mail bereits auf dem Weg zu dir. Bitte klicke auf den Link in der E-Mail. Copyright \u00a9 Cordula B\u00f6hmImpressum DatenschutzDesigned by LoveMarketing","og_url":"https:\/\/cordula-boehm.de\/en\/bitte-bestaetige-deine-e-mail-adresse\/","og_site_name":"Cordula B\u00f6hm","article_modified_time":"2023-01-15T16:59:28+00:00","twitter_card":"summary_large_image","twitter_misc":{"Est. reading time":"1 minute"},"schema":{"@context":"https:\/\/schema.org","@graph":[{"@type":"WebPage","@id":"https:\/\/cordula-boehm.de\/bitte-bestaetige-deine-e-mail-adresse\/","url":"https:\/\/cordula-boehm.de\/bitte-bestaetige-deine-e-mail-adresse\/","name":"Bitte best\u00e4tige deine E-Mail Adresse - Cordula B\u00f6hm","isPartOf":{"@id":"https:\/\/cordula-boehm.de\/#website"},"datePublished":"2019-05-12T17:36:15+00:00","dateModified":"2023-01-15T16:59:28+00:00","breadcrumb":{"@id":"https:\/\/cordula-boehm.de\/bitte-bestaetige-deine-e-mail-adresse\/#breadcrumb"},"inLanguage":"en-US","potentialAction":[{"@type":"ReadAction","target":["https:\/\/cordula-boehm.de\/bitte-bestaetige-deine-e-mail-adresse\/"]}]},{"@type":"BreadcrumbList","@id":"https:\/\/cordula-boehm.de\/bitte-bestaetige-deine-e-mail-adresse\/#breadcrumb","itemListElement":[{"@type":"ListItem","position":1,"name":"Startseite","item":"https:\/\/cordula-boehm.de\/"},{"@type":"ListItem","position":2,"name":"Bitte best\u00e4tige deine E-Mail Adresse"}]},{"@type":"WebSite","@id":"https:\/\/cordula-boehm.de\/#website","url":"https:\/\/cordula-boehm.de\/","name":"Cordula B\u00f6hm","description":"to the core - Online Coaching","potentialAction":[{"@type":"SearchAction","target":{"@type":"EntryPoint","urlTemplate":"https:\/\/cordula-boehm.de\/?s={search_term_string}"},"query-input":{"@type":"PropertyValueSpecification","valueRequired":true,"valueName":"search_term_string"}}],"inLanguage":"en-US"}]}},"_links":{"self":[{"href":"https:\/\/cordula-boehm.de\/en\/wp-json\/wp\/v2\/pages\/10717","targetHints":{"allow":["GET"]}}],"collection":[{"href":"https:\/\/cordula-boehm.de\/en\/wp-json\/wp\/v2\/pages"}],"about":[{"href":"https:\/\/cordula-boehm.de\/en\/wp-json\/wp\/v2\/types\/page"}],"author":[{"embeddable":true,"href":"https:\/\/cordula-boehm.de\/en\/wp-json\/wp\/v2\/users\/2"}],"replies":[{"embeddable":true,"href":"https:\/\/cordula-boehm.de\/en\/wp-json\/wp\/v2\/comments?post=10717"}],"version-history":[{"count":5,"href":"https:\/\/cordula-boehm.de\/en\/wp-json\/wp\/v2\/pages\/10717\/revisions"}],"predecessor-version":[{"id":10805,"href":"https:\/\/cordula-boehm.de\/en\/wp-json\/wp\/v2\/pages\/10717\/revisions\/10805"}],"wp:attachment":[{"href":"https:\/\/cordula-boehm.de\/en\/wp-json\/wp\/v2\/media?parent=10717"}],"curies":[{"name":"wp","href":"https:\/\/api.w.org\/{rel}","templated":true}]}}