{"id":11066,"date":"2019-06-15T15:29:50","date_gmt":"2019-06-15T13:29:50","guid":{"rendered":"https:\/\/cordula-boehm.de\/?page_id=11066"},"modified":"2025-07-26T15:19:42","modified_gmt":"2025-07-26T13:19:42","slug":"so-funktionierts","status":"publish","type":"page","link":"https:\/\/cordula-boehm.de\/en\/so-funktionierts\/","title":{"rendered":"That's how it works"},"content":{"rendered":"<p>[et_pb_section fb_built=&#8220;1&#8243; _builder_version=&#8220;4.16&#8243; min_height=&#8220;70vh&#8220; custom_padding=&#8220;||0px|||&#8220; global_colors_info=&#8220;{}&#8220; da_is_popup=&#8220;off&#8220; da_exit_intent=&#8220;off&#8220; da_has_close=&#8220;on&#8220; da_alt_close=&#8220;off&#8220; da_dark_close=&#8220;off&#8220; da_not_modal=&#8220;on&#8220; da_is_singular=&#8220;off&#8220; da_with_loader=&#8220;off&#8220; da_has_shadow=&#8220;on&#8220; da_disable_devices=&#8220;off|off|off&#8220;][et_pb_row _builder_version=&#8220;4.16&#8243; module_alignment=&#8220;center&#8220; min_height=&#8220;179px&#8220; custom_margin=&#8220;|auto||128px||&#8220; custom_padding=&#8220;||0px|||&#8220; global_colors_info=&#8220;{}&#8220;][et_pb_column type=&#8220;4_4&#8243; _builder_version=&#8220;4.16&#8243; custom_padding=&#8220;|||&#8220; custom_css_main_element=&#8220;margin:auto;&#8220; global_colors_info=&#8220;{}&#8220; custom_padding__hover=&#8220;|||&#8220;][et_pb_text admin_label=&#8220;Text&#8220; _builder_version=&#8220;4.16&#8243; text_font=&#8220;Montserrat|300|||||||&#8220; text_text_color=&#8220;#000000&#8243; text_font_size=&#8220;20px&#8220; text_line_height=&#8220;1.3em&#8220; header_font=&#8220;Montserrat||||||||&#8220; header_text_color=&#8220;#ffffff&#8220; header_5_font=&#8220;Playlist Script||||||||&#8220; header_5_text_color=&#8220;#27563d&#8220; header_5_font_size=&#8220;26px&#8220; header_6_font=&#8220;Aileron Regular||||||||&#8220; header_6_text_color=&#8220;#27563d&#8220; header_6_font_size=&#8220;21px&#8220; header_6_line_height=&#8220;1.2em&#8220; text_orientation=&#8220;center&#8220; text_font_size_tablet=&#8220;&#8220; text_font_size_phone=&#8220;32px&#8220; text_font_size_last_edited=&#8220;on|desktop&#8220; header_6_font_size_tablet=&#8220;18px&#8220; header_6_font_size_phone=&#8220;14px&#8220; header_6_font_size_last_edited=&#8220;on|tablet&#8220; inline_fonts=&#8220;Montserrat&#8220; global_colors_info=&#8220;{}&#8220;]<\/p>\n<p style=\"text-align: left;\"><span style=\"color: #27563d;\"><span class=\"s1\"><b><img loading=\"lazy\" decoding=\"async\" src=\"https:\/\/cordula-boehm.de\/wp-content\/uploads\/2019\/05\/IMG-7012-255x300.jpg\" width=\"296\" height=\"348\" alt=\"\" class=\"wp-image-10852 alignnone size-medium\" style=\"float: right;\" srcset=\"https:\/\/cordula-boehm.de\/wp-content\/uploads\/2019\/05\/IMG-7012-255x300.jpg 255w, https:\/\/cordula-boehm.de\/wp-content\/uploads\/2019\/05\/IMG-7012-768x905.jpg 768w, https:\/\/cordula-boehm.de\/wp-content\/uploads\/2019\/05\/IMG-7012-869x1024.jpg 869w, https:\/\/cordula-boehm.de\/wp-content\/uploads\/2019\/05\/IMG-7012-1080x1272.jpg 1080w\" sizes=\"(max-width: 296px) 100vw, 296px\" \/>Online Coaching ist f\u00fcr dich,<\/b><\/span><span style=\"font-size: 20px;\">\u00a0<\/span><span style=\"font-size: 20px;\">\u00a0<\/span><span style=\"font-size: 20px;\">\u00a0<\/span><\/span>\u00a0<span style=\"font-size: 20px;\">\u00a0<\/span><\/p>\n<ul>\n<li style=\"text-align: left;\"><span class=\"s1\" style=\"font-size: 20px; text-align: center;\">wenn du viel unterwegs bist.<\/span><span style=\"font-size: 20px; text-align: center;\">\u00a0<\/span><span style=\"font-size: 20px; text-align: center;\">\u00a0<\/span><\/li>\n<li style=\"text-align: left;\"><span class=\"s1\">wenn du an einem abgelegenen Ort lebst.<\/span><\/li>\n<li style=\"text-align: left;\"><span class=\"s1\">wenn du es vorziehst von deiner Wohlf\u00fchlumgebung aus zu sprechen.<\/span><span style=\"font-size: 20px;\">\u00a0<\/span><\/li>\n<li style=\"text-align: left;\"><span class=\"s1\">wenn du \u00a0Kinder hast und nicht noch einen Ausw\u00e4rtstermin wahrnehmen m\u00f6chtest.<\/span><\/li>\n<li style=\"text-align: left;\"><span class=\"s1\">wenn du eine besondere Form von Diskretion suchst.<\/span>\u00a0<span style=\"font-size: 20px;\">\u00a0<\/span><\/li>\n<\/ul>\n<p style=\"text-align: left;\"><span style=\"font-size: 20px;\"><\/span><\/p>\n<p style=\"text-align: left;\"><span style=\"font-size: 20px;\"><\/span><\/p>\n<p style=\"text-align: left;\"><span style=\"font-size: 20px;\"><\/span><\/p>\n<p style=\"text-align: left;\"><span style=\"font-size: 20px;\"><\/span><\/p>\n<p style=\"text-align: left;\"><span style=\"font-size: 20px;\"><\/span><\/p>\n<p style=\"text-align: left;\"><span style=\"font-size: x-large;\"><strong><span style=\"font-family: Montserrat;\"><span class=\"s1\" style=\"color: #a83746;\">So funktioniert\u00b4s:<\/span><span style=\"text-align: center;\">\u00a0<\/span><\/span><\/strong><\/span><\/p>\n<p style=\"text-align: left;\"><span style=\"font-size: x-large;\"><strong><span style=\"font-family: Montserrat;\"><span style=\"text-align: center;\"><\/span><\/span><\/strong><\/span><\/p>\n<ul>\n<li style=\"text-align: left;\"><span class=\"s1\" style=\"font-family: Montserrat; font-weight: normal; font-size: medium;\">Informiere dich in meinen Angeboten, welches Format dich in deiner Situation unterst\u00fctzen k\u00f6nnte.<\/span><\/li>\n<li style=\"text-align: left;\"><span class=\"s1\" style=\"font-family: Montserrat; font-weight: normal; font-size: medium;\">Buche ein<strong> kostenfreies Orientierungsgespr\u00e4ch<\/strong> mit mir! Du trittst unverbindlich mit mir in Kontakt um mich kennenzulernen und dein Anliegen zu formulieren. Wir finden gemeinsam heraus, mit welchem meiner Angebote ich dich unterst\u00fctzen kann.<\/span><\/li>\n<li style=\"text-align: left;\"><span class=\"s1\" style=\"font-family: Montserrat; font-weight: normal; font-size: medium;\">Es ist auch m\u00f6glich, ein individuell zugeschnittenes Format f\u00fcr dich zu gestalten.<\/span><\/li>\n<li style=\"text-align: left;\"><span class=\"s1\" style=\"font-family: Montserrat; font-weight: normal; font-size: medium;\">Falls du dich f\u00fcr ein Angebot entscheidest, sende mir einen Bescheid und zwei Terminvorschl\u00e4ge. Diese k\u00f6nnen auch am Wochenende oder abends liegen.<\/span><\/li>\n<li style=\"text-align: left;\"><span class=\"s1\" style=\"font-family: Montserrat; font-weight: normal; font-size: medium;\">Du erh\u00e4ltst zeitnah eine Rechnung.<\/span><\/li>\n<li style=\"text-align: left;\"><span class=\"s1\" style=\"font-family: Montserrat; font-weight: normal; font-size: medium;\">Sobald deine Zahlung eingegangen ist, best\u00e4tige ich deinen Termin.<\/span><\/li>\n<li style=\"text-align: left;\"><span class=\"s1\" style=\"font-family: Montserrat; font-weight: normal; font-size: medium;\">Unsere Coachings finden per ZOOM statt. Das ist ein einfach zu handhabendes Tool. Stelle sicher, dass deine Kamera und dein Mikrofon funktionieren und dein Internet zuverl\u00e4ssig ist.<\/span><\/li>\n<li style=\"text-align: left;\"><span class=\"s1\" style=\"font-family: Montserrat; font-weight: normal; font-size: medium;\">Ich sende dir vorab einen Link, der dich in unseren virtuellen Coachingraum f\u00fchrt.<\/span><\/li>\n<li style=\"text-align: left;\"><span class=\"s1\" style=\"font-family: Montserrat; font-weight: normal; font-size: medium;\">Nimm dir vor dem Termin ein wenig Zeit, um Zoom herunterzuladen.\u00a0<\/span><\/li>\n<\/ul>\n<p>&nbsp;<\/p>\n<p>[\/et_pb_text][et_pb_button button_url=&#8220;https:\/\/cordula-boehm.de\/erstgespraech-buchen\/&#8220; button_text=&#8220;Orientierungsgespr\u00e4ch buchen&#8220; button_alignment=&#8220;center&#8220; _builder_version=&#8220;4.16&#8243; custom_button=&#8220;on&#8220; button_text_color=&#8220;#ffffff&#8220; button_bg_color=&#8220;#a83746&#8243; button_border_width=&#8220;0px&#8220; button_border_radius=&#8220;3px&#8220; button_font=&#8220;Century Gothic||||||||&#8220; button_use_icon=&#8220;off&#8220; custom_padding=&#8220;20px|20px|20px|20px&#8220; box_shadow_style=&#8220;preset1&#8243; box_shadow_color=&#8220;rgba(168,55,70,0.55)&#8220; global_colors_info=&#8220;{}&#8220;]<br \/>\n[\/et_pb_button][et_pb_divider color=&#8220;#ffffff&#8220; _builder_version=&#8220;4.16&#8243; global_colors_info=&#8220;{}&#8220;][\/et_pb_divider][\/et_pb_column][\/et_pb_row][\/et_pb_section][et_pb_section fb_built=&#8220;1&#8243; admin_label=&#8220;Footer&#8220; _builder_version=&#8220;3.23.3&#8243; background_color=&#8220;#eff0f4&#8243; min_height=&#8220;253.1px&#8220; custom_padding=&#8220;1px|0px||0px|false|false&#8220; global_module=&#8220;10790&#8243; global_colors_info=&#8220;{}&#8220; da_is_popup=&#8220;off&#8220; da_exit_intent=&#8220;off&#8220; da_has_close=&#8220;on&#8220; da_alt_close=&#8220;off&#8220; da_dark_close=&#8220;off&#8220; da_not_modal=&#8220;on&#8220; da_is_singular=&#8220;off&#8220; da_with_loader=&#8220;off&#8220; da_has_shadow=&#8220;on&#8220; da_disable_devices=&#8220;off|off|off&#8220;][et_pb_row column_structure=&#8220;1_4,1_4,1_4,1_4&#8243; make_equal=&#8220;on&#8220; _builder_version=&#8220;4.16&#8243; global_colors_info=&#8220;{}&#8220;][et_pb_column type=&#8220;1_4&#8243; _builder_version=&#8220;4.16&#8243; custom_padding=&#8220;|||&#8220; custom_css_main_element=&#8220;margin:auto;&#8220; global_colors_info=&#8220;{}&#8220; custom_padding__hover=&#8220;|||&#8220;][et_pb_text _builder_version=&#8220;4.16&#8243; text_font=&#8220;Montserrat|300|||||||&#8220; text_text_color=&#8220;#969696&#8243; text_font_size=&#8220;18px&#8220; text_line_height=&#8220;1.3em&#8220; header_font=&#8220;||||||||&#8220; header_text_color=&#8220;#ffbf20&#8243; global_colors_info=&#8220;{}&#8220;]<\/p>\n<p><span style=\"color: #27563d;\">cordula b\u00f6hm<\/span><br \/><span style=\"color: #a83746;\">TO THE CORE<\/span><br \/><span style=\"color: #ffbf20;\">online coaching<\/span><\/p>\n<p>[\/et_pb_text][\/et_pb_column][et_pb_column type=&#8220;1_4&#8243; _builder_version=&#8220;4.16&#8243; custom_padding=&#8220;|||&#8220; global_colors_info=&#8220;{}&#8220; custom_padding__hover=&#8220;|||&#8220;][et_pb_text _builder_version=&#8220;4.16&#8243; text_font=&#8220;Montserrat|300|||||||&#8220; text_text_color=&#8220;#27563d&#8220; text_font_size=&#8220;14px&#8220; header_font=&#8220;||||||||&#8220; header_5_font=&#8220;Montserrat||||||||&#8220; header_6_font=&#8220;Montserrat||||||||&#8220; header_6_text_color=&#8220;#a83746&#8243; text_text_align=&#8220;left&#8220; global_colors_info=&#8220;{}&#8220;]<\/p>\n<p><span style=\"color: #993366;\">AS YOUR COACH<\/span><\/p>\n<p><span style=\"color: #993366;\">I accompany and support you in changes and life transitions on your way to a powerful colorful life.<\/span><\/p>\n<p>[\/et_pb_text][\/et_pb_column][et_pb_column type=&#8220;1_4&#8243; _builder_version=&#8220;4.16&#8243; custom_padding=&#8220;|||&#8220; global_colors_info=&#8220;{}&#8220; custom_padding__hover=&#8220;|||&#8220;][et_pb_text _builder_version=&#8220;4.16&#8243; text_font=&#8220;Montserrat|300|||||||&#8220; text_text_color=&#8220;#27563d&#8220; text_font_size=&#8220;14px&#8220; header_font=&#8220;||||||||&#8220; header_5_font=&#8220;Montserrat||||||||&#8220; header_6_font=&#8220;Montserrat||||||||&#8220; header_6_text_color=&#8220;#a83746&#8243; text_text_align=&#8220;left&#8220; global_colors_info=&#8220;{}&#8220;]<\/p>\n<h6>Get in touch!<\/h6>\n<p>info@cordula-boehm.de<br \/> <a href=\"\/impressum\/\">Impressum<\/a> \/ <a href=\"\/datenschutz\/\">Datenschutz<\/a><\/p>\n<p>Alle Rechte vorbehalten<\/p>\n<p>[\/et_pb_text][\/et_pb_column][et_pb_column type=&#8220;1_4&#8243; _builder_version=&#8220;4.16&#8243; custom_padding=&#8220;|||&#8220; global_colors_info=&#8220;{}&#8220; custom_padding__hover=&#8220;|||&#8220;][et_pb_text _builder_version=&#8220;4.16&#8243; text_font=&#8220;Montserrat||||||||&#8220; text_text_color=&#8220;#27563d&#8220; text_font_size=&#8220;14px&#8220; header_font=&#8220;||||||||&#8220; header_5_font=&#8220;Montserrat||||||||&#8220; header_6_font=&#8220;Montserrat||||||||&#8220; header_6_text_color=&#8220;#a83746&#8243; custom_margin=&#8220;||-1px|||&#8220; text_text_align=&#8220;left&#8220; global_colors_info=&#8220;{}&#8220;]<\/p>\n<h6>Follow me here<\/h6>\n<p>[\/et_pb_text][et_pb_social_media_follow icon_color=&#8220;#ffffff&#8220; _builder_version=&#8220;4.16&#8243; custom_button=&#8220;on&#8220; button_text_color=&#8220;#ffffff&#8220; button_font=&#8220;||||||||&#8220; custom_margin=&#8220;6px|||||&#8220; border_radii=&#8220;on|100px|100px|100px|100px&#8220; border_color_all=&#8220;#27563d&#8220; global_colors_info=&#8220;{}&#8220;][et_pb_social_media_follow_network social_network=&#8220;facebook&#8220; url=&#8220;http:\/\/www.facebook.com\/boehm.cordula&#8220; icon_color=&#8220;#ffffff&#8220; _builder_version=&#8220;4.16&#8243; background_color=&#8220;#3b5998&#8243; global_colors_info=&#8220;{}&#8220; follow_button=&#8220;off&#8220; url_new_window=&#8220;on&#8220;]facebook[\/et_pb_social_media_follow_network][et_pb_social_media_follow_network social_network=&#8220;instagram&#8220; url=&#8220;https:\/\/www.instagram.com\/tothecore.onlinecoaching\/&#8220; _builder_version=&#8220;4.16&#8243; background_color=&#8220;#ea2c59&#8243; global_colors_info=&#8220;{}&#8220; follow_button=&#8220;off&#8220; url_new_window=&#8220;on&#8220;]instagram[\/et_pb_social_media_follow_network][\/et_pb_social_media_follow][et_pb_social_media_follow icon_color=&#8220;#ffffff&#8220; disabled_on=&#8220;on|on|on&#8220; _builder_version=&#8220;4.16&#8243; custom_button=&#8220;on&#8220; button_text_color=&#8220;#ffffff&#8220; button_font=&#8220;||||||||&#8220; custom_margin=&#8220;6px|||||&#8220; border_radii=&#8220;on|100px|100px|100px|100px&#8220; border_color_all=&#8220;#27563d&#8220; disabled=&#8220;on&#8220; global_colors_info=&#8220;{}&#8220;][et_pb_social_media_follow_network social_network=&#8220;facebook&#8220; url=&#8220;http:\/\/Facebook.com\/boehm.cordula&#8220; icon_color=&#8220;#ffffff&#8220; _builder_version=&#8220;4.16&#8243; background_color=&#8220;#3b5998&#8243; global_colors_info=&#8220;{}&#8220; follow_button=&#8220;off&#8220; url_new_window=&#8220;on&#8220;]facebook[\/et_pb_social_media_follow_network][et_pb_social_media_follow_network social_network=&#8220;instagram&#8220; url=&#8220;https:\/\/www.instagram.com\/tothecore.onlinecoaching\/&#8220; _builder_version=&#8220;4.16&#8243; background_color=&#8220;#ea2c59&#8243; global_colors_info=&#8220;{}&#8220; follow_button=&#8220;off&#8220; url_new_window=&#8220;on&#8220;]instagram[\/et_pb_social_media_follow_network][\/et_pb_social_media_follow][\/et_pb_column][\/et_pb_row][\/et_pb_section]<\/p>\n<span class=\"et_bloom_bottom_trigger\"><\/span>","protected":false},"excerpt":{"rendered":"<p>Online Coaching ist f\u00fcr dich,\u00a0\u00a0\u00a0\u00a0\u00a0 wenn du viel unterwegs bist.\u00a0\u00a0 wenn du an einem abgelegenen Ort lebst. wenn du es vorziehst von deiner Wohlf\u00fchlumgebung aus zu sprechen.\u00a0 wenn du \u00a0Kinder hast und nicht noch einen Ausw\u00e4rtstermin wahrnehmen m\u00f6chtest. wenn du eine besondere Form von Diskretion suchst.\u00a0\u00a0 So funktioniert\u00b4s:\u00a0 Informiere dich in meinen Angeboten, welches Format [&hellip;]<\/p>\n","protected":false},"author":2,"featured_media":0,"parent":0,"menu_order":0,"comment_status":"closed","ping_status":"closed","template":"","meta":{"_acf_changed":false,"_et_pb_use_builder":"on","_et_pb_old_content":"","_et_gb_content_width":"","om_disable_all_campaigns":false,"_monsterinsights_skip_tracking":false,"_monsterinsights_sitenote_active":false,"_monsterinsights_sitenote_note":"","_monsterinsights_sitenote_category":0,"footnotes":""},"class_list":["post-11066","page","type-page","status-publish","hentry"],"acf":[],"yoast_head":"<!-- This site is optimized with the Yoast SEO plugin v27.0 - https:\/\/yoast.com\/product\/yoast-seo-wordpress\/ -->\n<title>So funktioniert\u00b4s - Cordula B\u00f6hm<\/title>\n<meta name=\"robots\" content=\"index, follow, max-snippet:-1, max-image-preview:large, max-video-preview:-1\" \/>\n<link rel=\"canonical\" href=\"https:\/\/cordula-boehm.de\/en\/so-funktionierts\/\" \/>\n<meta property=\"og:locale\" content=\"en_US\" \/>\n<meta property=\"og:type\" content=\"article\" \/>\n<meta property=\"og:title\" content=\"So funktioniert\u00b4s - Cordula B\u00f6hm\" \/>\n<meta property=\"og:description\" content=\"Online Coaching ist f\u00fcr dich,\u00a0\u00a0\u00a0\u00a0\u00a0 wenn du viel unterwegs bist.\u00a0\u00a0 wenn du an einem abgelegenen Ort lebst. wenn du es vorziehst von deiner Wohlf\u00fchlumgebung aus zu sprechen.\u00a0 wenn du \u00a0Kinder hast und nicht noch einen Ausw\u00e4rtstermin wahrnehmen m\u00f6chtest. wenn du eine besondere Form von Diskretion suchst.\u00a0\u00a0 So funktioniert\u00b4s:\u00a0 Informiere dich in meinen Angeboten, welches Format [&hellip;]\" \/>\n<meta property=\"og:url\" content=\"https:\/\/cordula-boehm.de\/en\/so-funktionierts\/\" \/>\n<meta property=\"og:site_name\" content=\"Cordula B\u00f6hm\" \/>\n<meta property=\"article:modified_time\" content=\"2025-07-26T13:19:42+00:00\" \/>\n<meta property=\"og:image\" content=\"https:\/\/cordula-boehm.de\/wp-content\/uploads\/2019\/05\/IMG-7012-869x1024.jpg\" \/>\n\t<meta property=\"og:image:width\" content=\"869\" \/>\n\t<meta property=\"og:image:height\" content=\"1024\" \/>\n\t<meta property=\"og:image:type\" content=\"image\/jpeg\" \/>\n<meta name=\"twitter:card\" content=\"summary_large_image\" \/>\n<meta name=\"twitter:label1\" content=\"Est. reading time\" \/>\n\t<meta name=\"twitter:data1\" content=\"2 minutes\" \/>\n<script type=\"application\/ld+json\" class=\"yoast-schema-graph\">{\"@context\":\"https:\/\/schema.org\",\"@graph\":[{\"@type\":\"WebPage\",\"@id\":\"https:\/\/cordula-boehm.de\/so-funktionierts\/\",\"url\":\"https:\/\/cordula-boehm.de\/so-funktionierts\/\",\"name\":\"So funktioniert\u00b4s - Cordula B\u00f6hm\",\"isPartOf\":{\"@id\":\"https:\/\/cordula-boehm.de\/#website\"},\"primaryImageOfPage\":{\"@id\":\"https:\/\/cordula-boehm.de\/so-funktionierts\/#primaryimage\"},\"image\":{\"@id\":\"https:\/\/cordula-boehm.de\/so-funktionierts\/#primaryimage\"},\"thumbnailUrl\":\"https:\/\/cordula-boehm.de\/wp-content\/uploads\/2019\/05\/IMG-7012-255x300.jpg\",\"datePublished\":\"2019-06-15T13:29:50+00:00\",\"dateModified\":\"2025-07-26T13:19:42+00:00\",\"breadcrumb\":{\"@id\":\"https:\/\/cordula-boehm.de\/so-funktionierts\/#breadcrumb\"},\"inLanguage\":\"en-US\",\"potentialAction\":[{\"@type\":\"ReadAction\",\"target\":[\"https:\/\/cordula-boehm.de\/so-funktionierts\/\"]}]},{\"@type\":\"ImageObject\",\"inLanguage\":\"en-US\",\"@id\":\"https:\/\/cordula-boehm.de\/so-funktionierts\/#primaryimage\",\"url\":\"https:\/\/cordula-boehm.de\/wp-content\/uploads\/2019\/05\/IMG-7012-255x300.jpg\",\"contentUrl\":\"https:\/\/cordula-boehm.de\/wp-content\/uploads\/2019\/05\/IMG-7012-255x300.jpg\"},{\"@type\":\"BreadcrumbList\",\"@id\":\"https:\/\/cordula-boehm.de\/so-funktionierts\/#breadcrumb\",\"itemListElement\":[{\"@type\":\"ListItem\",\"position\":1,\"name\":\"Startseite\",\"item\":\"https:\/\/cordula-boehm.de\/\"},{\"@type\":\"ListItem\",\"position\":2,\"name\":\"So funktioniert\u00b4s\"}]},{\"@type\":\"WebSite\",\"@id\":\"https:\/\/cordula-boehm.de\/#website\",\"url\":\"https:\/\/cordula-boehm.de\/\",\"name\":\"Cordula B\u00f6hm\",\"description\":\"to the core - Online Coaching\",\"potentialAction\":[{\"@type\":\"SearchAction\",\"target\":{\"@type\":\"EntryPoint\",\"urlTemplate\":\"https:\/\/cordula-boehm.de\/?s={search_term_string}\"},\"query-input\":{\"@type\":\"PropertyValueSpecification\",\"valueRequired\":true,\"valueName\":\"search_term_string\"}}],\"inLanguage\":\"en-US\"}]}<\/script>\n<!-- \/ Yoast SEO plugin. -->","yoast_head_json":{"title":"So funktioniert\u00b4s - Cordula B\u00f6hm","robots":{"index":"index","follow":"follow","max-snippet":"max-snippet:-1","max-image-preview":"max-image-preview:large","max-video-preview":"max-video-preview:-1"},"canonical":"https:\/\/cordula-boehm.de\/en\/so-funktionierts\/","og_locale":"en_US","og_type":"article","og_title":"So funktioniert\u00b4s - Cordula B\u00f6hm","og_description":"Online Coaching ist f\u00fcr dich,\u00a0\u00a0\u00a0\u00a0\u00a0 wenn du viel unterwegs bist.\u00a0\u00a0 wenn du an einem abgelegenen Ort lebst. wenn du es vorziehst von deiner Wohlf\u00fchlumgebung aus zu sprechen.\u00a0 wenn du \u00a0Kinder hast und nicht noch einen Ausw\u00e4rtstermin wahrnehmen m\u00f6chtest. wenn du eine besondere Form von Diskretion suchst.\u00a0\u00a0 So funktioniert\u00b4s:\u00a0 Informiere dich in meinen Angeboten, welches Format [&hellip;]","og_url":"https:\/\/cordula-boehm.de\/en\/so-funktionierts\/","og_site_name":"Cordula B\u00f6hm","article_modified_time":"2025-07-26T13:19:42+00:00","og_image":[{"width":869,"height":1024,"url":"https:\/\/cordula-boehm.de\/wp-content\/uploads\/2019\/05\/IMG-7012-869x1024.jpg","type":"image\/jpeg"}],"twitter_card":"summary_large_image","twitter_misc":{"Est. reading time":"2 minutes"},"schema":{"@context":"https:\/\/schema.org","@graph":[{"@type":"WebPage","@id":"https:\/\/cordula-boehm.de\/so-funktionierts\/","url":"https:\/\/cordula-boehm.de\/so-funktionierts\/","name":"So funktioniert\u00b4s - Cordula B\u00f6hm","isPartOf":{"@id":"https:\/\/cordula-boehm.de\/#website"},"primaryImageOfPage":{"@id":"https:\/\/cordula-boehm.de\/so-funktionierts\/#primaryimage"},"image":{"@id":"https:\/\/cordula-boehm.de\/so-funktionierts\/#primaryimage"},"thumbnailUrl":"https:\/\/cordula-boehm.de\/wp-content\/uploads\/2019\/05\/IMG-7012-255x300.jpg","datePublished":"2019-06-15T13:29:50+00:00","dateModified":"2025-07-26T13:19:42+00:00","breadcrumb":{"@id":"https:\/\/cordula-boehm.de\/so-funktionierts\/#breadcrumb"},"inLanguage":"en-US","potentialAction":[{"@type":"ReadAction","target":["https:\/\/cordula-boehm.de\/so-funktionierts\/"]}]},{"@type":"ImageObject","inLanguage":"en-US","@id":"https:\/\/cordula-boehm.de\/so-funktionierts\/#primaryimage","url":"https:\/\/cordula-boehm.de\/wp-content\/uploads\/2019\/05\/IMG-7012-255x300.jpg","contentUrl":"https:\/\/cordula-boehm.de\/wp-content\/uploads\/2019\/05\/IMG-7012-255x300.jpg"},{"@type":"BreadcrumbList","@id":"https:\/\/cordula-boehm.de\/so-funktionierts\/#breadcrumb","itemListElement":[{"@type":"ListItem","position":1,"name":"Startseite","item":"https:\/\/cordula-boehm.de\/"},{"@type":"ListItem","position":2,"name":"So funktioniert\u00b4s"}]},{"@type":"WebSite","@id":"https:\/\/cordula-boehm.de\/#website","url":"https:\/\/cordula-boehm.de\/","name":"Cordula B\u00f6hm","description":"to the core - Online Coaching","potentialAction":[{"@type":"SearchAction","target":{"@type":"EntryPoint","urlTemplate":"https:\/\/cordula-boehm.de\/?s={search_term_string}"},"query-input":{"@type":"PropertyValueSpecification","valueRequired":true,"valueName":"search_term_string"}}],"inLanguage":"en-US"}]}},"_links":{"self":[{"href":"https:\/\/cordula-boehm.de\/en\/wp-json\/wp\/v2\/pages\/11066","targetHints":{"allow":["GET"]}}],"collection":[{"href":"https:\/\/cordula-boehm.de\/en\/wp-json\/wp\/v2\/pages"}],"about":[{"href":"https:\/\/cordula-boehm.de\/en\/wp-json\/wp\/v2\/types\/page"}],"author":[{"embeddable":true,"href":"https:\/\/cordula-boehm.de\/en\/wp-json\/wp\/v2\/users\/2"}],"replies":[{"embeddable":true,"href":"https:\/\/cordula-boehm.de\/en\/wp-json\/wp\/v2\/comments?post=11066"}],"version-history":[{"count":9,"href":"https:\/\/cordula-boehm.de\/en\/wp-json\/wp\/v2\/pages\/11066\/revisions"}],"predecessor-version":[{"id":14200,"href":"https:\/\/cordula-boehm.de\/en\/wp-json\/wp\/v2\/pages\/11066\/revisions\/14200"}],"wp:attachment":[{"href":"https:\/\/cordula-boehm.de\/en\/wp-json\/wp\/v2\/media?parent=11066"}],"curies":[{"name":"wp","href":"https:\/\/api.w.org\/{rel}","templated":true}]}}