{"id":11133,"date":"2019-06-15T16:03:46","date_gmt":"2019-06-15T14:03:46","guid":{"rendered":"https:\/\/cordula-boehm.de\/?page_id=11133"},"modified":"2025-07-10T11:07:40","modified_gmt":"2025-07-10T09:07:40","slug":"sicherheit-und-selbstvertrauen-gewinnen-in-einer-veraenderung","status":"publish","type":"page","link":"https:\/\/cordula-boehm.de\/en\/sicherheit-und-selbstvertrauen-gewinnen-in-einer-veraenderung\/","title":{"rendered":"Gaining security and self-confidence in a change"},"content":{"rendered":"<p>[et_pb_section fb_built=&#8220;1&#8243; admin_label=&#8220;section&#8220; _builder_version=&#8220;4.16&#8243; use_background_color_gradient=&#8220;on&#8220; background_color_gradient_direction=&#8220;1deg&#8220; background_color_gradient_stops=&#8220;#ffffff 0%|rgba(255,255,255,0.29) 0%&#8220; background_color_gradient_overlays_image=&#8220;on&#8220; background_color_gradient_start=&#8220;#ffffff&#8220; background_color_gradient_end=&#8220;rgba(255,255,255,0.29)&#8220; background_color_gradient_end_position=&#8220;0%&#8220; background_image=&#8220;https:\/\/cordula-boehm.de\/wp-content\/uploads\/2019\/06\/fullsizeoutput_1296.jpeg&#8220; min_height=&#8220;426px&#8220; custom_padding=&#8220;||0px|||&#8220; da_disable_devices=&#8220;off|off|off&#8220; border_radii=&#8220;||||&#8220; border_width_bottom=&#8220;5px&#8220; border_color_bottom=&#8220;#a83746&#8243; global_colors_info=&#8220;{}&#8220; da_is_popup=&#8220;off&#8220; da_exit_intent=&#8220;off&#8220; da_has_close=&#8220;on&#8220; da_alt_close=&#8220;off&#8220; da_dark_close=&#8220;off&#8220; da_not_modal=&#8220;on&#8220; da_is_singular=&#8220;off&#8220; da_with_loader=&#8220;off&#8220; da_has_shadow=&#8220;on&#8220;][et_pb_row admin_label=&#8220;row&#8220; _builder_version=&#8220;4.16&#8243; background_color=&#8220;rgba(0,0,0,0)&#8220; background_size=&#8220;initial&#8220; background_position=&#8220;top_left&#8220; background_repeat=&#8220;repeat&#8220; width=&#8220;45.7%&#8220; max_width=&#8220;1275px&#8220; module_alignment=&#8220;left&#8220; min_height=&#8220;115px&#8220; custom_margin=&#8220;115px|auto|115px|-300px|true|&#8220; global_colors_info=&#8220;{}&#8220;][et_pb_column type=&#8220;4_4&#8243; _builder_version=&#8220;4.16&#8243; background_color=&#8220;#ffbf20&#8243; custom_padding=&#8220;|||&#8220; global_colors_info=&#8220;{}&#8220; custom_padding__hover=&#8220;|||&#8220;][et_pb_text _builder_version=&#8220;4.27.4&#8243; text_font=&#8220;Montserrat||||||||&#8220; text_text_color=&#8220;#a83746&#8243; text_font_size=&#8220;46px&#8220; text_line_height=&#8220;1.4em&#8220; header_font=&#8220;Montserrat||||||||&#8220; header_text_color=&#8220;#ffffff&#8220; header_5_font=&#8220;Playlist Script||||||||&#8220; header_5_text_color=&#8220;#a83746&#8243; header_5_font_size=&#8220;52px&#8220; header_5_line_height=&#8220;1.4em&#8220; header_6_font=&#8220;Montserrat||||||||&#8220; header_6_text_color=&#8220;#27563d&#8220; header_6_font_size=&#8220;21px&#8220; header_6_line_height=&#8220;1.2em&#8220; text_orientation=&#8220;center&#8220; width=&#8220;70%&#8220; width_tablet=&#8220;100%&#8220; width_phone=&#8220;&#8220; width_last_edited=&#8220;on|desktop&#8220; module_alignment=&#8220;center&#8220; min_height=&#8220;101px&#8220; custom_padding=&#8220;4px||0px|0px||&#8220; hover_enabled=&#8220;0&#8243; text_font_size_tablet=&#8220;&#8220; text_font_size_phone=&#8220;32px&#8220; text_font_size_last_edited=&#8220;on|desktop&#8220; header_6_font_size_tablet=&#8220;18px&#8220; header_6_font_size_phone=&#8220;14px&#8220; header_6_font_size_last_edited=&#8220;on|tablet&#8220; text_text_align=&#8220;center&#8220; inline_fonts=&#8220;Montserrat&#8220; global_colors_info=&#8220;{}&#8220; sticky_enabled=&#8220;0&#8243;]<\/p>\n<h2 style=\"text-align: left;\"><span style=\"font-family: Montserrat; font-weight: normal; color: #a83746;\">Sicherheit und Selbstvertrauen <\/span><span style=\"font-size: 26px; font-family: Montserrat; color: #a83746;\">gewinnen <\/span><span style=\"font-size: 26px; font-family: Montserrat; color: #a83746;\">in einer Ver\u00e4nderung<\/span><\/h2>\n<p>[\/et_pb_text][\/et_pb_column][\/et_pb_row][\/et_pb_section][et_pb_section fb_built=&#8220;1&#8243; module_id=&#8220;sicherheit&#8220; module_class=&#8220;sicherheit&#8220; _builder_version=&#8220;4.16&#8243; custom_padding=&#8220;51px|0px|51px|0px|false|false&#8220; da_disable_devices=&#8220;off|off|off&#8220; global_colors_info=&#8220;{}&#8220; da_is_popup=&#8220;off&#8220; da_exit_intent=&#8220;off&#8220; da_has_close=&#8220;on&#8220; da_alt_close=&#8220;off&#8220; da_dark_close=&#8220;off&#8220; da_not_modal=&#8220;on&#8220; da_is_singular=&#8220;off&#8220; da_with_loader=&#8220;off&#8220; da_has_shadow=&#8220;on&#8220;][et_pb_row _builder_version=&#8220;4.16&#8243; global_colors_info=&#8220;{}&#8220;][et_pb_column type=&#8220;4_4&#8243; _builder_version=&#8220;4.16&#8243; custom_padding=&#8220;|||&#8220; global_colors_info=&#8220;{}&#8220; custom_padding__hover=&#8220;|||&#8220;][et_pb_text _builder_version=&#8220;4.16&#8243; text_font=&#8220;Montserrat|300|||||||&#8220; text_line_height=&#8220;1.4em&#8220; ul_font=&#8220;Montserrat|500|||||||&#8220; ul_text_color=&#8220;#27563d&#8220; header_font=&#8220;||||||||&#8220; header_2_font=&#8220;Montserrat|300|||||||&#8220; header_2_text_color=&#8220;#a83746&#8243; header_3_font=&#8220;Montserrat||||||||&#8220; header_3_text_color=&#8220;#27563d&#8220; header_5_font=&#8220;||||||||&#8220; header_6_font=&#8220;Montserrat|500||on|||||&#8220; header_6_text_color=&#8220;#a83746&#8243; header_6_font_size=&#8220;21px&#8220; header_6_line_height=&#8220;1.4em&#8220; module_alignment=&#8220;center&#8220; custom_margin=&#8220;||40px|&#8220; custom_padding=&#8220;1px|||||&#8220; global_colors_info=&#8220;{}&#8220;]<\/p>\n<h3><span style=\"color: #a83746;\">Du f\u00fchlst dich unsicher und allein in einer ver\u00e4nderten Lebenssituation<\/span><\/h3>\n<p>&nbsp;<\/p>\n<p>Alles ist anders als gewohnt und es gibt wenig, woran du dich halten kannst.<\/p>\n<p>Egal ob du<\/p>\n<ul>\n<li>deinen Wohn- und Arbeitsort gewechselt hast,<\/li>\n<li>du dich in einer anderen Kultur zurechtfinden musst,<\/li>\n<li>Mutter geworden bist,<\/li>\n<li>den Job gewechselt oder verloren hast,<\/li>\n<li>durch eine Trennung gegangen bist.<\/li>\n<\/ul>\n<p>Jenseits deiner Komfortzone f\u00fchlst du dich \u00fcberfordert, unsicher und zuweilen hilflos. Dein gewohntes Unterst\u00fctzungssystem greift nicht mehr und du bist ganz auf dich gestellt.<\/p>\n<p>Mit meiner Hilfe kannst du diese Situation, so schwierig sie sich anf\u00fchlen mag, so meistern, dass du dich in ihrer Bew\u00e4ltigung st\u00e4rker und gl\u00fccklicher erlebst.<\/p>\n<p>Stell dir vor:<\/p>\n<ul>\n<li>Du gehst mit mehr Akzeptanz, Sicherheit und Vertrauen an deine Herausforderungen.<\/li>\n<li>Du verbindest dich mit deinen besten Ressourcen und Werten.<\/li>\n<li>Du hast neue Gewohnheiten entwickelt, die deine innere Sicherheit und Stabilit\u00e4t st\u00e4rken<\/li>\n<li>Du f\u00fchlst dich selbstbewusster und bewegst dich in Richtung Lebensfreude.<\/li>\n<li>Du kennst deine n\u00e4chsten Schritte.<\/li>\n<\/ul>\n<p>Ich bin deine verl\u00e4ssliche Begleiterin darin, diese Ziele zu erreichen. Unsere Treffen bieten dir einen sicheren Anker. Wir reflektieren gemeinsam deine Situation und erschlie\u00dfen ihre M\u00f6glichkeiten. Ich gebe dir Werkzeuge zur Hand, die dir helfen, die Kontrolle \u00fcber dein Leben zur\u00fcckzugewinnen.<\/p>\n<h6><span style=\"font-weight: 300;\">Mein Angebot umfasst<\/span><\/h6>\n<ul>\n<li style=\"font-weight: 300;\">\n<h6><span style=\"font-weight: 300;\">6 Coaching- Sessions (a 60 min)<\/span><\/h6>\n<\/li>\n<li style=\"font-weight: 300;\">\n<h6><span style=\"font-weight: 300;\">Supportmails<\/span><\/h6>\n<\/li>\n<li>\n<h6><span style=\"font-size: 21px;\">Schriftliche Impulse nach jeder Session, die dir Helfen, neue Sichtweisen im Alltag zu verankern<\/span><\/h6>\n<\/li>\n<li>\n<h6><span style=\"font-size: 21px;\">WhatsApp- Kontakt<\/span><\/h6>\n<\/li>\n<\/ul>\n<h6><span style=\"font-weight: 300;\">Es ist buchbar innerhalb von 3 Monaten.<\/span><\/h6>\n<h6><span style=\"font-weight: 300; color: #a83746;\">PREIS: 720 Euro<\/span><\/h6>\n<p><span style=\"font-weight: 300; color: #a83746;\"><\/span><\/p>\n<p><span style=\"font-weight: 300; color: #27563d;\">Ich bin Cordula. Als Coach und Mentorin unterst\u00fctze ich Menschen in schwierigen Ver\u00e4nderungen. Der Wandel ist mein pers\u00f6nliches und professionelles Lebensthema und mein Lebenselement. <\/span><\/p>\n<p><span style=\"font-weight: 300; color: #27563d;\">Ich habe gelernt, dass es in den Turbulenzen meines Lebens wichtig war, f\u00fcr meine innerliche Stabilit\u00e4t zu aktiv zu sorgen und von dort aus zu handeln.<\/span><\/p>\n<p><span style=\"font-weight: 300;\">Nimm Kontakt mit mir auf und lass uns in einem Erstgespr\u00e4ch schauen, ob ich dich unterst\u00fctzen kann. In meinem Buchungskalender kannst du dich f\u00fcr einen Termin anmelden.<\/span><\/p>\n<p>[\/et_pb_text][et_pb_button button_url=&#8220;https:\/\/cordula-boehm.de\/erstgespraech-buchen\/&#8220; button_text=&#8220;Orientierungsgespr\u00e4ch buchen&#8220; button_alignment=&#8220;center&#8220; _builder_version=&#8220;4.16&#8243; custom_button=&#8220;on&#8220; button_text_color=&#8220;#ffffff&#8220; button_bg_color=&#8220;#a83746&#8243; button_border_width=&#8220;0px&#8220; button_border_radius=&#8220;3px&#8220; button_font=&#8220;Century Gothic||||||||&#8220; button_use_icon=&#8220;off&#8220; custom_padding=&#8220;20px|20px|20px|20px&#8220; box_shadow_style=&#8220;preset1&#8243; box_shadow_color=&#8220;rgba(168,55,70,0.55)&#8220; global_colors_info=&#8220;{}&#8220;]<br \/>\n[\/et_pb_button][\/et_pb_column][\/et_pb_row][\/et_pb_section][et_pb_section fb_built=&#8220;1&#8243; admin_label=&#8220;Footer&#8220; _builder_version=&#8220;3.23.3&#8243; background_color=&#8220;#eff0f4&#8243; min_height=&#8220;253.1px&#8220; custom_padding=&#8220;1px|0px||0px|false|false&#8220; da_disable_devices=&#8220;off|off|off&#8220; global_module=&#8220;10790&#8243; global_colors_info=&#8220;{}&#8220; da_is_popup=&#8220;off&#8220; da_exit_intent=&#8220;off&#8220; da_has_close=&#8220;on&#8220; da_alt_close=&#8220;off&#8220; da_dark_close=&#8220;off&#8220; da_not_modal=&#8220;on&#8220; da_is_singular=&#8220;off&#8220; da_with_loader=&#8220;off&#8220; da_has_shadow=&#8220;on&#8220;][et_pb_row column_structure=&#8220;1_4,1_4,1_4,1_4&#8243; make_equal=&#8220;on&#8220; _builder_version=&#8220;4.16&#8243; global_colors_info=&#8220;{}&#8220;][et_pb_column type=&#8220;1_4&#8243; _builder_version=&#8220;4.16&#8243; custom_padding=&#8220;|||&#8220; custom_css_main_element=&#8220;margin:auto;&#8220; global_colors_info=&#8220;{}&#8220; custom_padding__hover=&#8220;|||&#8220;][et_pb_text _builder_version=&#8220;4.16&#8243; text_font=&#8220;Montserrat|300|||||||&#8220; text_text_color=&#8220;#969696&#8243; text_font_size=&#8220;18px&#8220; text_line_height=&#8220;1.3em&#8220; header_font=&#8220;||||||||&#8220; header_text_color=&#8220;#ffbf20&#8243; global_colors_info=&#8220;{}&#8220;]<\/p>\n<p><span style=\"color: #27563d;\">cordula b\u00f6hm<\/span><br \/><span style=\"color: #a83746;\">TO THE CORE<\/span><br \/><span style=\"color: #ffbf20;\">online coaching<\/span><\/p>\n<p>[\/et_pb_text][\/et_pb_column][et_pb_column type=&#8220;1_4&#8243; _builder_version=&#8220;4.16&#8243; custom_padding=&#8220;|||&#8220; global_colors_info=&#8220;{}&#8220; custom_padding__hover=&#8220;|||&#8220;][et_pb_text _builder_version=&#8220;4.16&#8243; text_font=&#8220;Montserrat|300|||||||&#8220; text_text_color=&#8220;#27563d&#8220; text_font_size=&#8220;14px&#8220; header_font=&#8220;||||||||&#8220; header_5_font=&#8220;Montserrat||||||||&#8220; header_6_font=&#8220;Montserrat||||||||&#8220; header_6_text_color=&#8220;#a83746&#8243; text_text_align=&#8220;left&#8220; global_colors_info=&#8220;{}&#8220;]<\/p>\n<p><span style=\"color: #993366;\">AS YOUR COACH<\/span><\/p>\n<p><span style=\"color: #993366;\">I accompany and support you in changes and life transitions on your way to a powerful colorful life.<\/span><\/p>\n<p>[\/et_pb_text][\/et_pb_column][et_pb_column type=&#8220;1_4&#8243; _builder_version=&#8220;4.16&#8243; custom_padding=&#8220;|||&#8220; global_colors_info=&#8220;{}&#8220; custom_padding__hover=&#8220;|||&#8220;][et_pb_text _builder_version=&#8220;4.16&#8243; text_font=&#8220;Montserrat|300|||||||&#8220; text_text_color=&#8220;#27563d&#8220; text_font_size=&#8220;14px&#8220; header_font=&#8220;||||||||&#8220; header_5_font=&#8220;Montserrat||||||||&#8220; header_6_font=&#8220;Montserrat||||||||&#8220; header_6_text_color=&#8220;#a83746&#8243; text_text_align=&#8220;left&#8220; global_colors_info=&#8220;{}&#8220;]<\/p>\n<h6>Get in touch!<\/h6>\n<p>info@cordula-boehm.de<br \/> <a href=\"\/impressum\/\">Impressum<\/a> \/ <a href=\"\/datenschutz\/\">Datenschutz<\/a><\/p>\n<p>Alle Rechte vorbehalten<\/p>\n<p>[\/et_pb_text][\/et_pb_column][et_pb_column type=&#8220;1_4&#8243; _builder_version=&#8220;4.16&#8243; custom_padding=&#8220;|||&#8220; global_colors_info=&#8220;{}&#8220; custom_padding__hover=&#8220;|||&#8220;][et_pb_text _builder_version=&#8220;4.16&#8243; text_font=&#8220;Montserrat||||||||&#8220; text_text_color=&#8220;#27563d&#8220; text_font_size=&#8220;14px&#8220; header_font=&#8220;||||||||&#8220; header_5_font=&#8220;Montserrat||||||||&#8220; header_6_font=&#8220;Montserrat||||||||&#8220; header_6_text_color=&#8220;#a83746&#8243; custom_margin=&#8220;||-1px|||&#8220; text_text_align=&#8220;left&#8220; global_colors_info=&#8220;{}&#8220;]<\/p>\n<h6>Follow me here<\/h6>\n<p>[\/et_pb_text][et_pb_social_media_follow icon_color=&#8220;#ffffff&#8220; _builder_version=&#8220;4.16&#8243; custom_button=&#8220;on&#8220; button_text_color=&#8220;#ffffff&#8220; button_font=&#8220;||||||||&#8220; custom_margin=&#8220;6px|||||&#8220; border_radii=&#8220;on|100px|100px|100px|100px&#8220; border_color_all=&#8220;#27563d&#8220; global_colors_info=&#8220;{}&#8220;][et_pb_social_media_follow_network social_network=&#8220;facebook&#8220; url=&#8220;http:\/\/www.facebook.com\/boehm.cordula&#8220; icon_color=&#8220;#ffffff&#8220; _builder_version=&#8220;4.16&#8243; background_color=&#8220;#3b5998&#8243; global_colors_info=&#8220;{}&#8220; follow_button=&#8220;off&#8220; url_new_window=&#8220;on&#8220;]facebook[\/et_pb_social_media_follow_network][et_pb_social_media_follow_network social_network=&#8220;instagram&#8220; url=&#8220;https:\/\/www.instagram.com\/tothecore.onlinecoaching\/&#8220; _builder_version=&#8220;4.16&#8243; background_color=&#8220;#ea2c59&#8243; global_colors_info=&#8220;{}&#8220; follow_button=&#8220;off&#8220; url_new_window=&#8220;on&#8220;]instagram[\/et_pb_social_media_follow_network][\/et_pb_social_media_follow][et_pb_social_media_follow icon_color=&#8220;#ffffff&#8220; disabled_on=&#8220;on|on|on&#8220; _builder_version=&#8220;4.16&#8243; custom_button=&#8220;on&#8220; button_text_color=&#8220;#ffffff&#8220; button_font=&#8220;||||||||&#8220; custom_margin=&#8220;6px|||||&#8220; border_radii=&#8220;on|100px|100px|100px|100px&#8220; border_color_all=&#8220;#27563d&#8220; disabled=&#8220;on&#8220; global_colors_info=&#8220;{}&#8220;][et_pb_social_media_follow_network social_network=&#8220;facebook&#8220; url=&#8220;http:\/\/Facebook.com\/boehm.cordula&#8220; icon_color=&#8220;#ffffff&#8220; _builder_version=&#8220;4.16&#8243; background_color=&#8220;#3b5998&#8243; global_colors_info=&#8220;{}&#8220; follow_button=&#8220;off&#8220; url_new_window=&#8220;on&#8220;]facebook[\/et_pb_social_media_follow_network][et_pb_social_media_follow_network social_network=&#8220;instagram&#8220; url=&#8220;https:\/\/www.instagram.com\/tothecore.onlinecoaching\/&#8220; _builder_version=&#8220;4.16&#8243; background_color=&#8220;#ea2c59&#8243; global_colors_info=&#8220;{}&#8220; follow_button=&#8220;off&#8220; url_new_window=&#8220;on&#8220;]instagram[\/et_pb_social_media_follow_network][\/et_pb_social_media_follow][\/et_pb_column][\/et_pb_row][\/et_pb_section]<\/p>\n<span class=\"et_bloom_bottom_trigger\"><\/span>","protected":false},"excerpt":{"rendered":"<p>Sicherheit und Selbstvertrauen gewinnen in einer Ver\u00e4nderungDu f\u00fchlst dich unsicher und allein in einer ver\u00e4nderten Lebenssituation &nbsp; Alles ist anders als gewohnt und es gibt wenig, woran du dich halten kannst. Egal ob du deinen Wohn- und Arbeitsort gewechselt hast, du dich in einer anderen Kultur zurechtfinden musst, Mutter geworden bist, den Job gewechselt oder [&hellip;]<\/p>\n","protected":false},"author":2,"featured_media":0,"parent":0,"menu_order":0,"comment_status":"closed","ping_status":"closed","template":"","meta":{"_acf_changed":false,"_et_pb_use_builder":"on","_et_pb_old_content":"","_et_gb_content_width":"","om_disable_all_campaigns":false,"_monsterinsights_skip_tracking":false,"_monsterinsights_sitenote_active":false,"_monsterinsights_sitenote_note":"","_monsterinsights_sitenote_category":0,"footnotes":""},"class_list":["post-11133","page","type-page","status-publish","hentry"],"acf":[],"yoast_head":"<!-- This site is optimized with the Yoast SEO plugin v27.0 - https:\/\/yoast.com\/product\/yoast-seo-wordpress\/ -->\n<title>Angebote - Cordula B\u00f6hm<\/title>\n<meta name=\"description\" content=\"Wenn du dir eine der folgenden oder \u00e4hnliche Fragen stellst, dann ist COACHING TO THE CORE eine gute Option einer L\u00f6sung auf die Spur zu kommen.\" \/>\n<meta name=\"robots\" content=\"index, follow, max-snippet:-1, max-image-preview:large, max-video-preview:-1\" \/>\n<link rel=\"canonical\" href=\"https:\/\/cordula-boehm.de\/en\/sicherheit-und-selbstvertrauen-gewinnen-in-einer-veraenderung\/\" \/>\n<meta property=\"og:locale\" content=\"en_US\" \/>\n<meta property=\"og:type\" content=\"article\" \/>\n<meta property=\"og:title\" content=\"Angebote - Cordula B\u00f6hm\" \/>\n<meta property=\"og:description\" content=\"Wenn du dir eine der folgenden oder \u00e4hnliche Fragen stellst, dann ist COACHING TO THE CORE eine gute Option einer L\u00f6sung auf die Spur zu kommen.\" \/>\n<meta property=\"og:url\" content=\"https:\/\/cordula-boehm.de\/en\/sicherheit-und-selbstvertrauen-gewinnen-in-einer-veraenderung\/\" \/>\n<meta property=\"og:site_name\" content=\"Cordula B\u00f6hm\" \/>\n<meta property=\"article:modified_time\" content=\"2025-07-10T09:07:40+00:00\" \/>\n<meta name=\"twitter:card\" content=\"summary_large_image\" \/>\n<meta name=\"twitter:label1\" content=\"Est. reading time\" \/>\n\t<meta name=\"twitter:data1\" content=\"3 minutes\" \/>\n<script type=\"application\/ld+json\" class=\"yoast-schema-graph\">{\"@context\":\"https:\/\/schema.org\",\"@graph\":[{\"@type\":\"WebPage\",\"@id\":\"https:\/\/cordula-boehm.de\/sicherheit-und-selbstvertrauen-gewinnen-in-einer-veraenderung\/\",\"url\":\"https:\/\/cordula-boehm.de\/sicherheit-und-selbstvertrauen-gewinnen-in-einer-veraenderung\/\",\"name\":\"Angebote - Cordula B\u00f6hm\",\"isPartOf\":{\"@id\":\"https:\/\/cordula-boehm.de\/#website\"},\"datePublished\":\"2019-06-15T14:03:46+00:00\",\"dateModified\":\"2025-07-10T09:07:40+00:00\",\"description\":\"Wenn du dir eine der folgenden oder \u00e4hnliche Fragen stellst, dann ist COACHING TO THE CORE eine gute Option einer L\u00f6sung auf die Spur zu kommen.\",\"breadcrumb\":{\"@id\":\"https:\/\/cordula-boehm.de\/sicherheit-und-selbstvertrauen-gewinnen-in-einer-veraenderung\/#breadcrumb\"},\"inLanguage\":\"en-US\",\"potentialAction\":[{\"@type\":\"ReadAction\",\"target\":[\"https:\/\/cordula-boehm.de\/sicherheit-und-selbstvertrauen-gewinnen-in-einer-veraenderung\/\"]}]},{\"@type\":\"BreadcrumbList\",\"@id\":\"https:\/\/cordula-boehm.de\/sicherheit-und-selbstvertrauen-gewinnen-in-einer-veraenderung\/#breadcrumb\",\"itemListElement\":[{\"@type\":\"ListItem\",\"position\":1,\"name\":\"Startseite\",\"item\":\"https:\/\/cordula-boehm.de\/\"},{\"@type\":\"ListItem\",\"position\":2,\"name\":\"Sicherheit und Selbstvertrauen gewinnen in einer Ver\u00e4nderung\"}]},{\"@type\":\"WebSite\",\"@id\":\"https:\/\/cordula-boehm.de\/#website\",\"url\":\"https:\/\/cordula-boehm.de\/\",\"name\":\"Cordula B\u00f6hm\",\"description\":\"to the core - Online Coaching\",\"potentialAction\":[{\"@type\":\"SearchAction\",\"target\":{\"@type\":\"EntryPoint\",\"urlTemplate\":\"https:\/\/cordula-boehm.de\/?s={search_term_string}\"},\"query-input\":{\"@type\":\"PropertyValueSpecification\",\"valueRequired\":true,\"valueName\":\"search_term_string\"}}],\"inLanguage\":\"en-US\"}]}<\/script>\n<!-- \/ Yoast SEO plugin. -->","yoast_head_json":{"title":"Angebote - Cordula B\u00f6hm","description":"Wenn du dir eine der folgenden oder \u00e4hnliche Fragen stellst, dann ist COACHING TO THE CORE eine gute Option einer L\u00f6sung auf die Spur zu kommen.","robots":{"index":"index","follow":"follow","max-snippet":"max-snippet:-1","max-image-preview":"max-image-preview:large","max-video-preview":"max-video-preview:-1"},"canonical":"https:\/\/cordula-boehm.de\/en\/sicherheit-und-selbstvertrauen-gewinnen-in-einer-veraenderung\/","og_locale":"en_US","og_type":"article","og_title":"Angebote - Cordula B\u00f6hm","og_description":"Wenn du dir eine der folgenden oder \u00e4hnliche Fragen stellst, dann ist COACHING TO THE CORE eine gute Option einer L\u00f6sung auf die Spur zu kommen.","og_url":"https:\/\/cordula-boehm.de\/en\/sicherheit-und-selbstvertrauen-gewinnen-in-einer-veraenderung\/","og_site_name":"Cordula B\u00f6hm","article_modified_time":"2025-07-10T09:07:40+00:00","twitter_card":"summary_large_image","twitter_misc":{"Est. reading time":"3 minutes"},"schema":{"@context":"https:\/\/schema.org","@graph":[{"@type":"WebPage","@id":"https:\/\/cordula-boehm.de\/sicherheit-und-selbstvertrauen-gewinnen-in-einer-veraenderung\/","url":"https:\/\/cordula-boehm.de\/sicherheit-und-selbstvertrauen-gewinnen-in-einer-veraenderung\/","name":"Angebote - Cordula B\u00f6hm","isPartOf":{"@id":"https:\/\/cordula-boehm.de\/#website"},"datePublished":"2019-06-15T14:03:46+00:00","dateModified":"2025-07-10T09:07:40+00:00","description":"Wenn du dir eine der folgenden oder \u00e4hnliche Fragen stellst, dann ist COACHING TO THE CORE eine gute Option einer L\u00f6sung auf die Spur zu kommen.","breadcrumb":{"@id":"https:\/\/cordula-boehm.de\/sicherheit-und-selbstvertrauen-gewinnen-in-einer-veraenderung\/#breadcrumb"},"inLanguage":"en-US","potentialAction":[{"@type":"ReadAction","target":["https:\/\/cordula-boehm.de\/sicherheit-und-selbstvertrauen-gewinnen-in-einer-veraenderung\/"]}]},{"@type":"BreadcrumbList","@id":"https:\/\/cordula-boehm.de\/sicherheit-und-selbstvertrauen-gewinnen-in-einer-veraenderung\/#breadcrumb","itemListElement":[{"@type":"ListItem","position":1,"name":"Startseite","item":"https:\/\/cordula-boehm.de\/"},{"@type":"ListItem","position":2,"name":"Sicherheit und Selbstvertrauen gewinnen in einer Ver\u00e4nderung"}]},{"@type":"WebSite","@id":"https:\/\/cordula-boehm.de\/#website","url":"https:\/\/cordula-boehm.de\/","name":"Cordula B\u00f6hm","description":"to the core - Online Coaching","potentialAction":[{"@type":"SearchAction","target":{"@type":"EntryPoint","urlTemplate":"https:\/\/cordula-boehm.de\/?s={search_term_string}"},"query-input":{"@type":"PropertyValueSpecification","valueRequired":true,"valueName":"search_term_string"}}],"inLanguage":"en-US"}]}},"_links":{"self":[{"href":"https:\/\/cordula-boehm.de\/en\/wp-json\/wp\/v2\/pages\/11133","targetHints":{"allow":["GET"]}}],"collection":[{"href":"https:\/\/cordula-boehm.de\/en\/wp-json\/wp\/v2\/pages"}],"about":[{"href":"https:\/\/cordula-boehm.de\/en\/wp-json\/wp\/v2\/types\/page"}],"author":[{"embeddable":true,"href":"https:\/\/cordula-boehm.de\/en\/wp-json\/wp\/v2\/users\/2"}],"replies":[{"embeddable":true,"href":"https:\/\/cordula-boehm.de\/en\/wp-json\/wp\/v2\/comments?post=11133"}],"version-history":[{"count":10,"href":"https:\/\/cordula-boehm.de\/en\/wp-json\/wp\/v2\/pages\/11133\/revisions"}],"predecessor-version":[{"id":14113,"href":"https:\/\/cordula-boehm.de\/en\/wp-json\/wp\/v2\/pages\/11133\/revisions\/14113"}],"wp:attachment":[{"href":"https:\/\/cordula-boehm.de\/en\/wp-json\/wp\/v2\/media?parent=11133"}],"curies":[{"name":"wp","href":"https:\/\/api.w.org\/{rel}","templated":true}]}}