{"id":11140,"date":"2019-06-15T16:13:25","date_gmt":"2019-06-15T14:13:25","guid":{"rendered":"https:\/\/cordula-boehm.de\/?page_id=11140"},"modified":"2025-07-10T10:56:05","modified_gmt":"2025-07-10T08:56:05","slug":"bewusst-und-zuversichtlich-in-ein-neues-leben","status":"publish","type":"page","link":"https:\/\/cordula-boehm.de\/en\/bewusst-und-zuversichtlich-in-ein-neues-leben\/","title":{"rendered":"Conscious and confident in a new life"},"content":{"rendered":"<p>[et_pb_section fb_built=&#8220;1&#8243; admin_label=&#8220;section&#8220; _builder_version=&#8220;4.16&#8243; background_image=&#8220;https:\/\/cordula-boehm.de\/wp-content\/uploads\/2019\/05\/Angebote-Header.jpg&#8220; min_height=&#8220;426px&#8220; custom_padding=&#8220;41px||0px|||&#8220; da_disable_devices=&#8220;off|off|off&#8220; border_radii=&#8220;||||&#8220; border_width_bottom=&#8220;5px&#8220; border_color_bottom=&#8220;#a83746&#8243; global_colors_info=&#8220;{}&#8220; da_is_popup=&#8220;off&#8220; da_exit_intent=&#8220;off&#8220; da_has_close=&#8220;on&#8220; da_alt_close=&#8220;off&#8220; da_dark_close=&#8220;off&#8220; da_not_modal=&#8220;on&#8220; da_is_singular=&#8220;off&#8220; da_with_loader=&#8220;off&#8220; da_has_shadow=&#8220;on&#8220;][et_pb_row admin_label=&#8220;row&#8220; _builder_version=&#8220;4.16&#8243; background_color=&#8220;rgba(0,0,0,0)&#8220; background_size=&#8220;initial&#8220; background_position=&#8220;top_left&#8220; background_repeat=&#8220;repeat&#8220; width=&#8220;49%&#8220; max_width=&#8220;1275px&#8220; min_height=&#8220;229px&#8220; custom_margin=&#8220;115px|auto|115px|-17px|true|&#8220; global_colors_info=&#8220;{}&#8220;][et_pb_column type=&#8220;4_4&#8243; _builder_version=&#8220;4.16&#8243; background_color=&#8220;#ffbf20&#8243; custom_padding=&#8220;|||&#8220; global_colors_info=&#8220;{}&#8220; custom_padding__hover=&#8220;|||&#8220;][et_pb_text _builder_version=&#8220;4.27.4&#8243; text_font=&#8220;Montserrat||||||||&#8220; text_text_color=&#8220;#27563d&#8220; text_font_size=&#8220;46px&#8220; text_line_height=&#8220;1.4em&#8220; header_font=&#8220;Montserrat||||||||&#8220; header_text_color=&#8220;#ffffff&#8220; header_5_font=&#8220;Playlist Script||||||||&#8220; header_5_text_color=&#8220;#a83746&#8243; header_5_font_size=&#8220;52px&#8220; header_5_line_height=&#8220;1.4em&#8220; header_6_font=&#8220;Montserrat||||||||&#8220; header_6_text_color=&#8220;#27563d&#8220; header_6_font_size=&#8220;21px&#8220; header_6_line_height=&#8220;1.2em&#8220; text_orientation=&#8220;center&#8220; width=&#8220;70%&#8220; width_tablet=&#8220;100%&#8220; width_phone=&#8220;&#8220; width_last_edited=&#8220;on|desktop&#8220; module_alignment=&#8220;center&#8220; min_height=&#8220;101px&#8220; custom_padding=&#8220;4px||0px|0px||&#8220; hover_enabled=&#8220;0&#8243; text_font_size_tablet=&#8220;&#8220; text_font_size_phone=&#8220;32px&#8220; text_font_size_last_edited=&#8220;on|desktop&#8220; header_6_font_size_tablet=&#8220;18px&#8220; header_6_font_size_phone=&#8220;14px&#8220; header_6_font_size_last_edited=&#8220;on|tablet&#8220; text_text_align=&#8220;center&#8220; global_colors_info=&#8220;{}&#8220; sticky_enabled=&#8220;0&#8243;]<\/p>\n<h2><span style=\"color: #a83746;\"><\/span><\/h2>\n<h2 style=\"text-align: left;\"><span style=\"color: #a83746;\">Bewu\u00dft und zuversichtlich <\/span><\/h2>\n<h2 style=\"text-align: left;\"><span style=\"color: #a83746;\">in einen neuen Lebensabschnitt<\/span><\/h2>\n<h6 style=\"text-align: left;\"><\/h6>\n<p>[\/et_pb_text][\/et_pb_column][\/et_pb_row][\/et_pb_section][et_pb_section fb_built=&#8220;1&#8243; module_id=&#8220;bewusst&#8220; module_class=&#8220;bewusst&#8220; _builder_version=&#8220;4.16&#8243; min_height=&#8220;2028px&#8220; custom_margin=&#8220;-140px|||||&#8220; custom_padding=&#8220;51px|0px|51px|0px|false|false&#8220; da_disable_devices=&#8220;off|off|off&#8220; global_colors_info=&#8220;{}&#8220; da_is_popup=&#8220;off&#8220; da_exit_intent=&#8220;off&#8220; da_has_close=&#8220;on&#8220; da_alt_close=&#8220;off&#8220; da_dark_close=&#8220;off&#8220; da_not_modal=&#8220;on&#8220; da_is_singular=&#8220;off&#8220; da_with_loader=&#8220;off&#8220; da_has_shadow=&#8220;on&#8220;][et_pb_row _builder_version=&#8220;4.16&#8243; custom_padding=&#8220;|||3px||&#8220; global_colors_info=&#8220;{}&#8220;][et_pb_column type=&#8220;4_4&#8243; _builder_version=&#8220;4.16&#8243; custom_padding=&#8220;|||&#8220; global_colors_info=&#8220;{}&#8220; custom_padding__hover=&#8220;|||&#8220;][et_pb_text _builder_version=&#8220;4.16&#8243; text_font=&#8220;Montserrat|300|||||||&#8220; text_line_height=&#8220;1.4em&#8220; ul_font=&#8220;Montserrat|500|||||||&#8220; ul_text_color=&#8220;#27563d&#8220; header_font=&#8220;||||||||&#8220; header_2_font=&#8220;Montserrat|300|||||||&#8220; header_2_text_color=&#8220;#a83746&#8243; header_3_font=&#8220;Montserrat||||||||&#8220; header_3_text_color=&#8220;#27563d&#8220; header_5_font=&#8220;||||||||&#8220; header_6_font=&#8220;Montserrat|500||on|||||&#8220; header_6_text_color=&#8220;#a83746&#8243; header_6_font_size=&#8220;21px&#8220; header_6_line_height=&#8220;1.4em&#8220; module_alignment=&#8220;center&#8220; custom_margin=&#8220;||40px|&#8220; custom_padding=&#8220;38px|||||&#8220; global_colors_info=&#8220;{}&#8220;]<\/p>\n<h3><span style=\"color: #a83746;\">Du befindest dich vor oder in einem gro\u00dfen Lebens\u00fcbergang und m\u00f6chtest diesen bewusst mit Begleitung gestalten.<\/span><\/h3>\n<p>&nbsp;<\/p>\n<p>An einem wichtigen Wendepunkt in deinem Leben besch\u00e4ftigen dich existentielle Fragen wie:<\/p>\n<ul>\n<li>Was ist in meinem Leben ist unerledigt?<\/li>\n<li>Was habe ich bisher aufgeschoben und was dr\u00e4ngt zur Verwirklichung?<\/li>\n<li>In was und wen kann ich vertrauen?<\/li>\n<li>Was sind meine Werte und Leitplanken?<\/li>\n<li>Sind meine jetzigen Bezugspersonen noch unterst\u00fctzend?<\/li>\n<li>Was soll im Mittelpunkt meines k\u00fcnftigen Lebens stehen?<\/li>\n<li>Was belastet und verhindert mein Weitergehen?<\/li>\n<li>F\u00f6rdern meine Gewohnheiten meine Gesundheit und mein Wohlergehen?<\/li>\n<\/ul>\n<p>Ich kann dich dabei unterst\u00fctzen, diese Fragen so zu bewegen, dass die Antworten dir Richtung und Ideen geben, um deinen neuen Lebensabschnitt zu gestalten.<\/p>\n<p><span style=\"font-size: 16px;\">Vielleicht stehst du<\/span><\/p>\n<ul>\n<li>vor dem Eintritt ins Berufsleben<\/li>\n<li>vor einem neuen bedeutenden Karriereschritt<\/li>\n<li>vor der Situation, mit einer bleibenden Einschr\u00e4nkung zu leben<\/li>\n<li>in einer Phase der Neufindung nach einem Verlust<\/li>\n<li>vor der Gr\u00fcndung einer Familie<\/li>\n<li>in einer Trennung\/ Scheidung<\/li>\n<li>davor, dass deine Kinder das Haus verlassen<\/li>\n<li>vor der Pensionierung<\/li>\n<\/ul>\n<p>Statt \u00e4ngstlich und passiv die Dinge auf dich zukommen zu lassen, kannst du mit mir die Situation nutzen, um die Verwirklichung deiner tiefsten W\u00fcnsche nach Lebensfreude und Erf\u00fcllung auf den Weg zu bringen.<\/p>\n<p>Vieles ist m\u00f6glich. Das betrifft auch Dinge, von denen du dich innerlich vielleicht schon verabschiedet hattest.<br \/>Halte einen Moment inne und stell dir Folgendes vor:<\/p>\n<ul>\n<li>Frei von einschr\u00e4nkendem und \u00fcberfl\u00fcssigem Ballast f\u00fchlst du dich leicht und bereit f\u00fcr neue L\u00f6sungen.<\/li>\n<li>Du hast eine Vision, wei\u00dft, welche Werte dir wichtig sind und benutzt sie als Kompass.<\/li>\n<li>Du bist dir deines Lebensthemas bewusst und schlie\u00dft Frieden mit deiner Vergangenheit.<\/li>\n<li>Du f\u00fchlst dich sicher in unterst\u00fctzenden Beziehungen.<\/li>\n<li>Mit neuen Lebensgewohnheiten f\u00fchlst du dich ges\u00fcnder und wohl in deinem K\u00f6rper.<\/li>\n<li>Du hast den Mut und die Kraft, immer wieder neue Schritte zu gehen und dich dem Unbekannten zu stellen.<\/li>\n<li>Du f\u00fchlst dich verbunden mit dir selbst und deinen Ressourcen.<\/li>\n<\/ul>\n<p>Ich bin an deiner Seite und ermutige dich in deinem Lebens\u00fcbergang auf allen Ebenen. Gemeinsam sorgen wir daf\u00fcr, dass du ihn nutzt, um das Leben zu gestalten, das zu dir passt.<\/p>\n<p>&nbsp;<\/p>\n<h6><span style=\"font-weight: 300;\">Meine langfristige Unterst\u00fctzung in diesem Prozess beinhaltet<\/span><\/h6>\n<ul>\n<li style=\"font-weight: 300;\">\n<h6><span style=\"font-weight: 300;\">12 Coaching- Sessions<\/span><\/h6>\n<\/li>\n<li style=\"font-weight: 300;\">\n<h6><span style=\"font-weight: 300;\">Schriftliche impulse nach jeder Session, die dir Helfen, neue Sichtweisen und gewohnheiten in deinem Alltag zu integrieren<\/span><\/h6>\n<\/li>\n<li style=\"font-weight: 300;\">\n<h6><span style=\"font-weight: 300;\">WhatsApp- Kontakt<\/span><\/h6>\n<\/li>\n<li style=\"font-weight: 300;\">\n<h6><span style=\"font-weight: 300;\">Supportmails<\/span><\/h6>\n<\/li>\n<\/ul>\n<h6><span style=\"font-weight: 300;\">und ist innerhalb von 6 Monaten buchbar.<\/span><\/h6>\n<h6><span style=\"font-weight: 300;\">PREIS: 1440 Euro<\/span><\/h6>\n<p><span style=\"font-weight: 300;\"><\/span><\/p>\n<p><span style=\"font-weight: 300;\"><\/span><\/p>\n<p><span style=\"font-weight: 300; color: #27563d;\">Ich bin Cordula und habe es mir zur Aufgabe gemacht, als Coach und Mentorin Menschen in \u00dcberg\u00e4ngen und Ver\u00e4nderungen zu begleiten.. <\/span><\/p>\n<p><span style=\"font-weight: 300; color: #27563d;\">Ich bin im letzten Jahr Gro\u00dfmutter geworden und damit in eine Phase eingetreten, die mein Leben noch einmal in ganz neue Bahnen lenkt. <\/span><\/p>\n<p><span style=\"font-weight: 300; color: #27563d;\">Ich zeige dir, dass es sich lohnt, dem Wandel gestaltend und mit offenen Armen zu begegnen.<\/span><\/p>\n<p><span style=\"font-weight: 300;\">Nimm Kontakt mit mir auf und lass uns in einem Erstgespr\u00e4ch schauen, ob ich dich unterst\u00fctzen kann. In meinem Buchungskalender kannst du dich f\u00fcr einen Termin anmelden.<\/span><\/p>\n<p>[\/et_pb_text][et_pb_button button_url=&#8220;https:\/\/cordula-boehm.de\/erstgespraech-buchen\/&#8220; button_text=&#8220;Orientierungsgespr\u00e4ch buchen&#8220; button_alignment=&#8220;center&#8220; _builder_version=&#8220;4.16&#8243; custom_button=&#8220;on&#8220; button_text_color=&#8220;#ffffff&#8220; button_bg_color=&#8220;#a83746&#8243; button_border_width=&#8220;0px&#8220; button_border_radius=&#8220;3px&#8220; button_font=&#8220;Century Gothic||||||||&#8220; button_use_icon=&#8220;off&#8220; custom_padding=&#8220;20px|20px|20px|20px&#8220; box_shadow_style=&#8220;preset1&#8243; box_shadow_color=&#8220;rgba(168,55,70,0.55)&#8220; global_colors_info=&#8220;{}&#8220;]<br \/>\n[\/et_pb_button][\/et_pb_column][\/et_pb_row][\/et_pb_section][et_pb_section fb_built=&#8220;1&#8243; admin_label=&#8220;Footer&#8220; _builder_version=&#8220;3.23.3&#8243; background_color=&#8220;#eff0f4&#8243; min_height=&#8220;253.1px&#8220; custom_padding=&#8220;1px|0px||0px|false|false&#8220; da_disable_devices=&#8220;off|off|off&#8220; global_module=&#8220;10790&#8243; global_colors_info=&#8220;{}&#8220; da_is_popup=&#8220;off&#8220; da_exit_intent=&#8220;off&#8220; da_has_close=&#8220;on&#8220; da_alt_close=&#8220;off&#8220; da_dark_close=&#8220;off&#8220; da_not_modal=&#8220;on&#8220; da_is_singular=&#8220;off&#8220; da_with_loader=&#8220;off&#8220; da_has_shadow=&#8220;on&#8220;][et_pb_row column_structure=&#8220;1_4,1_4,1_4,1_4&#8243; make_equal=&#8220;on&#8220; _builder_version=&#8220;4.16&#8243; global_colors_info=&#8220;{}&#8220;][et_pb_column type=&#8220;1_4&#8243; _builder_version=&#8220;4.16&#8243; custom_padding=&#8220;|||&#8220; custom_css_main_element=&#8220;margin:auto;&#8220; global_colors_info=&#8220;{}&#8220; custom_padding__hover=&#8220;|||&#8220;][et_pb_text _builder_version=&#8220;4.16&#8243; text_font=&#8220;Montserrat|300|||||||&#8220; text_text_color=&#8220;#969696&#8243; text_font_size=&#8220;18px&#8220; text_line_height=&#8220;1.3em&#8220; header_font=&#8220;||||||||&#8220; header_text_color=&#8220;#ffbf20&#8243; global_colors_info=&#8220;{}&#8220;]<\/p>\n<p><span style=\"color: #27563d;\">cordula b\u00f6hm<\/span><br \/><span style=\"color: #a83746;\">TO THE CORE<\/span><br \/><span style=\"color: #ffbf20;\">online coaching<\/span><\/p>\n<p>[\/et_pb_text][\/et_pb_column][et_pb_column type=&#8220;1_4&#8243; _builder_version=&#8220;4.16&#8243; custom_padding=&#8220;|||&#8220; global_colors_info=&#8220;{}&#8220; custom_padding__hover=&#8220;|||&#8220;][et_pb_text _builder_version=&#8220;4.16&#8243; text_font=&#8220;Montserrat|300|||||||&#8220; text_text_color=&#8220;#27563d&#8220; text_font_size=&#8220;14px&#8220; header_font=&#8220;||||||||&#8220; header_5_font=&#8220;Montserrat||||||||&#8220; header_6_font=&#8220;Montserrat||||||||&#8220; header_6_text_color=&#8220;#a83746&#8243; text_text_align=&#8220;left&#8220; global_colors_info=&#8220;{}&#8220;]<\/p>\n<p><span style=\"color: #993366;\">AS YOUR COACH<\/span><\/p>\n<p><span style=\"color: #993366;\">I accompany and support you in changes and life transitions on your way to a powerful colorful life.<\/span><\/p>\n<p>[\/et_pb_text][\/et_pb_column][et_pb_column type=&#8220;1_4&#8243; _builder_version=&#8220;4.16&#8243; custom_padding=&#8220;|||&#8220; global_colors_info=&#8220;{}&#8220; custom_padding__hover=&#8220;|||&#8220;][et_pb_text _builder_version=&#8220;4.16&#8243; text_font=&#8220;Montserrat|300|||||||&#8220; text_text_color=&#8220;#27563d&#8220; text_font_size=&#8220;14px&#8220; header_font=&#8220;||||||||&#8220; header_5_font=&#8220;Montserrat||||||||&#8220; header_6_font=&#8220;Montserrat||||||||&#8220; header_6_text_color=&#8220;#a83746&#8243; text_text_align=&#8220;left&#8220; global_colors_info=&#8220;{}&#8220;]<\/p>\n<h6>Get in touch!<\/h6>\n<p>info@cordula-boehm.de<br \/> <a href=\"\/impressum\/\">Impressum<\/a> \/ <a href=\"\/datenschutz\/\">Datenschutz<\/a><\/p>\n<p>Alle Rechte vorbehalten<\/p>\n<p>[\/et_pb_text][\/et_pb_column][et_pb_column type=&#8220;1_4&#8243; _builder_version=&#8220;4.16&#8243; custom_padding=&#8220;|||&#8220; global_colors_info=&#8220;{}&#8220; custom_padding__hover=&#8220;|||&#8220;][et_pb_text _builder_version=&#8220;4.16&#8243; text_font=&#8220;Montserrat||||||||&#8220; text_text_color=&#8220;#27563d&#8220; text_font_size=&#8220;14px&#8220; header_font=&#8220;||||||||&#8220; header_5_font=&#8220;Montserrat||||||||&#8220; header_6_font=&#8220;Montserrat||||||||&#8220; header_6_text_color=&#8220;#a83746&#8243; custom_margin=&#8220;||-1px|||&#8220; text_text_align=&#8220;left&#8220; global_colors_info=&#8220;{}&#8220;]<\/p>\n<h6>Follow me here<\/h6>\n<p>[\/et_pb_text][et_pb_social_media_follow icon_color=&#8220;#ffffff&#8220; _builder_version=&#8220;4.16&#8243; custom_button=&#8220;on&#8220; button_text_color=&#8220;#ffffff&#8220; button_font=&#8220;||||||||&#8220; custom_margin=&#8220;6px|||||&#8220; border_radii=&#8220;on|100px|100px|100px|100px&#8220; border_color_all=&#8220;#27563d&#8220; global_colors_info=&#8220;{}&#8220;][et_pb_social_media_follow_network social_network=&#8220;facebook&#8220; url=&#8220;http:\/\/www.facebook.com\/boehm.cordula&#8220; icon_color=&#8220;#ffffff&#8220; _builder_version=&#8220;4.16&#8243; background_color=&#8220;#3b5998&#8243; global_colors_info=&#8220;{}&#8220; follow_button=&#8220;off&#8220; url_new_window=&#8220;on&#8220;]facebook[\/et_pb_social_media_follow_network][et_pb_social_media_follow_network social_network=&#8220;instagram&#8220; url=&#8220;https:\/\/www.instagram.com\/tothecore.onlinecoaching\/&#8220; _builder_version=&#8220;4.16&#8243; background_color=&#8220;#ea2c59&#8243; global_colors_info=&#8220;{}&#8220; follow_button=&#8220;off&#8220; url_new_window=&#8220;on&#8220;]instagram[\/et_pb_social_media_follow_network][\/et_pb_social_media_follow][et_pb_social_media_follow icon_color=&#8220;#ffffff&#8220; disabled_on=&#8220;on|on|on&#8220; _builder_version=&#8220;4.16&#8243; custom_button=&#8220;on&#8220; button_text_color=&#8220;#ffffff&#8220; button_font=&#8220;||||||||&#8220; custom_margin=&#8220;6px|||||&#8220; border_radii=&#8220;on|100px|100px|100px|100px&#8220; border_color_all=&#8220;#27563d&#8220; disabled=&#8220;on&#8220; global_colors_info=&#8220;{}&#8220;][et_pb_social_media_follow_network social_network=&#8220;facebook&#8220; url=&#8220;http:\/\/Facebook.com\/boehm.cordula&#8220; icon_color=&#8220;#ffffff&#8220; _builder_version=&#8220;4.16&#8243; background_color=&#8220;#3b5998&#8243; global_colors_info=&#8220;{}&#8220; follow_button=&#8220;off&#8220; url_new_window=&#8220;on&#8220;]facebook[\/et_pb_social_media_follow_network][et_pb_social_media_follow_network social_network=&#8220;instagram&#8220; url=&#8220;https:\/\/www.instagram.com\/tothecore.onlinecoaching\/&#8220; _builder_version=&#8220;4.16&#8243; background_color=&#8220;#ea2c59&#8243; global_colors_info=&#8220;{}&#8220; follow_button=&#8220;off&#8220; url_new_window=&#8220;on&#8220;]instagram[\/et_pb_social_media_follow_network][\/et_pb_social_media_follow][\/et_pb_column][\/et_pb_row][\/et_pb_section]<\/p>\n<span class=\"et_bloom_bottom_trigger\"><\/span>","protected":false},"excerpt":{"rendered":"<p>Bewu\u00dft und zuversichtlich in einen neuen Lebensabschnitt Du befindest dich vor oder in einem gro\u00dfen Lebens\u00fcbergang und m\u00f6chtest diesen bewusst mit Begleitung gestalten. &nbsp; An einem wichtigen Wendepunkt in deinem Leben besch\u00e4ftigen dich existentielle Fragen wie: Was ist in meinem Leben ist unerledigt? Was habe ich bisher aufgeschoben und was dr\u00e4ngt zur Verwirklichung? In was [&hellip;]<\/p>\n","protected":false},"author":2,"featured_media":0,"parent":0,"menu_order":0,"comment_status":"closed","ping_status":"closed","template":"","meta":{"_acf_changed":false,"_et_pb_use_builder":"on","_et_pb_old_content":"","_et_gb_content_width":"","om_disable_all_campaigns":false,"_monsterinsights_skip_tracking":false,"_monsterinsights_sitenote_active":false,"_monsterinsights_sitenote_note":"","_monsterinsights_sitenote_category":0,"footnotes":""},"class_list":["post-11140","page","type-page","status-publish","hentry"],"acf":[],"yoast_head":"<!-- This site is optimized with the Yoast SEO plugin v27.0 - https:\/\/yoast.com\/product\/yoast-seo-wordpress\/ -->\n<title>Angebote - Cordula B\u00f6hm<\/title>\n<meta name=\"description\" content=\"Wenn du dir eine der folgenden oder \u00e4hnliche Fragen stellst, dann ist COACHING TO THE CORE eine gute Option einer L\u00f6sung auf die Spur zu kommen.\" \/>\n<meta name=\"robots\" content=\"index, follow, max-snippet:-1, max-image-preview:large, max-video-preview:-1\" \/>\n<link rel=\"canonical\" href=\"https:\/\/cordula-boehm.de\/en\/bewusst-und-zuversichtlich-in-ein-neues-leben\/\" \/>\n<meta property=\"og:locale\" content=\"en_US\" \/>\n<meta property=\"og:type\" content=\"article\" \/>\n<meta property=\"og:title\" content=\"Angebote - Cordula B\u00f6hm\" \/>\n<meta property=\"og:description\" content=\"Wenn du dir eine der folgenden oder \u00e4hnliche Fragen stellst, dann ist COACHING TO THE CORE eine gute Option einer L\u00f6sung auf die Spur zu kommen.\" \/>\n<meta property=\"og:url\" content=\"https:\/\/cordula-boehm.de\/en\/bewusst-und-zuversichtlich-in-ein-neues-leben\/\" \/>\n<meta property=\"og:site_name\" content=\"Cordula B\u00f6hm\" \/>\n<meta property=\"article:modified_time\" content=\"2025-07-10T08:56:05+00:00\" \/>\n<meta name=\"twitter:card\" content=\"summary_large_image\" \/>\n<meta name=\"twitter:label1\" content=\"Est. reading time\" \/>\n\t<meta name=\"twitter:data1\" content=\"3 minutes\" \/>\n<script type=\"application\/ld+json\" class=\"yoast-schema-graph\">{\"@context\":\"https:\/\/schema.org\",\"@graph\":[{\"@type\":\"WebPage\",\"@id\":\"https:\/\/cordula-boehm.de\/bewusst-und-zuversichtlich-in-ein-neues-leben\/\",\"url\":\"https:\/\/cordula-boehm.de\/bewusst-und-zuversichtlich-in-ein-neues-leben\/\",\"name\":\"Angebote - Cordula B\u00f6hm\",\"isPartOf\":{\"@id\":\"https:\/\/cordula-boehm.de\/#website\"},\"datePublished\":\"2019-06-15T14:13:25+00:00\",\"dateModified\":\"2025-07-10T08:56:05+00:00\",\"description\":\"Wenn du dir eine der folgenden oder \u00e4hnliche Fragen stellst, dann ist COACHING TO THE CORE eine gute Option einer L\u00f6sung auf die Spur zu kommen.\",\"breadcrumb\":{\"@id\":\"https:\/\/cordula-boehm.de\/bewusst-und-zuversichtlich-in-ein-neues-leben\/#breadcrumb\"},\"inLanguage\":\"en-US\",\"potentialAction\":[{\"@type\":\"ReadAction\",\"target\":[\"https:\/\/cordula-boehm.de\/bewusst-und-zuversichtlich-in-ein-neues-leben\/\"]}]},{\"@type\":\"BreadcrumbList\",\"@id\":\"https:\/\/cordula-boehm.de\/bewusst-und-zuversichtlich-in-ein-neues-leben\/#breadcrumb\",\"itemListElement\":[{\"@type\":\"ListItem\",\"position\":1,\"name\":\"Startseite\",\"item\":\"https:\/\/cordula-boehm.de\/\"},{\"@type\":\"ListItem\",\"position\":2,\"name\":\"Bewusst und zuversichtlich in ein neues Leben\"}]},{\"@type\":\"WebSite\",\"@id\":\"https:\/\/cordula-boehm.de\/#website\",\"url\":\"https:\/\/cordula-boehm.de\/\",\"name\":\"Cordula B\u00f6hm\",\"description\":\"to the core - Online Coaching\",\"potentialAction\":[{\"@type\":\"SearchAction\",\"target\":{\"@type\":\"EntryPoint\",\"urlTemplate\":\"https:\/\/cordula-boehm.de\/?s={search_term_string}\"},\"query-input\":{\"@type\":\"PropertyValueSpecification\",\"valueRequired\":true,\"valueName\":\"search_term_string\"}}],\"inLanguage\":\"en-US\"}]}<\/script>\n<!-- \/ Yoast SEO plugin. -->","yoast_head_json":{"title":"Angebote - Cordula B\u00f6hm","description":"Wenn du dir eine der folgenden oder \u00e4hnliche Fragen stellst, dann ist COACHING TO THE CORE eine gute Option einer L\u00f6sung auf die Spur zu kommen.","robots":{"index":"index","follow":"follow","max-snippet":"max-snippet:-1","max-image-preview":"max-image-preview:large","max-video-preview":"max-video-preview:-1"},"canonical":"https:\/\/cordula-boehm.de\/en\/bewusst-und-zuversichtlich-in-ein-neues-leben\/","og_locale":"en_US","og_type":"article","og_title":"Angebote - Cordula B\u00f6hm","og_description":"Wenn du dir eine der folgenden oder \u00e4hnliche Fragen stellst, dann ist COACHING TO THE CORE eine gute Option einer L\u00f6sung auf die Spur zu kommen.","og_url":"https:\/\/cordula-boehm.de\/en\/bewusst-und-zuversichtlich-in-ein-neues-leben\/","og_site_name":"Cordula B\u00f6hm","article_modified_time":"2025-07-10T08:56:05+00:00","twitter_card":"summary_large_image","twitter_misc":{"Est. reading time":"3 minutes"},"schema":{"@context":"https:\/\/schema.org","@graph":[{"@type":"WebPage","@id":"https:\/\/cordula-boehm.de\/bewusst-und-zuversichtlich-in-ein-neues-leben\/","url":"https:\/\/cordula-boehm.de\/bewusst-und-zuversichtlich-in-ein-neues-leben\/","name":"Angebote - Cordula B\u00f6hm","isPartOf":{"@id":"https:\/\/cordula-boehm.de\/#website"},"datePublished":"2019-06-15T14:13:25+00:00","dateModified":"2025-07-10T08:56:05+00:00","description":"Wenn du dir eine der folgenden oder \u00e4hnliche Fragen stellst, dann ist COACHING TO THE CORE eine gute Option einer L\u00f6sung auf die Spur zu kommen.","breadcrumb":{"@id":"https:\/\/cordula-boehm.de\/bewusst-und-zuversichtlich-in-ein-neues-leben\/#breadcrumb"},"inLanguage":"en-US","potentialAction":[{"@type":"ReadAction","target":["https:\/\/cordula-boehm.de\/bewusst-und-zuversichtlich-in-ein-neues-leben\/"]}]},{"@type":"BreadcrumbList","@id":"https:\/\/cordula-boehm.de\/bewusst-und-zuversichtlich-in-ein-neues-leben\/#breadcrumb","itemListElement":[{"@type":"ListItem","position":1,"name":"Startseite","item":"https:\/\/cordula-boehm.de\/"},{"@type":"ListItem","position":2,"name":"Bewusst und zuversichtlich in ein neues Leben"}]},{"@type":"WebSite","@id":"https:\/\/cordula-boehm.de\/#website","url":"https:\/\/cordula-boehm.de\/","name":"Cordula B\u00f6hm","description":"to the core - Online Coaching","potentialAction":[{"@type":"SearchAction","target":{"@type":"EntryPoint","urlTemplate":"https:\/\/cordula-boehm.de\/?s={search_term_string}"},"query-input":{"@type":"PropertyValueSpecification","valueRequired":true,"valueName":"search_term_string"}}],"inLanguage":"en-US"}]}},"_links":{"self":[{"href":"https:\/\/cordula-boehm.de\/en\/wp-json\/wp\/v2\/pages\/11140","targetHints":{"allow":["GET"]}}],"collection":[{"href":"https:\/\/cordula-boehm.de\/en\/wp-json\/wp\/v2\/pages"}],"about":[{"href":"https:\/\/cordula-boehm.de\/en\/wp-json\/wp\/v2\/types\/page"}],"author":[{"embeddable":true,"href":"https:\/\/cordula-boehm.de\/en\/wp-json\/wp\/v2\/users\/2"}],"replies":[{"embeddable":true,"href":"https:\/\/cordula-boehm.de\/en\/wp-json\/wp\/v2\/comments?post=11140"}],"version-history":[{"count":10,"href":"https:\/\/cordula-boehm.de\/en\/wp-json\/wp\/v2\/pages\/11140\/revisions"}],"predecessor-version":[{"id":14105,"href":"https:\/\/cordula-boehm.de\/en\/wp-json\/wp\/v2\/pages\/11140\/revisions\/14105"}],"wp:attachment":[{"href":"https:\/\/cordula-boehm.de\/en\/wp-json\/wp\/v2\/media?parent=11140"}],"curies":[{"name":"wp","href":"https:\/\/api.w.org\/{rel}","templated":true}]}}