{"id":11682,"date":"2019-10-24T15:06:39","date_gmt":"2019-10-24T13:06:39","guid":{"rendered":"https:\/\/cordula-boehm.de\/?page_id=11682"},"modified":"2020-08-22T17:15:03","modified_gmt":"2020-08-22T15:15:03","slug":"podcast-to-the-core-gespraeche-ueber-lebensveraenderungen","status":"publish","type":"page","link":"https:\/\/cordula-boehm.de\/en\/podcast-to-the-core-gespraeche-ueber-lebensveraenderungen\/","title":{"rendered":"Podcast"},"content":{"rendered":"<p>[et_pb_section fb_built=&#8220;1&#8243; disabled_on=&#8220;off|off|off&#8220; _builder_version=&#8220;3.22.3&#8243; custom_margin=&#8220;-7px|||||&#8220; custom_padding=&#8220;54px|0px|0|0px|false|false&#8220;][et_pb_row _builder_version=&#8220;3.25&#8243; custom_padding=&#8220;0|0px|50px|0px|false|false&#8220; column_structure=&#8220;1_5,3_5,1_5&#8243;][et_pb_column type=&#8220;1_5&#8243; _builder_version=&#8220;3.25&#8243; custom_padding=&#8220;|||&#8220; custom_padding__hover=&#8220;|||&#8220;][\/et_pb_column][et_pb_column type=&#8220;3_5&#8243; _builder_version=&#8220;3.25&#8243; custom_padding=&#8220;|||&#8220; custom_padding__hover=&#8220;|||&#8220;][et_pb_blog include_categories=&#8220;10&#8243; _builder_version=&#8220;3.23.3&#8243; header_font=&#8220;Montserrat|300|||||||&#8220; header_text_color=&#8220;#a83746&#8243; body_font=&#8220;Montserrat|300|||||||&#8220; meta_font=&#8220;||||||||&#8220; meta_text_color=&#8220;#27563d&#8220;][\/et_pb_blog][\/et_pb_column][et_pb_column type=&#8220;1_5&#8243; _builder_version=&#8220;3.25&#8243; custom_padding=&#8220;|||&#8220; custom_padding__hover=&#8220;|||&#8220;][\/et_pb_column][\/et_pb_row][\/et_pb_section][et_pb_section fb_built=&#8220;1&#8243; _builder_version=&#8220;3.23.3&#8243; custom_padding=&#8220;2px|||||&#8220; saved_tabs=&#8220;all&#8220; global_module=&#8220;12235&#8243;][et_pb_row _builder_version=&#8220;3.25&#8243;][et_pb_column type=&#8220;4_4&#8243; _builder_version=&#8220;3.25&#8243; custom_padding=&#8220;|||&#8220; custom_padding__hover=&#8220;|||&#8220;][et_pb_signup provider=&#8220;mailerlite&#8220; mailerlite_list=&#8220;Cordula B\u00f6hm|62112036&#8243; layout=&#8220;top_bottom&#8220; ip_address=&#8220;off&#8220; name_field=&#8220;on&#8220; success_action=&#8220;redirect&#8220; success_redirect_url=&#8220;https:\/\/cordula-boehm.de\/bitte-bestaetige-deine-e-mail-adresse\/&#8220; title=&#8220;DEIN LEBEN VERLANGT EINE ENTSCHEIDUNG?&#8220; button_text=&#8220;UNTERST\u00dcTZUNG KOSTENFREI HERUNTERLADEN&#8220; description=&#8220;<\/p>\n<p><span style=%22font-weight: 400;%22>Falls du dich an einer Weggabelung befindest und es dir schwer f\u00e4llt, die Richtung zu w\u00e4hlen, hilft dir diese kurze Meditation, deinen inneren Kompass deutlicher wahrzunehmen um zu einer Entscheidung zu kommen.<\/span><\/p>\n<p>&#8220; footer_content=&#8220;<\/p>\n<p><span>** Ich verschicke keinen Spam und du kannst dich jederzeit wieder abmelden. Hier findest du meine <\/span><a href=%22https:\/\/cordula-boehm.de\/datenschutz\/%22 data-et-target-link=%22_blank%22 rel=%22noopener noreferrer%22><u>Datenschutzerkl\u00e4rung<\/u><span> <\/span><\/a><span>**<\/span><\/p>\n<p>&#8220; module_id=&#8220;freebie&#8220; module_class=&#8220;freebie&#8220; _builder_version=&#8220;4.2.1&#8243; header_font=&#8220;||||||||&#8220; header_text_color=&#8220;#a83746&#8243; body_font=&#8220;Montserrat|300|||||||&#8220; body_text_align=&#8220;center&#8220; body_text_color=&#8220;#4f5362&#8243; form_field_font=&#8220;||||||||&#8220; form_field_text_align=&#8220;left&#8220; background_color=&#8220;#ffbf20&#8243; custom_button=&#8220;on&#8220; button_text_color=&#8220;#ffbf20&#8243; button_bg_color=&#8220;#a83746&#8243; button_border_width=&#8220;10px&#8220; button_border_color=&#8220;#a83746&#8243; button_font=&#8220;Montserrat||||||||&#8220; background_layout=&#8220;light&#8220;][et_pb_signup_custom_field field_title=&#8220;ZIP&#8220; field_type=&#8220;checkbox&#8220; checkbox_options=&#8220;%91{%22value%22:%22Ich habe die Datenschutzerkl\u00e4rung gelesen und akzeptiert.%22,%22checked%22:0,%22dragID%22:-1,%22link_url%22:%22https:\/\/cordula-boehm.de\/datenschutz\/%22,%22link_text%22:%22%22}%93&#8243; conditional_logic=&#8220;on&#8220; conditional_logic_rules=&#8220;%91{%22field%22:%22%22,%22condition%22:%22is%22,%22value%22:%22%22}%93&#8243; _builder_version=&#8220;4.2.1&#8243; predefined_field=&#8220;zip&#8220;][\/et_pb_signup_custom_field][\/et_pb_signup][\/et_pb_column][\/et_pb_row][\/et_pb_section][et_pb_section fb_built=&#8220;1&#8243; admin_label=&#8220;Footer&#8220; _builder_version=&#8220;3.23.3&#8243; background_color=&#8220;#eff0f4&#8243; custom_padding=&#8220;1px|0px||0px|false|false&#8220; global_module=&#8220;10790&#8243;][et_pb_row column_structure=&#8220;1_4,1_4,1_4,1_4&#8243; make_equal=&#8220;on&#8220; _builder_version=&#8220;3.25&#8243;][et_pb_column type=&#8220;1_4&#8243; _builder_version=&#8220;3.25&#8243; custom_padding=&#8220;|||&#8220; custom_css_main_element=&#8220;margin:auto;&#8220; custom_padding__hover=&#8220;|||&#8220;][et_pb_text _builder_version=&#8220;3.27.4&#8243; text_font=&#8220;Montserrat|300|||||||&#8220; text_text_color=&#8220;#969696&#8243; text_font_size=&#8220;18px&#8220; text_line_height=&#8220;1.3em&#8220; header_font=&#8220;||||||||&#8220; header_text_color=&#8220;#ffbf20&#8243;]<\/p>\n<p><span style=\"color: #27563d;\">cordula b\u00f6hm<\/span><br \/><span style=\"color: #a83746;\">TO THE CORE<\/span><br \/><span style=\"color: #ffbf20;\">online coaching<\/span><\/p>\n<p>[\/et_pb_text][\/et_pb_column][et_pb_column type=&#8220;1_4&#8243; _builder_version=&#8220;3.25&#8243; custom_padding=&#8220;|||&#8220; custom_padding__hover=&#8220;|||&#8220;][et_pb_text _builder_version=&#8220;3.27.4&#8243; text_font=&#8220;Montserrat|300|||||||&#8220; text_text_color=&#8220;#27563d&#8220; text_font_size=&#8220;14px&#8220; header_font=&#8220;||||||||&#8220; header_5_font=&#8220;Montserrat||||||||&#8220; header_6_font=&#8220;Montserrat||||||||&#8220; header_6_text_color=&#8220;#a83746&#8243; text_text_align=&#8220;left&#8220;]<\/p>\n<h6>ALS DEIN COACH<\/h6>\n<p>begleite und unterst\u00fctze ich dich in Ver\u00e4nderungen und Lebens\u00fcberg\u00e4ngen auf deinem Weg hin zu einem kraftvollen farbigen Leben.<\/p>\n<p>[\/et_pb_text][\/et_pb_column][et_pb_column type=&#8220;1_4&#8243; _builder_version=&#8220;3.25&#8243; custom_padding=&#8220;|||&#8220; custom_padding__hover=&#8220;|||&#8220;][et_pb_text _builder_version=&#8220;3.27.4&#8243; text_font=&#8220;Montserrat|300|||||||&#8220; text_text_color=&#8220;#27563d&#8220; text_font_size=&#8220;14px&#8220; header_font=&#8220;||||||||&#8220; header_5_font=&#8220;Montserrat||||||||&#8220; header_6_font=&#8220;Montserrat||||||||&#8220; header_6_text_color=&#8220;#a83746&#8243; text_text_align=&#8220;left&#8220;]<\/p>\n<h6>SCHREIB MIR<\/h6>\n<p>info@cordula-boehm.de<br \/><a href=\"\/impressum\/\">Impressum<\/A> \/ <a href=\"\/datenschutz\/\">Datenschutz<\/a><\/p>\n<p>Alle Rechte vorbehalten<\/p>\n<p>[\/et_pb_text][\/et_pb_column][et_pb_column type=&#8220;1_4&#8243; _builder_version=&#8220;3.25&#8243; custom_padding=&#8220;|||&#8220; custom_padding__hover=&#8220;|||&#8220;][et_pb_text _builder_version=&#8220;3.27.4&#8243; text_font=&#8220;Montserrat||||||||&#8220; text_text_color=&#8220;#27563d&#8220; text_font_size=&#8220;14px&#8220; header_font=&#8220;||||||||&#8220; header_5_font=&#8220;Montserrat||||||||&#8220; header_6_font=&#8220;Montserrat||||||||&#8220; header_6_text_color=&#8220;#a83746&#8243; custom_margin=&#8220;||-1px|||&#8220; text_text_align=&#8220;left&#8220;]<\/p>\n<h6>FOLGE MIR HIER<\/h6>\n<p>[\/et_pb_text][et_pb_social_media_follow icon_color=&#8220;#ffffff&#8220; _builder_version=&#8220;3.23.3&#8243; custom_button=&#8220;on&#8220; button_text_color=&#8220;#ffffff&#8220; button_font=&#8220;||||||||&#8220; custom_margin=&#8220;6px|||||&#8220; border_radii=&#8220;on|100px|100px|100px|100px&#8220; border_color_all=&#8220;#27563d&#8220;][et_pb_social_media_follow_network social_network=&#8220;facebook&#8220; url=&#8220;http:\/\/Facebook.com\/boehm.cordula&#8220; icon_color=&#8220;#ffffff&#8220; _builder_version=&#8220;3.23.3&#8243; background_color=&#8220;#3b5998&#8243; follow_button=&#8220;off&#8220; url_new_window=&#8220;on&#8220;]facebook[\/et_pb_social_media_follow_network][et_pb_social_media_follow_network social_network=&#8220;instagram&#8220; url=&#8220;https:\/\/www.instagram.com\/tothecore.onlinecoaching\/&#8220; _builder_version=&#8220;3.23.3&#8243; background_color=&#8220;#ea2c59&#8243; follow_button=&#8220;off&#8220; url_new_window=&#8220;on&#8220;]instagram[\/et_pb_social_media_follow_network][\/et_pb_social_media_follow][et_pb_social_media_follow icon_color=&#8220;#ffffff&#8220; disabled_on=&#8220;on|on|on&#8220; _builder_version=&#8220;3.23.3&#8243; custom_button=&#8220;on&#8220; button_text_color=&#8220;#ffffff&#8220; button_font=&#8220;||||||||&#8220; custom_margin=&#8220;6px|||||&#8220; border_radii=&#8220;on|100px|100px|100px|100px&#8220; border_color_all=&#8220;#27563d&#8220; disabled=&#8220;on&#8220;][et_pb_social_media_follow_network social_network=&#8220;facebook&#8220; url=&#8220;http:\/\/Facebook.com\/boehm.cordula&#8220; icon_color=&#8220;#ffffff&#8220; _builder_version=&#8220;3.23.3&#8243; background_color=&#8220;#3b5998&#8243; follow_button=&#8220;off&#8220; url_new_window=&#8220;on&#8220;]facebook[\/et_pb_social_media_follow_network][et_pb_social_media_follow_network social_network=&#8220;instagram&#8220; url=&#8220;https:\/\/www.instagram.com\/tothecore.onlinecoaching\/&#8220; _builder_version=&#8220;3.23.3&#8243; background_color=&#8220;#ea2c59&#8243; follow_button=&#8220;off&#8220; url_new_window=&#8220;on&#8220;]instagram[\/et_pb_social_media_follow_network][\/et_pb_social_media_follow][\/et_pb_column][\/et_pb_row][\/et_pb_section][et_pb_section fb_built=&#8220;1&#8243; _builder_version=&#8220;3.23.3&#8243;][\/et_pb_section][et_pb_section fb_built=&#8220;1&#8243; _builder_version=&#8220;3.23.3&#8243;][\/et_pb_section]<\/p>\n<span class=\"et_bloom_bottom_trigger\"><\/span>","protected":false},"excerpt":{"rendered":"<p>cordula b\u00f6hmTO THE COREonline coachingALS DEIN COACH begleite und unterst\u00fctze ich dich in Ver\u00e4nderungen und Lebens\u00fcberg\u00e4ngen auf deinem Weg hin zu einem kraftvollen farbigen Leben.SCHREIB MIR info@cordula-boehm.deImpressum \/ Datenschutz Alle Rechte vorbehaltenFOLGE MIR HIER<\/p>","protected":false},"author":2,"featured_media":11716,"parent":0,"menu_order":0,"comment_status":"closed","ping_status":"closed","template":"","meta":{"_acf_changed":false,"_et_pb_use_builder":"on","_et_pb_old_content":"","_et_gb_content_width":"","om_disable_all_campaigns":false,"_monsterinsights_skip_tracking":false,"_monsterinsights_sitenote_active":false,"_monsterinsights_sitenote_note":"","_monsterinsights_sitenote_category":0,"footnotes":""},"class_list":["post-11682","page","type-page","status-publish","has-post-thumbnail","hentry"],"acf":[],"yoast_head":"<!-- This site is optimized with the Yoast SEO plugin v27.0 - https:\/\/yoast.com\/product\/yoast-seo-wordpress\/ -->\n<title>Podcast - Cordula B\u00f6hm<\/title>\n<meta name=\"description\" content=\"Lass dich inspirieren und informieren in meinem Blog.\" \/>\n<meta name=\"robots\" content=\"index, follow, max-snippet:-1, max-image-preview:large, max-video-preview:-1\" \/>\n<link rel=\"canonical\" href=\"https:\/\/cordula-boehm.de\/en\/podcast-to-the-core-gespraeche-ueber-lebensveraenderungen\/\" \/>\n<meta property=\"og:locale\" content=\"en_US\" \/>\n<meta property=\"og:type\" content=\"article\" \/>\n<meta property=\"og:title\" content=\"Podcast - Cordula B\u00f6hm\" \/>\n<meta property=\"og:description\" content=\"Lass dich inspirieren und informieren in meinem Blog.\" \/>\n<meta property=\"og:url\" content=\"https:\/\/cordula-boehm.de\/en\/podcast-to-the-core-gespraeche-ueber-lebensveraenderungen\/\" \/>\n<meta property=\"og:site_name\" content=\"Cordula B\u00f6hm\" \/>\n<meta property=\"article:modified_time\" content=\"2020-08-22T15:15:03+00:00\" \/>\n<meta property=\"og:image\" content=\"https:\/\/cordula-boehm.de\/wp-content\/uploads\/2019\/10\/chat-on-change-2-1.png\" \/>\n\t<meta property=\"og:image:width\" content=\"2480\" \/>\n\t<meta property=\"og:image:height\" content=\"520\" \/>\n\t<meta property=\"og:image:type\" content=\"image\/png\" \/>\n<meta name=\"twitter:card\" content=\"summary_large_image\" \/>\n<meta name=\"twitter:label1\" content=\"Est. reading time\" \/>\n\t<meta name=\"twitter:data1\" content=\"4 minutes\" \/>\n<script type=\"application\/ld+json\" class=\"yoast-schema-graph\">{\"@context\":\"https:\/\/schema.org\",\"@graph\":[{\"@type\":\"WebPage\",\"@id\":\"https:\/\/cordula-boehm.de\/podcast-to-the-core-gespraeche-ueber-lebensveraenderungen\/\",\"url\":\"https:\/\/cordula-boehm.de\/podcast-to-the-core-gespraeche-ueber-lebensveraenderungen\/\",\"name\":\"Podcast - Cordula B\u00f6hm\",\"isPartOf\":{\"@id\":\"https:\/\/cordula-boehm.de\/#website\"},\"primaryImageOfPage\":{\"@id\":\"https:\/\/cordula-boehm.de\/podcast-to-the-core-gespraeche-ueber-lebensveraenderungen\/#primaryimage\"},\"image\":{\"@id\":\"https:\/\/cordula-boehm.de\/podcast-to-the-core-gespraeche-ueber-lebensveraenderungen\/#primaryimage\"},\"thumbnailUrl\":\"https:\/\/cordula-boehm.de\/wp-content\/uploads\/2019\/10\/chat-on-change-2-1.png\",\"datePublished\":\"2019-10-24T13:06:39+00:00\",\"dateModified\":\"2020-08-22T15:15:03+00:00\",\"description\":\"Lass dich inspirieren und informieren in meinem Blog.\",\"breadcrumb\":{\"@id\":\"https:\/\/cordula-boehm.de\/podcast-to-the-core-gespraeche-ueber-lebensveraenderungen\/#breadcrumb\"},\"inLanguage\":\"en-US\",\"potentialAction\":[{\"@type\":\"ReadAction\",\"target\":[\"https:\/\/cordula-boehm.de\/podcast-to-the-core-gespraeche-ueber-lebensveraenderungen\/\"]}]},{\"@type\":\"ImageObject\",\"inLanguage\":\"en-US\",\"@id\":\"https:\/\/cordula-boehm.de\/podcast-to-the-core-gespraeche-ueber-lebensveraenderungen\/#primaryimage\",\"url\":\"https:\/\/cordula-boehm.de\/wp-content\/uploads\/2019\/10\/chat-on-change-2-1.png\",\"contentUrl\":\"https:\/\/cordula-boehm.de\/wp-content\/uploads\/2019\/10\/chat-on-change-2-1.png\",\"width\":2480,\"height\":520},{\"@type\":\"BreadcrumbList\",\"@id\":\"https:\/\/cordula-boehm.de\/podcast-to-the-core-gespraeche-ueber-lebensveraenderungen\/#breadcrumb\",\"itemListElement\":[{\"@type\":\"ListItem\",\"position\":1,\"name\":\"Startseite\",\"item\":\"https:\/\/cordula-boehm.de\/\"},{\"@type\":\"ListItem\",\"position\":2,\"name\":\"Podcast\"}]},{\"@type\":\"WebSite\",\"@id\":\"https:\/\/cordula-boehm.de\/#website\",\"url\":\"https:\/\/cordula-boehm.de\/\",\"name\":\"Cordula B\u00f6hm\",\"description\":\"to the core - Online Coaching\",\"potentialAction\":[{\"@type\":\"SearchAction\",\"target\":{\"@type\":\"EntryPoint\",\"urlTemplate\":\"https:\/\/cordula-boehm.de\/?s={search_term_string}\"},\"query-input\":{\"@type\":\"PropertyValueSpecification\",\"valueRequired\":true,\"valueName\":\"search_term_string\"}}],\"inLanguage\":\"en-US\"}]}<\/script>\n<!-- \/ Yoast SEO plugin. -->","yoast_head_json":{"title":"Podcast - Cordula B\u00f6hm","description":"Lass dich inspirieren und informieren in meinem Blog.","robots":{"index":"index","follow":"follow","max-snippet":"max-snippet:-1","max-image-preview":"max-image-preview:large","max-video-preview":"max-video-preview:-1"},"canonical":"https:\/\/cordula-boehm.de\/en\/podcast-to-the-core-gespraeche-ueber-lebensveraenderungen\/","og_locale":"en_US","og_type":"article","og_title":"Podcast - Cordula B\u00f6hm","og_description":"Lass dich inspirieren und informieren in meinem Blog.","og_url":"https:\/\/cordula-boehm.de\/en\/podcast-to-the-core-gespraeche-ueber-lebensveraenderungen\/","og_site_name":"Cordula B\u00f6hm","article_modified_time":"2020-08-22T15:15:03+00:00","og_image":[{"width":2480,"height":520,"url":"https:\/\/cordula-boehm.de\/wp-content\/uploads\/2019\/10\/chat-on-change-2-1.png","type":"image\/png"}],"twitter_card":"summary_large_image","twitter_misc":{"Est. reading time":"4 minutes"},"schema":{"@context":"https:\/\/schema.org","@graph":[{"@type":"WebPage","@id":"https:\/\/cordula-boehm.de\/podcast-to-the-core-gespraeche-ueber-lebensveraenderungen\/","url":"https:\/\/cordula-boehm.de\/podcast-to-the-core-gespraeche-ueber-lebensveraenderungen\/","name":"Podcast - Cordula B\u00f6hm","isPartOf":{"@id":"https:\/\/cordula-boehm.de\/#website"},"primaryImageOfPage":{"@id":"https:\/\/cordula-boehm.de\/podcast-to-the-core-gespraeche-ueber-lebensveraenderungen\/#primaryimage"},"image":{"@id":"https:\/\/cordula-boehm.de\/podcast-to-the-core-gespraeche-ueber-lebensveraenderungen\/#primaryimage"},"thumbnailUrl":"https:\/\/cordula-boehm.de\/wp-content\/uploads\/2019\/10\/chat-on-change-2-1.png","datePublished":"2019-10-24T13:06:39+00:00","dateModified":"2020-08-22T15:15:03+00:00","description":"Lass dich inspirieren und informieren in meinem Blog.","breadcrumb":{"@id":"https:\/\/cordula-boehm.de\/podcast-to-the-core-gespraeche-ueber-lebensveraenderungen\/#breadcrumb"},"inLanguage":"en-US","potentialAction":[{"@type":"ReadAction","target":["https:\/\/cordula-boehm.de\/podcast-to-the-core-gespraeche-ueber-lebensveraenderungen\/"]}]},{"@type":"ImageObject","inLanguage":"en-US","@id":"https:\/\/cordula-boehm.de\/podcast-to-the-core-gespraeche-ueber-lebensveraenderungen\/#primaryimage","url":"https:\/\/cordula-boehm.de\/wp-content\/uploads\/2019\/10\/chat-on-change-2-1.png","contentUrl":"https:\/\/cordula-boehm.de\/wp-content\/uploads\/2019\/10\/chat-on-change-2-1.png","width":2480,"height":520},{"@type":"BreadcrumbList","@id":"https:\/\/cordula-boehm.de\/podcast-to-the-core-gespraeche-ueber-lebensveraenderungen\/#breadcrumb","itemListElement":[{"@type":"ListItem","position":1,"name":"Startseite","item":"https:\/\/cordula-boehm.de\/"},{"@type":"ListItem","position":2,"name":"Podcast"}]},{"@type":"WebSite","@id":"https:\/\/cordula-boehm.de\/#website","url":"https:\/\/cordula-boehm.de\/","name":"Cordula B\u00f6hm","description":"to the core - Online Coaching","potentialAction":[{"@type":"SearchAction","target":{"@type":"EntryPoint","urlTemplate":"https:\/\/cordula-boehm.de\/?s={search_term_string}"},"query-input":{"@type":"PropertyValueSpecification","valueRequired":true,"valueName":"search_term_string"}}],"inLanguage":"en-US"}]}},"_links":{"self":[{"href":"https:\/\/cordula-boehm.de\/en\/wp-json\/wp\/v2\/pages\/11682","targetHints":{"allow":["GET"]}}],"collection":[{"href":"https:\/\/cordula-boehm.de\/en\/wp-json\/wp\/v2\/pages"}],"about":[{"href":"https:\/\/cordula-boehm.de\/en\/wp-json\/wp\/v2\/types\/page"}],"author":[{"embeddable":true,"href":"https:\/\/cordula-boehm.de\/en\/wp-json\/wp\/v2\/users\/2"}],"replies":[{"embeddable":true,"href":"https:\/\/cordula-boehm.de\/en\/wp-json\/wp\/v2\/comments?post=11682"}],"version-history":[{"count":8,"href":"https:\/\/cordula-boehm.de\/en\/wp-json\/wp\/v2\/pages\/11682\/revisions"}],"predecessor-version":[{"id":12257,"href":"https:\/\/cordula-boehm.de\/en\/wp-json\/wp\/v2\/pages\/11682\/revisions\/12257"}],"wp:featuredmedia":[{"embeddable":true,"href":"https:\/\/cordula-boehm.de\/en\/wp-json\/wp\/v2\/media\/11716"}],"wp:attachment":[{"href":"https:\/\/cordula-boehm.de\/en\/wp-json\/wp\/v2\/media?parent=11682"}],"curies":[{"name":"wp","href":"https:\/\/api.w.org\/{rel}","templated":true}]}}