{"id":12282,"date":"2020-02-21T15:41:52","date_gmt":"2020-02-21T14:41:52","guid":{"rendered":"https:\/\/cordula-boehm.de\/?page_id=12282"},"modified":"2024-12-06T17:27:34","modified_gmt":"2024-12-06T16:27:34","slug":"meditation-entscheidung","status":"publish","type":"page","link":"https:\/\/cordula-boehm.de\/en\/meditation-entscheidung\/","title":{"rendered":"Freebie_Meditation_Entscheidung"},"content":{"rendered":"<p>[et_pb_section fb_built=&#8220;1&#8243; admin_label=&#8220;Hero&#8220; _builder_version=&#8220;4.16&#8243; width_tablet=&#8220;&#8220; width_phone=&#8220;&#8220; width_last_edited=&#8220;on|desktop&#8220; custom_margin=&#8220;0px||||false|false&#8220; custom_padding=&#8220;0px|0px|0px|0px|false|false&#8220; animation_style=&#8220;zoom&#8220; animation_intensity_zoom=&#8220;4%&#8220; global_colors_info=&#8220;{}&#8220;][et_pb_row column_structure=&#8220;1_2,1_2&#8243; use_custom_gutter=&#8220;on&#8220; gutter_width=&#8220;1&#8243; make_equal=&#8220;on&#8220; module_class=&#8220; et_pb_row_fullwidth&#8220; _builder_version=&#8220;4.16&#8243; background_color=&#8220;#ffbf20&#8243; background_enable_image=&#8220;off&#8220; width=&#8220;100%&#8220; width_tablet=&#8220;100%&#8220; width_phone=&#8220;&#8220; width_last_edited=&#8220;on|tablet&#8220; max_width=&#8220;100%&#8220; max_width_tablet=&#8220;100%&#8220; max_width_phone=&#8220;&#8220; max_width_last_edited=&#8220;on|desktop&#8220; module_alignment=&#8220;center&#8220; min_height=&#8220;230px&#8220; height=&#8220;284px&#8220; max_height_tablet=&#8220;&#8220; max_height_phone=&#8220;&#8220; max_height_last_edited=&#8220;on|tablet&#8220; custom_margin=&#8220;0px|auto|37px|auto|false|false&#8220; custom_padding=&#8220;0px||0px||false|false&#8220; animation_style=&#8220;slide&#8220; animation_direction=&#8220;top&#8220; animation_intensity_slide=&#8220;3%&#8220; background_last_edited=&#8220;on|phone&#8220; background_enable_image_tablet=&#8220;off&#8220; background_enable_image_phone=&#8220;off&#8220; make_fullwidth=&#8220;on&#8220; global_colors_info=&#8220;{}&#8220;][et_pb_column type=&#8220;1_2&#8243; _builder_version=&#8220;4.16&#8243; custom_padding=&#8220;6%|8%|0%|8%|false|false&#8220; global_colors_info=&#8220;{}&#8220; custom_padding__hover=&#8220;|||&#8220;][et_pb_text _builder_version=&#8220;4.16&#8243; text_font=&#8220;||||||||&#8220; header_font=&#8220;Playlist Script||||||||&#8220; header_text_align=&#8220;center&#8220; header_text_color=&#8220;#27563d&#8220; header_font_size=&#8220;42px&#8220; header_line_height=&#8220;1.5em&#8220; width_tablet=&#8220;100%&#8220; width_phone=&#8220;100%&#8220; width_last_edited=&#8220;on|phone&#8220; module_alignment=&#8220;center&#8220; custom_margin=&#8220;-34px||18px||false|false&#8220; custom_margin_tablet=&#8220;-31px||24px||false|false&#8220; custom_margin_phone=&#8220;-11px||8px||false|false&#8220; custom_margin_last_edited=&#8220;on|tablet&#8220; animation_style=&#8220;fade&#8220; header_font_size_tablet=&#8220;48px&#8220; header_font_size_phone=&#8220;35px&#8220; header_font_size_last_edited=&#8220;on|phone&#8220; locked=&#8220;off&#8220; global_colors_info=&#8220;{}&#8220;]<\/p>\n<h1>Raubt dir nachts eine schwierige Entscheidung den Schlaf?<\/h1>\n<p>[\/et_pb_text][\/et_pb_column][et_pb_column type=&#8220;1_2&#8243; _builder_version=&#8220;4.16&#8243; background_image=&#8220;https:\/\/cordula-boehm.de\/wp-content\/uploads\/2020\/02\/Meditation_Entscheidungshilfe_pfeil_tabletl.png&#8220; custom_padding=&#8220;0px||0px||false|false&#8220; background_last_edited=&#8220;on|tablet&#8220; background_image_tablet=&#8220;https:\/\/cordula-boehm.de\/wp-content\/uploads\/2020\/02\/Meditation_Entscheidungshilfe_pfeil_tabletl.png&#8220; background_image_phone=&#8220;https:\/\/cordula-boehm.de\/wp-content\/uploads\/2020\/02\/Meditation_Entscheidungshilfe_pfeil_mobil.png&#8220; background_enable_image_tablet=&#8220;on&#8220; background_enable_image_phone=&#8220;on&#8220; background_size_tablet=&#8220;contain&#8220; background_size_phone=&#8220;initial&#8220; global_colors_info=&#8220;{}&#8220; custom_padding__hover=&#8220;|||&#8220;][et_pb_text _builder_version=&#8220;4.16&#8243; background_enable_image=&#8220;off&#8220; min_height=&#8220;260px&#8220; height=&#8220;260px&#8220; custom_margin=&#8220;0px||||false|false&#8220; custom_margin_tablet=&#8220;14px||||false|false&#8220; custom_margin_phone=&#8220;-91px||||false|false&#8220; custom_margin_last_edited=&#8220;on|phone&#8220; custom_padding=&#8220;0px||0px||false|false&#8220; background_last_edited=&#8220;on|desktop&#8220; background_enable_image_tablet=&#8220;off&#8220; background_enable_image_phone=&#8220;off&#8220; background_size_phone=&#8220;contain&#8220; global_colors_info=&#8220;{}&#8220;][\/et_pb_text][\/et_pb_column][\/et_pb_row][\/et_pb_section][et_pb_section fb_built=&#8220;1&#8243; _builder_version=&#8220;4.16&#8243; background_enable_image=&#8220;off&#8220; custom_margin=&#8220;30px||||false|false&#8220; custom_margin_tablet=&#8220;36px||||false|false&#8220; custom_margin_phone=&#8220;&#8220; custom_margin_last_edited=&#8220;on|tablet&#8220; custom_padding=&#8220;5px||72px|||&#8220; global_colors_info=&#8220;{}&#8220;][et_pb_row use_custom_gutter=&#8220;on&#8220; gutter_width=&#8220;2&#8243; make_equal=&#8220;on&#8220; _builder_version=&#8220;4.16&#8243; width=&#8220;100%&#8220; width_tablet=&#8220;100%&#8220; width_phone=&#8220;100%&#8220; width_last_edited=&#8220;on|desktop&#8220; module_alignment=&#8220;center&#8220; custom_margin=&#8220;-2px|0px||0px|false|true&#8220; custom_margin_tablet=&#8220;0px||||false|true&#8220; custom_margin_phone=&#8220;&#8220; custom_margin_last_edited=&#8220;on|tablet&#8220; custom_padding=&#8220;0px||||false|false&#8220; module_alignment_tablet=&#8220;&#8220; module_alignment_phone=&#8220;&#8220; module_alignment_last_edited=&#8220;on|phone&#8220; global_colors_info=&#8220;{}&#8220;][et_pb_column type=&#8220;4_4&#8243; _builder_version=&#8220;4.16&#8243; global_colors_info=&#8220;{}&#8220;][et_pb_text _builder_version=&#8220;4.16&#8243; text_font=&#8220;Montserrat||||||||&#8220; text_font_size=&#8220;17px&#8220; text_orientation=&#8220;center&#8220; custom_margin_tablet=&#8220;32px||||false|false&#8220; custom_margin_phone=&#8220;35px||||false|false&#8220; custom_margin_last_edited=&#8220;on|phone&#8220; custom_padding_tablet=&#8220;&#8220; custom_padding_phone=&#8220;|25px||25px|false|true&#8220; custom_padding_last_edited=&#8220;on|phone&#8220; global_colors_info=&#8220;{}&#8220;]<\/p>\n<p><span>Du befindest dich an einer Weggabelung, und es f\u00e4llt dir schwer die Richtung zu w\u00e4hlen?<\/span><\/p>\n<p><span>Alle Pro- und Kontra-Analysen haben dich nicht zur Klarheit gef\u00fchrt?<\/span><\/p>\n<p>Was du brauchst ist ein tieferer Zugang zu deiner ureigenen inneren Entscheidungsinstanz?<\/p>\n<p>&nbsp;<\/p>\n<p>[\/et_pb_text][et_pb_text _builder_version=&#8220;4.16&#8243; header_3_font=&#8220;Montserrat||||||||&#8220; header_3_text_align=&#8220;center&#8220; header_3_text_color=&#8220;#a83746&#8243; header_3_font_size=&#8220;31px&#8220; custom_padding=&#8220;|25px||25px|false|true&#8220; global_colors_info=&#8220;{}&#8220;]<\/p>\n<h3>Nimm dir 15 Minuten Zeit und Ruhe.<\/h3>\n<p>[\/et_pb_text][et_pb_text _builder_version=&#8220;4.16&#8243; text_font=&#8220;Montserrat||||||||&#8220; text_font_size=&#8220;17px&#8220; text_orientation=&#8220;center&#8220; custom_padding=&#8220;|25px||25px|false|true&#8220; global_colors_info=&#8220;{}&#8220;]<\/p>\n<p>Lass dich von mir durch eine Meditation f\u00fchren.<\/p>\n<p>An deren Ende wirst du die Antwort finden, die dich langfristig zu Wachstum und Erf\u00fcllung f\u00fchrt.<\/p>\n<p>[\/et_pb_text][et_pb_signup provider=&#8220;mailerlite&#8220; mailerlite_list=&#8220;Cordula B\u00f6hm|62112036&#8243; layout=&#8220;top_bottom&#8220; last_name_field=&#8220;off&#8220; use_custom_fields=&#8220;on&#8220; success_action=&#8220;redirect&#8220; success_redirect_url=&#8220;https:\/\/cordula-boehm.de\/bitte-bestaetige-deine-e-mail-adresse\/&#8220; title=&#8220;Hier bekommst du die kostenlose Meditation:&#8220; button_text=&#8220;Klick hier!&#8220; _builder_version=&#8220;4.16&#8243; form_field_text_color=&#8220;#000000&#8243; form_field_focus_background_color=&#8220;#000000&#8243; form_field_focus_text_color=&#8220;#ffffff&#8220; header_font=&#8220;Playlist Script||||||||&#8220; header_text_color=&#8220;#ffbf20&#8243; header_font_size=&#8220;41px&#8220; header_line_height=&#8220;1.8em&#8220; body_font=&#8220;Aileron Regular||||||||&#8220; body_font_size=&#8220;18px&#8220; body_line_height=&#8220;1.8em&#8220; form_field_font=&#8220;Aileron Regular||||||||&#8220; form_field_font_size=&#8220;16px&#8220; custom_button=&#8220;on&#8220; button_text_size=&#8220;22px&#8220; button_text_color=&#8220;#ffbf20&#8243; button_bg_color=&#8220;rgba(0,0,0,0)&#8220; button_border_color=&#8220;#ffbf20&#8243; button_font=&#8220;Aileron Regular||||||||&#8220; text_orientation=&#8220;center&#8220; width_tablet=&#8220;&#8220; width_phone=&#8220;100%&#8220; width_last_edited=&#8220;on|phone&#8220; border_color_all_fields=&#8220;rgba(0,0,0,0)&#8220; global_colors_info=&#8220;{}&#8220; button_bg_color__hover_enabled=&#8220;on|hover&#8220; button_bg_color__hover=&#8220;#ffbf20&#8243; button_bg_enable_color__hover=&#8220;on&#8220;][et_pb_signup_custom_field field_id=&#8220;datenschutz&#8220; field_title=&#8220;Datenschutz&#8220; field_type=&#8220;checkbox&#8220; checkbox_options=&#8220;%91{%22value%22:%22Ich habe die Datenschutz zur Kenntnis genommen%22,%22checked%22:0,%22dragID%22:-1,%22link_url%22:%22https:\/\/cordula-boehm.de\/datenschutz\/%22}%93&#8243; _builder_version=&#8220;4.16&#8243; global_colors_info=&#8220;{}&#8220; predefined_field=&#8220;datenschutz&#8220;][\/et_pb_signup_custom_field][\/et_pb_signup][\/et_pb_column][\/et_pb_row][\/et_pb_section][et_pb_section fb_built=&#8220;1&#8243; admin_label=&#8220;Footer&#8220; _builder_version=&#8220;3.23.3&#8243; background_color=&#8220;#eff0f4&#8243; min_height=&#8220;253.1px&#8220; custom_padding=&#8220;1px|0px||0px|false|false&#8220; global_module=&#8220;10790&#8243; global_colors_info=&#8220;{}&#8220;][et_pb_row column_structure=&#8220;1_4,1_4,1_4,1_4&#8243; make_equal=&#8220;on&#8220; _builder_version=&#8220;4.16&#8243; global_colors_info=&#8220;{}&#8220;][et_pb_column type=&#8220;1_4&#8243; _builder_version=&#8220;4.16&#8243; custom_padding=&#8220;|||&#8220; custom_css_main_element=&#8220;margin:auto;&#8220; global_colors_info=&#8220;{}&#8220; custom_padding__hover=&#8220;|||&#8220;][et_pb_text _builder_version=&#8220;4.16&#8243; text_font=&#8220;Montserrat|300|||||||&#8220; text_text_color=&#8220;#969696&#8243; text_font_size=&#8220;18px&#8220; text_line_height=&#8220;1.3em&#8220; header_font=&#8220;||||||||&#8220; header_text_color=&#8220;#ffbf20&#8243; global_colors_info=&#8220;{}&#8220;]<\/p>\n<p><span style=\"color: #27563d;\">cordula b\u00f6hm<\/span><br \/><span style=\"color: #a83746;\">TO THE CORE<\/span><br \/><span style=\"color: #ffbf20;\">online coaching<\/span><\/p>\n<p>[\/et_pb_text][\/et_pb_column][et_pb_column type=&#8220;1_4&#8243; _builder_version=&#8220;4.16&#8243; custom_padding=&#8220;|||&#8220; global_colors_info=&#8220;{}&#8220; custom_padding__hover=&#8220;|||&#8220;][et_pb_text _builder_version=&#8220;4.16&#8243; text_font=&#8220;Montserrat|300|||||||&#8220; text_text_color=&#8220;#27563d&#8220; text_font_size=&#8220;14px&#8220; header_font=&#8220;||||||||&#8220; header_5_font=&#8220;Montserrat||||||||&#8220; header_6_font=&#8220;Montserrat||||||||&#8220; header_6_text_color=&#8220;#a83746&#8243; text_text_align=&#8220;left&#8220; global_colors_info=&#8220;{}&#8220;]<\/p>\n<p><span style=\"color: #993366;\">AS YOUR COACH<\/span><\/p>\n<p><span style=\"color: #993366;\">I accompany and support you in changes and life transitions on your way to a powerful colorful life.<\/span><\/p>\n<p>[\/et_pb_text][\/et_pb_column][et_pb_column type=&#8220;1_4&#8243; _builder_version=&#8220;4.16&#8243; custom_padding=&#8220;|||&#8220; global_colors_info=&#8220;{}&#8220; custom_padding__hover=&#8220;|||&#8220;][et_pb_text _builder_version=&#8220;4.16&#8243; text_font=&#8220;Montserrat|300|||||||&#8220; text_text_color=&#8220;#27563d&#8220; text_font_size=&#8220;14px&#8220; header_font=&#8220;||||||||&#8220; header_5_font=&#8220;Montserrat||||||||&#8220; header_6_font=&#8220;Montserrat||||||||&#8220; header_6_text_color=&#8220;#a83746&#8243; text_text_align=&#8220;left&#8220; global_colors_info=&#8220;{}&#8220;]<\/p>\n<h6>Get in touch!<\/h6>\n<p>info@cordula-boehm.de<br \/> <a href=\"\/impressum\/\">Impressum<\/a> \/ <a href=\"\/datenschutz\/\">Datenschutz<\/a><\/p>\n<p>Alle Rechte vorbehalten<\/p>\n<p>[\/et_pb_text][\/et_pb_column][et_pb_column type=&#8220;1_4&#8243; _builder_version=&#8220;4.16&#8243; custom_padding=&#8220;|||&#8220; global_colors_info=&#8220;{}&#8220; custom_padding__hover=&#8220;|||&#8220;][et_pb_text _builder_version=&#8220;4.16&#8243; text_font=&#8220;Montserrat||||||||&#8220; text_text_color=&#8220;#27563d&#8220; text_font_size=&#8220;14px&#8220; header_font=&#8220;||||||||&#8220; header_5_font=&#8220;Montserrat||||||||&#8220; header_6_font=&#8220;Montserrat||||||||&#8220; header_6_text_color=&#8220;#a83746&#8243; custom_margin=&#8220;||-1px|||&#8220; text_text_align=&#8220;left&#8220; global_colors_info=&#8220;{}&#8220;]<\/p>\n<h6>Follow me here<\/h6>\n<p>[\/et_pb_text][et_pb_social_media_follow icon_color=&#8220;#ffffff&#8220; _builder_version=&#8220;4.16&#8243; custom_button=&#8220;on&#8220; button_text_color=&#8220;#ffffff&#8220; button_font=&#8220;||||||||&#8220; custom_margin=&#8220;6px|||||&#8220; border_radii=&#8220;on|100px|100px|100px|100px&#8220; border_color_all=&#8220;#27563d&#8220; global_colors_info=&#8220;{}&#8220;][et_pb_social_media_follow_network social_network=&#8220;facebook&#8220; url=&#8220;http:\/\/www.facebook.com\/boehm.cordula&#8220; icon_color=&#8220;#ffffff&#8220; _builder_version=&#8220;4.16&#8243; background_color=&#8220;#3b5998&#8243; global_colors_info=&#8220;{}&#8220; follow_button=&#8220;off&#8220; url_new_window=&#8220;on&#8220;]facebook[\/et_pb_social_media_follow_network][et_pb_social_media_follow_network social_network=&#8220;instagram&#8220; url=&#8220;https:\/\/www.instagram.com\/tothecore.onlinecoaching\/&#8220; _builder_version=&#8220;4.16&#8243; background_color=&#8220;#ea2c59&#8243; global_colors_info=&#8220;{}&#8220; follow_button=&#8220;off&#8220; url_new_window=&#8220;on&#8220;]instagram[\/et_pb_social_media_follow_network][\/et_pb_social_media_follow][et_pb_social_media_follow icon_color=&#8220;#ffffff&#8220; disabled_on=&#8220;on|on|on&#8220; _builder_version=&#8220;4.16&#8243; custom_button=&#8220;on&#8220; button_text_color=&#8220;#ffffff&#8220; button_font=&#8220;||||||||&#8220; custom_margin=&#8220;6px|||||&#8220; border_radii=&#8220;on|100px|100px|100px|100px&#8220; border_color_all=&#8220;#27563d&#8220; disabled=&#8220;on&#8220; global_colors_info=&#8220;{}&#8220;][et_pb_social_media_follow_network social_network=&#8220;facebook&#8220; url=&#8220;http:\/\/Facebook.com\/boehm.cordula&#8220; icon_color=&#8220;#ffffff&#8220; _builder_version=&#8220;4.16&#8243; background_color=&#8220;#3b5998&#8243; global_colors_info=&#8220;{}&#8220; follow_button=&#8220;off&#8220; url_new_window=&#8220;on&#8220;]facebook[\/et_pb_social_media_follow_network][et_pb_social_media_follow_network social_network=&#8220;instagram&#8220; url=&#8220;https:\/\/www.instagram.com\/tothecore.onlinecoaching\/&#8220; _builder_version=&#8220;4.16&#8243; background_color=&#8220;#ea2c59&#8243; global_colors_info=&#8220;{}&#8220; follow_button=&#8220;off&#8220; url_new_window=&#8220;on&#8220;]instagram[\/et_pb_social_media_follow_network][\/et_pb_social_media_follow][\/et_pb_column][\/et_pb_row][\/et_pb_section]<\/p>\n<span class=\"et_bloom_bottom_trigger\"><\/span>","protected":false},"excerpt":{"rendered":"<p>Raubt dir nachts eine schwierige Entscheidung den Schlaf?Du befindest dich an einer Weggabelung, und es f\u00e4llt dir schwer die Richtung zu w\u00e4hlen? Alle Pro- und Kontra-Analysen haben dich nicht zur Klarheit gef\u00fchrt? Was du brauchst ist ein tieferer Zugang zu deiner ureigenen inneren Entscheidungsinstanz? &nbsp;Nimm dir 15 Minuten Zeit und Ruhe.Lass dich von mir durch [&hellip;]<\/p>\n","protected":false},"author":2,"featured_media":0,"parent":0,"menu_order":0,"comment_status":"closed","ping_status":"closed","template":"page-template-blank.php","meta":{"_acf_changed":false,"_et_pb_use_builder":"on","_et_pb_old_content":"","_et_gb_content_width":"","om_disable_all_campaigns":false,"_monsterinsights_skip_tracking":false,"_monsterinsights_sitenote_active":false,"_monsterinsights_sitenote_note":"","_monsterinsights_sitenote_category":0,"footnotes":""},"class_list":["post-12282","page","type-page","status-publish","hentry"],"acf":[],"yoast_head":"<!-- This site is optimized with the Yoast SEO plugin v27.0 - https:\/\/yoast.com\/product\/yoast-seo-wordpress\/ -->\n<title>Freebie_Meditation_Entscheidung - Cordula B\u00f6hm<\/title>\n<meta name=\"robots\" content=\"index, follow, max-snippet:-1, max-image-preview:large, max-video-preview:-1\" \/>\n<link rel=\"canonical\" href=\"https:\/\/cordula-boehm.de\/en\/meditation-entscheidung\/\" \/>\n<meta property=\"og:locale\" content=\"en_US\" \/>\n<meta property=\"og:type\" content=\"article\" \/>\n<meta property=\"og:title\" content=\"Freebie_Meditation_Entscheidung - Cordula B\u00f6hm\" \/>\n<meta property=\"og:description\" content=\"Raubt dir nachts eine schwierige Entscheidung den Schlaf?Du befindest dich an einer Weggabelung, und es f\u00e4llt dir schwer die Richtung zu w\u00e4hlen? Alle Pro- und Kontra-Analysen haben dich nicht zur Klarheit gef\u00fchrt? Was du brauchst ist ein tieferer Zugang zu deiner ureigenen inneren Entscheidungsinstanz? &nbsp;Nimm dir 15 Minuten Zeit und Ruhe.Lass dich von mir durch [&hellip;]\" \/>\n<meta property=\"og:url\" content=\"https:\/\/cordula-boehm.de\/en\/meditation-entscheidung\/\" \/>\n<meta property=\"og:site_name\" content=\"Cordula B\u00f6hm\" \/>\n<meta property=\"article:modified_time\" content=\"2024-12-06T16:27:34+00:00\" \/>\n<meta name=\"twitter:card\" content=\"summary_large_image\" \/>\n<meta name=\"twitter:label1\" content=\"Est. reading time\" \/>\n\t<meta name=\"twitter:data1\" content=\"1 minute\" \/>\n<script type=\"application\/ld+json\" class=\"yoast-schema-graph\">{\"@context\":\"https:\/\/schema.org\",\"@graph\":[{\"@type\":\"WebPage\",\"@id\":\"https:\/\/cordula-boehm.de\/meditation-entscheidung\/\",\"url\":\"https:\/\/cordula-boehm.de\/meditation-entscheidung\/\",\"name\":\"Freebie_Meditation_Entscheidung - Cordula B\u00f6hm\",\"isPartOf\":{\"@id\":\"https:\/\/cordula-boehm.de\/#website\"},\"datePublished\":\"2020-02-21T14:41:52+00:00\",\"dateModified\":\"2024-12-06T16:27:34+00:00\",\"breadcrumb\":{\"@id\":\"https:\/\/cordula-boehm.de\/meditation-entscheidung\/#breadcrumb\"},\"inLanguage\":\"en-US\",\"potentialAction\":[{\"@type\":\"ReadAction\",\"target\":[\"https:\/\/cordula-boehm.de\/meditation-entscheidung\/\"]}]},{\"@type\":\"BreadcrumbList\",\"@id\":\"https:\/\/cordula-boehm.de\/meditation-entscheidung\/#breadcrumb\",\"itemListElement\":[{\"@type\":\"ListItem\",\"position\":1,\"name\":\"Startseite\",\"item\":\"https:\/\/cordula-boehm.de\/\"},{\"@type\":\"ListItem\",\"position\":2,\"name\":\"Freebie_Meditation_Entscheidung\"}]},{\"@type\":\"WebSite\",\"@id\":\"https:\/\/cordula-boehm.de\/#website\",\"url\":\"https:\/\/cordula-boehm.de\/\",\"name\":\"Cordula B\u00f6hm\",\"description\":\"to the core - Online Coaching\",\"potentialAction\":[{\"@type\":\"SearchAction\",\"target\":{\"@type\":\"EntryPoint\",\"urlTemplate\":\"https:\/\/cordula-boehm.de\/?s={search_term_string}\"},\"query-input\":{\"@type\":\"PropertyValueSpecification\",\"valueRequired\":true,\"valueName\":\"search_term_string\"}}],\"inLanguage\":\"en-US\"}]}<\/script>\n<!-- \/ Yoast SEO plugin. -->","yoast_head_json":{"title":"Freebie_Meditation_Entscheidung - Cordula B\u00f6hm","robots":{"index":"index","follow":"follow","max-snippet":"max-snippet:-1","max-image-preview":"max-image-preview:large","max-video-preview":"max-video-preview:-1"},"canonical":"https:\/\/cordula-boehm.de\/en\/meditation-entscheidung\/","og_locale":"en_US","og_type":"article","og_title":"Freebie_Meditation_Entscheidung - Cordula B\u00f6hm","og_description":"Raubt dir nachts eine schwierige Entscheidung den Schlaf?Du befindest dich an einer Weggabelung, und es f\u00e4llt dir schwer die Richtung zu w\u00e4hlen? Alle Pro- und Kontra-Analysen haben dich nicht zur Klarheit gef\u00fchrt? Was du brauchst ist ein tieferer Zugang zu deiner ureigenen inneren Entscheidungsinstanz? &nbsp;Nimm dir 15 Minuten Zeit und Ruhe.Lass dich von mir durch [&hellip;]","og_url":"https:\/\/cordula-boehm.de\/en\/meditation-entscheidung\/","og_site_name":"Cordula B\u00f6hm","article_modified_time":"2024-12-06T16:27:34+00:00","twitter_card":"summary_large_image","twitter_misc":{"Est. reading time":"1 minute"},"schema":{"@context":"https:\/\/schema.org","@graph":[{"@type":"WebPage","@id":"https:\/\/cordula-boehm.de\/meditation-entscheidung\/","url":"https:\/\/cordula-boehm.de\/meditation-entscheidung\/","name":"Freebie_Meditation_Entscheidung - Cordula B\u00f6hm","isPartOf":{"@id":"https:\/\/cordula-boehm.de\/#website"},"datePublished":"2020-02-21T14:41:52+00:00","dateModified":"2024-12-06T16:27:34+00:00","breadcrumb":{"@id":"https:\/\/cordula-boehm.de\/meditation-entscheidung\/#breadcrumb"},"inLanguage":"en-US","potentialAction":[{"@type":"ReadAction","target":["https:\/\/cordula-boehm.de\/meditation-entscheidung\/"]}]},{"@type":"BreadcrumbList","@id":"https:\/\/cordula-boehm.de\/meditation-entscheidung\/#breadcrumb","itemListElement":[{"@type":"ListItem","position":1,"name":"Startseite","item":"https:\/\/cordula-boehm.de\/"},{"@type":"ListItem","position":2,"name":"Freebie_Meditation_Entscheidung"}]},{"@type":"WebSite","@id":"https:\/\/cordula-boehm.de\/#website","url":"https:\/\/cordula-boehm.de\/","name":"Cordula B\u00f6hm","description":"to the core - Online Coaching","potentialAction":[{"@type":"SearchAction","target":{"@type":"EntryPoint","urlTemplate":"https:\/\/cordula-boehm.de\/?s={search_term_string}"},"query-input":{"@type":"PropertyValueSpecification","valueRequired":true,"valueName":"search_term_string"}}],"inLanguage":"en-US"}]}},"_links":{"self":[{"href":"https:\/\/cordula-boehm.de\/en\/wp-json\/wp\/v2\/pages\/12282","targetHints":{"allow":["GET"]}}],"collection":[{"href":"https:\/\/cordula-boehm.de\/en\/wp-json\/wp\/v2\/pages"}],"about":[{"href":"https:\/\/cordula-boehm.de\/en\/wp-json\/wp\/v2\/types\/page"}],"author":[{"embeddable":true,"href":"https:\/\/cordula-boehm.de\/en\/wp-json\/wp\/v2\/users\/2"}],"replies":[{"embeddable":true,"href":"https:\/\/cordula-boehm.de\/en\/wp-json\/wp\/v2\/comments?post=12282"}],"version-history":[{"count":8,"href":"https:\/\/cordula-boehm.de\/en\/wp-json\/wp\/v2\/pages\/12282\/revisions"}],"predecessor-version":[{"id":13424,"href":"https:\/\/cordula-boehm.de\/en\/wp-json\/wp\/v2\/pages\/12282\/revisions\/13424"}],"wp:attachment":[{"href":"https:\/\/cordula-boehm.de\/en\/wp-json\/wp\/v2\/media?parent=12282"}],"curies":[{"name":"wp","href":"https:\/\/api.w.org\/{rel}","templated":true}]}}