{"id":12887,"date":"2021-05-02T08:54:05","date_gmt":"2021-05-02T06:54:05","guid":{"rendered":"https:\/\/cordula-boehm.de\/?page_id=12887"},"modified":"2025-07-10T10:56:37","modified_gmt":"2025-07-10T08:56:37","slug":"troubleshooter-und-akuthilfe","status":"publish","type":"page","link":"https:\/\/cordula-boehm.de\/en\/troubleshooter-und-akuthilfe\/","title":{"rendered":"\u201eTroubleShooter\u201c und Akuthilfe"},"content":{"rendered":"<p>[et_pb_section fb_built=&#8220;1&#8243; disabled_on=&#8220;on|on|off&#8220; admin_label=&#8220;section&#8220; _builder_version=&#8220;4.16&#8243; background_color=&#8220;#ffffff&#8220; use_background_color_gradient=&#8220;on&#8220; background_color_gradient_direction=&#8220;1deg&#8220; background_color_gradient_stops=&#8220;#ffffff 0%|rgba(255,255,255,0.29) 0%&#8220; background_color_gradient_overlays_image=&#8220;on&#8220; background_color_gradient_start=&#8220;#ffffff&#8220; background_color_gradient_end=&#8220;rgba(255,255,255,0.29)&#8220; background_color_gradient_end_position=&#8220;0%&#8220; background_image=&#8220;https:\/\/cordula-boehm.de\/wp-content\/uploads\/2019\/06\/IMG_3209.jpg&#8220; min_height=&#8220;426px&#8220; custom_padding=&#8220;|1px|0px|||&#8220; border_radii=&#8220;||||&#8220; border_width_bottom=&#8220;5px&#8220; border_color_bottom=&#8220;#a83746&#8243; global_colors_info=&#8220;{}&#8220; da_is_popup=&#8220;off&#8220; da_exit_intent=&#8220;off&#8220; da_has_close=&#8220;on&#8220; da_alt_close=&#8220;off&#8220; da_dark_close=&#8220;off&#8220; da_not_modal=&#8220;on&#8220; da_is_singular=&#8220;off&#8220; da_with_loader=&#8220;off&#8220; da_has_shadow=&#8220;on&#8220; da_disable_devices=&#8220;off|off|off&#8220;][et_pb_row admin_label=&#8220;row&#8220; _builder_version=&#8220;4.16&#8243; background_color=&#8220;rgba(0,0,0,0)&#8220; background_size=&#8220;initial&#8220; background_position=&#8220;top_left&#8220; background_repeat=&#8220;repeat&#8220; width=&#8220;43.4%&#8220; max_width=&#8220;1275px&#8220; min_height=&#8220;158px&#8220; height=&#8220;100px&#8220; max_height=&#8220;100px&#8220; custom_margin=&#8220;115px|auto|115px|-17px|true|&#8220; global_colors_info=&#8220;{}&#8220;][et_pb_column type=&#8220;4_4&#8243; _builder_version=&#8220;4.16&#8243; background_color=&#8220;#ffbf20&#8243; custom_padding=&#8220;|||&#8220; global_colors_info=&#8220;{}&#8220; custom_padding__hover=&#8220;|||&#8220;][et_pb_text _builder_version=&#8220;4.16&#8243; text_font=&#8220;Montserrat||||||||&#8220; text_text_color=&#8220;#a83746&#8243; text_font_size=&#8220;35px&#8220; text_letter_spacing=&#8220;7px&#8220; text_line_height=&#8220;1em&#8220; header_font=&#8220;Montserrat||||||||&#8220; header_text_color=&#8220;#ffffff&#8220; header_5_font=&#8220;Playlist Script||||||||&#8220; header_5_text_color=&#8220;#a83746&#8243; header_5_font_size=&#8220;52px&#8220; header_5_line_height=&#8220;1.4em&#8220; header_6_font=&#8220;Montserrat||||||||&#8220; header_6_text_color=&#8220;#27563d&#8220; header_6_font_size=&#8220;21px&#8220; header_6_line_height=&#8220;1.2em&#8220; width=&#8220;70%&#8220; width_tablet=&#8220;100%&#8220; width_phone=&#8220;&#8220; width_last_edited=&#8220;on|desktop&#8220; max_width=&#8220;100%&#8220; module_alignment=&#8220;center&#8220; min_height=&#8220;100px&#8220; max_height=&#8220;1000px&#8220; custom_margin=&#8220;|18px||||&#8220; custom_padding=&#8220;4px||0px|0px||&#8220; text_font_size_tablet=&#8220;&#8220; text_font_size_phone=&#8220;32px&#8220; text_font_size_last_edited=&#8220;on|desktop&#8220; header_6_font_size_tablet=&#8220;18px&#8220; header_6_font_size_phone=&#8220;14px&#8220; header_6_font_size_last_edited=&#8220;on|tablet&#8220; text_text_align=&#8220;left&#8220; global_colors_info=&#8220;{}&#8220;]<\/p>\n<h2><span style=\"color: #a80016;\"><\/span><\/h2>\n<h2><span style=\"color: #a80016;\"><\/span><\/h2>\n<h2><span style=\"color: #a80016;\">\u201e<\/span><span style=\"color: #a80016;\">TroubleShooter\u201c und Akuthilfe<\/span><\/h2>\n<h6 style=\"text-align: left;\"><\/h6>\n<p>[\/et_pb_text][\/et_pb_column][\/et_pb_row][\/et_pb_section][et_pb_section fb_built=&#8220;1&#8243; disabled_on=&#8220;off|off|on&#8220; admin_label=&#8220;section&#8220; _builder_version=&#8220;4.16&#8243; background_color=&#8220;#ffffff&#8220; use_background_color_gradient=&#8220;on&#8220; background_color_gradient_direction=&#8220;1deg&#8220; background_color_gradient_stops=&#8220;#ffffff 0%|rgba(255,255,255,0.29) 0%&#8220; background_color_gradient_overlays_image=&#8220;on&#8220; background_color_gradient_start=&#8220;#ffffff&#8220; background_color_gradient_end=&#8220;rgba(255,255,255,0.29)&#8220; background_color_gradient_end_position=&#8220;0%&#8220; background_image=&#8220;https:\/\/cordula-boehm.de\/wp-content\/uploads\/2019\/06\/IMG_3209.jpg&#8220; min_height=&#8220;426px&#8220; custom_padding=&#8220;||0px|||&#8220; border_radii=&#8220;||||&#8220; border_width_bottom=&#8220;5px&#8220; border_color_bottom=&#8220;#a83746&#8243; global_colors_info=&#8220;{}&#8220; da_is_popup=&#8220;off&#8220; da_exit_intent=&#8220;off&#8220; da_has_close=&#8220;on&#8220; da_alt_close=&#8220;off&#8220; da_dark_close=&#8220;off&#8220; da_not_modal=&#8220;on&#8220; da_is_singular=&#8220;off&#8220; da_with_loader=&#8220;off&#8220; da_has_shadow=&#8220;on&#8220; da_disable_devices=&#8220;off|off|off&#8220;][et_pb_row admin_label=&#8220;row&#8220; _builder_version=&#8220;4.16&#8243; background_color=&#8220;rgba(0,0,0,0)&#8220; background_size=&#8220;initial&#8220; background_position=&#8220;top_left&#8220; background_repeat=&#8220;repeat&#8220; width=&#8220;67%&#8220; max_width=&#8220;1275px&#8220; min_height=&#8220;158px&#8220; height=&#8220;100px&#8220; max_height=&#8220;100px&#8220; custom_margin=&#8220;115px|auto|115px|-17px|true|&#8220; custom_padding=&#8220;|2px||||&#8220; global_colors_info=&#8220;{}&#8220;][et_pb_column type=&#8220;4_4&#8243; _builder_version=&#8220;4.16&#8243; background_color=&#8220;#ffbf20&#8243; custom_padding=&#8220;|||&#8220; global_colors_info=&#8220;{}&#8220; custom_padding__hover=&#8220;|||&#8220;][et_pb_text _builder_version=&#8220;4.16&#8243; text_font=&#8220;Montserrat||||||||&#8220; text_text_color=&#8220;#a83746&#8243; text_font_size=&#8220;35px&#8220; text_letter_spacing=&#8220;7px&#8220; text_line_height=&#8220;1em&#8220; header_font=&#8220;Montserrat||||||||&#8220; header_text_color=&#8220;#ffffff&#8220; header_5_font=&#8220;Playlist Script||||||||&#8220; header_5_text_color=&#8220;#a83746&#8243; header_5_font_size=&#8220;52px&#8220; header_5_line_height=&#8220;1.4em&#8220; header_6_font=&#8220;Montserrat||||||||&#8220; header_6_text_color=&#8220;#27563d&#8220; header_6_font_size=&#8220;21px&#8220; header_6_line_height=&#8220;1.2em&#8220; width=&#8220;70%&#8220; width_tablet=&#8220;100%&#8220; width_phone=&#8220;&#8220; width_last_edited=&#8220;on|desktop&#8220; max_width=&#8220;100%&#8220; module_alignment=&#8220;center&#8220; min_height=&#8220;100px&#8220; max_height=&#8220;1000px&#8220; custom_margin=&#8220;|18px||||&#8220; custom_padding=&#8220;4px|0px|0px|0px||&#8220; text_font_size_tablet=&#8220;&#8220; text_font_size_phone=&#8220;32px&#8220; text_font_size_last_edited=&#8220;on|desktop&#8220; header_6_font_size_tablet=&#8220;18px&#8220; header_6_font_size_phone=&#8220;14px&#8220; header_6_font_size_last_edited=&#8220;on|tablet&#8220; text_text_align=&#8220;left&#8220; global_colors_info=&#8220;{}&#8220;]<\/p>\n<h2><span style=\"color: #a80016;\"><\/span><\/h2>\n<h2><span style=\"color: #a80016;\"><\/span><\/h2>\n<h2><span style=\"color: #a80016;\">\u201e<\/span><span style=\"color: #a80016;\">TroubleShooter\u201c und Akuthilfe<\/span><\/h2>\n<h6 style=\"text-align: left;\"><\/h6>\n<p>[\/et_pb_text][\/et_pb_column][\/et_pb_row][\/et_pb_section][et_pb_section fb_built=&#8220;1&#8243; module_id=&#8220;troubleshooter&#8220; module_class=&#8220;troubleshooter&#8220; _builder_version=&#8220;4.16&#8243; custom_padding=&#8220;0px|0px|51px|0px|false|false&#8220; global_colors_info=&#8220;{}&#8220; da_is_popup=&#8220;off&#8220; da_exit_intent=&#8220;off&#8220; da_has_close=&#8220;on&#8220; da_alt_close=&#8220;off&#8220; da_dark_close=&#8220;off&#8220; da_not_modal=&#8220;on&#8220; da_is_singular=&#8220;off&#8220; da_with_loader=&#8220;off&#8220; da_has_shadow=&#8220;on&#8220; da_disable_devices=&#8220;off|off|off&#8220;][et_pb_row _builder_version=&#8220;4.16&#8243; global_colors_info=&#8220;{}&#8220;][et_pb_column type=&#8220;4_4&#8243; _builder_version=&#8220;4.16&#8243; custom_padding=&#8220;|||&#8220; global_colors_info=&#8220;{}&#8220; custom_padding__hover=&#8220;|||&#8220;][et_pb_text _builder_version=&#8220;4.16&#8243; text_font=&#8220;Montserrat|300|||||||&#8220; text_line_height=&#8220;1.4em&#8220; ul_font=&#8220;Montserrat|500|||||||&#8220; ul_text_color=&#8220;#27563d&#8220; header_font=&#8220;||||||||&#8220; header_2_font=&#8220;Montserrat|300|||||||&#8220; header_2_text_color=&#8220;#a83746&#8243; header_3_font=&#8220;Montserrat||||||||&#8220; header_3_text_color=&#8220;#27563d&#8220; header_5_font=&#8220;||||||||&#8220; header_6_font=&#8220;Montserrat|300||on|||||&#8220; header_6_text_color=&#8220;#a83746&#8243; header_6_font_size=&#8220;21px&#8220; header_6_line_height=&#8220;1.4em&#8220; module_alignment=&#8220;center&#8220; custom_margin=&#8220;||40px|&#8220; global_colors_info=&#8220;{}&#8220;]<\/p>\n<h3><\/h3>\n<h3><\/h3>\n<h3><\/h3>\n<h3><\/h3>\n<h3><\/h3>\n<h3><span style=\"color: #a83746;\">Du stehst einer pl\u00f6tzlichen Ver\u00e4nderung v\u00f6llig ratlos gegen\u00fcber.<\/span><\/h3>\n<p>&nbsp;<\/p>\n<p>Bist du auf der Suche nach jemandem, mit dem du in vertrauensvoller Atmosph\u00e4re sprechen kannst?<\/p>\n<p>Bei mir bist du richtig, wenn du<\/p>\n<p>&#8230; gerade deinen Partner oder deinen Job verloren hast,<br \/> &#8230; unerwartet schwanger bist,<br \/> &#8230; eine andere Situation eingetreten ist, die sich anf\u00fchlt, als sei alles aus den Fugen geraten<br \/> oder<br \/> du ganz einfach das Gef\u00fchl hast, dass es so wie bisher nicht mehr weiter geht.<\/p>\n<p>Vielleicht meldet dir dein K\u00f6rper schon erste Anzeichen von Depression oder physischen Beschwerden.<br \/> Du f\u00fchlst dich \u00fcberfordert, w\u00fctend oder traurig und hast keine Ahnung, wie du das bew\u00e4ltigen sollst.<\/p>\n<p>Du musst diesen Weg nicht allein gehen. Gern stehe ich dir zur Verf\u00fcgung und zeige dir, dass es m\u00f6glich ist, da herauszukommen.<\/p>\n<p>Schlie\u00dfe die Augen und stell dir vor:<\/p>\n<ul>\n<li>Du atmest wieder tief durch und akzeptierst was ist.<\/li>\n<li>Deine Gedanken gewinnen an Ordnung.<\/li>\n<li>Du bist in der Lage, deinen Stress zu regulieren.<\/li>\n<li>Am Ende des Tunnels kannst du Licht sehen.<\/li>\n<li>Du f\u00fchlst dich entlastet und vertraust in deine Kapazit\u00e4t, diese Herausforderung zu meistern.<\/li>\n<\/ul>\n<p>Das und vieles andere k\u00f6nnen wir gemeinsam erreichen.<\/p>\n<p>&nbsp;<\/p>\n<h6>In meiner Akuthilfe stehe ich dir f\u00fcr\u00a060 Minuten ermutigend zur Seite, h\u00f6re dir zu und unterst\u00fctze dich darin, deine Perspektiven zu erweitern.<\/h6>\n<h6>PREIS: 120 Euro<\/h6>\n<p>&nbsp;<\/p>\n<p><span style=\"font-weight: 300;\">Ich helfe dir aus deiner \u201eSchockstarre\u201c. Du gewinnst einen annehmenden und beweglicheren Umgang mit der neuen Situation. Wir ordnen und strukturieren dein inneres Chaos, setzen Priorit\u00e4ten und richten den Fokus auf die Ressourcen, die dir helfen, die Situation zu meistern.<\/span><\/p>\n<p><span style=\"font-weight: 300; color: #e5a000;\">Ich bin Cordula und unterst\u00fctze als Coach Menschen in schwierigen Ver\u00e4nderungssituationen. An mir selber und den Menschen, die ich begleite, habe ich erlebt, dass tiefe Br\u00fcche in der Biografie uns schmerzhaft herausfordern, aber auf lange Sicht wichtige Aufwacherlebnisse auf dem Weg in ein erf\u00fcllteres Leben sind.<\/span><\/p>\n<p><span style=\"font-weight: 300;\">Nimm Kontakt mit mir auf und lass uns in einem Erstgespr\u00e4ch schauen, ob ich dich unterst\u00fctzen kann. In meinem Buchungskalender kannst du dich f\u00fcr einen Termin anmelden.<\/span><\/p>\n<p>[\/et_pb_text][et_pb_button button_url=&#8220;https:\/\/cordula-boehm.de\/erstgespraech-buchen\/&#8220; button_text=&#8220;Orientierungsgespr\u00e4ch buchen&#8220; button_alignment=&#8220;center&#8220; _builder_version=&#8220;4.16&#8243; custom_button=&#8220;on&#8220; button_text_color=&#8220;#ffffff&#8220; button_bg_color=&#8220;#a83746&#8243; button_border_width=&#8220;0px&#8220; button_border_radius=&#8220;3px&#8220; button_font=&#8220;Century Gothic||||||||&#8220; button_use_icon=&#8220;off&#8220; custom_padding=&#8220;20px|20px|20px|20px&#8220; box_shadow_style=&#8220;preset1&#8243; box_shadow_color=&#8220;rgba(168,55,70,0.55)&#8220; global_colors_info=&#8220;{}&#8220;]<br \/>\n[\/et_pb_button][\/et_pb_column][\/et_pb_row][\/et_pb_section][et_pb_section fb_built=&#8220;1&#8243; admin_label=&#8220;Footer&#8220; _builder_version=&#8220;3.23.3&#8243; background_color=&#8220;#eff0f4&#8243; min_height=&#8220;253.1px&#8220; custom_padding=&#8220;1px|0px||0px|false|false&#8220; global_module=&#8220;10790&#8243; global_colors_info=&#8220;{}&#8220; da_is_popup=&#8220;off&#8220; da_exit_intent=&#8220;off&#8220; da_has_close=&#8220;on&#8220; da_alt_close=&#8220;off&#8220; da_dark_close=&#8220;off&#8220; da_not_modal=&#8220;on&#8220; da_is_singular=&#8220;off&#8220; da_with_loader=&#8220;off&#8220; da_has_shadow=&#8220;on&#8220; da_disable_devices=&#8220;off|off|off&#8220;][et_pb_row column_structure=&#8220;1_4,1_4,1_4,1_4&#8243; make_equal=&#8220;on&#8220; _builder_version=&#8220;4.16&#8243; global_colors_info=&#8220;{}&#8220;][et_pb_column type=&#8220;1_4&#8243; _builder_version=&#8220;4.16&#8243; custom_padding=&#8220;|||&#8220; custom_css_main_element=&#8220;margin:auto;&#8220; global_colors_info=&#8220;{}&#8220; custom_padding__hover=&#8220;|||&#8220;][et_pb_text _builder_version=&#8220;4.16&#8243; text_font=&#8220;Montserrat|300|||||||&#8220; text_text_color=&#8220;#969696&#8243; text_font_size=&#8220;18px&#8220; text_line_height=&#8220;1.3em&#8220; header_font=&#8220;||||||||&#8220; header_text_color=&#8220;#ffbf20&#8243; global_colors_info=&#8220;{}&#8220;]<\/p>\n<p><span style=\"color: #27563d;\">cordula b\u00f6hm<\/span><br \/><span style=\"color: #a83746;\">TO THE CORE<\/span><br \/><span style=\"color: #ffbf20;\">online coaching<\/span><\/p>\n<p>[\/et_pb_text][\/et_pb_column][et_pb_column type=&#8220;1_4&#8243; _builder_version=&#8220;4.16&#8243; custom_padding=&#8220;|||&#8220; global_colors_info=&#8220;{}&#8220; custom_padding__hover=&#8220;|||&#8220;][et_pb_text _builder_version=&#8220;4.16&#8243; text_font=&#8220;Montserrat|300|||||||&#8220; text_text_color=&#8220;#27563d&#8220; text_font_size=&#8220;14px&#8220; header_font=&#8220;||||||||&#8220; header_5_font=&#8220;Montserrat||||||||&#8220; header_6_font=&#8220;Montserrat||||||||&#8220; header_6_text_color=&#8220;#a83746&#8243; text_text_align=&#8220;left&#8220; global_colors_info=&#8220;{}&#8220;]<\/p>\n<p><span style=\"color: #993366;\">AS YOUR COACH<\/span><\/p>\n<p><span style=\"color: #993366;\">I accompany and support you in changes and life transitions on your way to a powerful colorful life.<\/span><\/p>\n<p>[\/et_pb_text][\/et_pb_column][et_pb_column type=&#8220;1_4&#8243; _builder_version=&#8220;4.16&#8243; custom_padding=&#8220;|||&#8220; global_colors_info=&#8220;{}&#8220; custom_padding__hover=&#8220;|||&#8220;][et_pb_text _builder_version=&#8220;4.16&#8243; text_font=&#8220;Montserrat|300|||||||&#8220; text_text_color=&#8220;#27563d&#8220; text_font_size=&#8220;14px&#8220; header_font=&#8220;||||||||&#8220; header_5_font=&#8220;Montserrat||||||||&#8220; header_6_font=&#8220;Montserrat||||||||&#8220; header_6_text_color=&#8220;#a83746&#8243; text_text_align=&#8220;left&#8220; global_colors_info=&#8220;{}&#8220;]<\/p>\n<h6>Get in touch!<\/h6>\n<p>info@cordula-boehm.de<br \/> <a href=\"\/impressum\/\">Impressum<\/a> \/ <a href=\"\/datenschutz\/\">Datenschutz<\/a><\/p>\n<p>Alle Rechte vorbehalten<\/p>\n<p>[\/et_pb_text][\/et_pb_column][et_pb_column type=&#8220;1_4&#8243; _builder_version=&#8220;4.16&#8243; custom_padding=&#8220;|||&#8220; global_colors_info=&#8220;{}&#8220; custom_padding__hover=&#8220;|||&#8220;][et_pb_text _builder_version=&#8220;4.16&#8243; text_font=&#8220;Montserrat||||||||&#8220; text_text_color=&#8220;#27563d&#8220; text_font_size=&#8220;14px&#8220; header_font=&#8220;||||||||&#8220; header_5_font=&#8220;Montserrat||||||||&#8220; header_6_font=&#8220;Montserrat||||||||&#8220; header_6_text_color=&#8220;#a83746&#8243; custom_margin=&#8220;||-1px|||&#8220; text_text_align=&#8220;left&#8220; global_colors_info=&#8220;{}&#8220;]<\/p>\n<h6>Follow me here<\/h6>\n<p>[\/et_pb_text][et_pb_social_media_follow icon_color=&#8220;#ffffff&#8220; _builder_version=&#8220;4.16&#8243; custom_button=&#8220;on&#8220; button_text_color=&#8220;#ffffff&#8220; button_font=&#8220;||||||||&#8220; custom_margin=&#8220;6px|||||&#8220; border_radii=&#8220;on|100px|100px|100px|100px&#8220; border_color_all=&#8220;#27563d&#8220; global_colors_info=&#8220;{}&#8220;][et_pb_social_media_follow_network social_network=&#8220;facebook&#8220; url=&#8220;http:\/\/www.facebook.com\/boehm.cordula&#8220; icon_color=&#8220;#ffffff&#8220; _builder_version=&#8220;4.16&#8243; background_color=&#8220;#3b5998&#8243; global_colors_info=&#8220;{}&#8220; follow_button=&#8220;off&#8220; url_new_window=&#8220;on&#8220;]facebook[\/et_pb_social_media_follow_network][et_pb_social_media_follow_network social_network=&#8220;instagram&#8220; url=&#8220;https:\/\/www.instagram.com\/tothecore.onlinecoaching\/&#8220; _builder_version=&#8220;4.16&#8243; background_color=&#8220;#ea2c59&#8243; global_colors_info=&#8220;{}&#8220; follow_button=&#8220;off&#8220; url_new_window=&#8220;on&#8220;]instagram[\/et_pb_social_media_follow_network][\/et_pb_social_media_follow][et_pb_social_media_follow icon_color=&#8220;#ffffff&#8220; disabled_on=&#8220;on|on|on&#8220; _builder_version=&#8220;4.16&#8243; custom_button=&#8220;on&#8220; button_text_color=&#8220;#ffffff&#8220; button_font=&#8220;||||||||&#8220; custom_margin=&#8220;6px|||||&#8220; border_radii=&#8220;on|100px|100px|100px|100px&#8220; border_color_all=&#8220;#27563d&#8220; disabled=&#8220;on&#8220; global_colors_info=&#8220;{}&#8220;][et_pb_social_media_follow_network social_network=&#8220;facebook&#8220; url=&#8220;http:\/\/Facebook.com\/boehm.cordula&#8220; icon_color=&#8220;#ffffff&#8220; _builder_version=&#8220;4.16&#8243; background_color=&#8220;#3b5998&#8243; global_colors_info=&#8220;{}&#8220; follow_button=&#8220;off&#8220; url_new_window=&#8220;on&#8220;]facebook[\/et_pb_social_media_follow_network][et_pb_social_media_follow_network social_network=&#8220;instagram&#8220; url=&#8220;https:\/\/www.instagram.com\/tothecore.onlinecoaching\/&#8220; _builder_version=&#8220;4.16&#8243; background_color=&#8220;#ea2c59&#8243; global_colors_info=&#8220;{}&#8220; follow_button=&#8220;off&#8220; url_new_window=&#8220;on&#8220;]instagram[\/et_pb_social_media_follow_network][\/et_pb_social_media_follow][\/et_pb_column][\/et_pb_row][\/et_pb_section]<\/p>\n<span class=\"et_bloom_bottom_trigger\"><\/span>","protected":false},"excerpt":{"rendered":"<p>\u201eTroubleShooter\u201c und Akuthilfe \u201eTroubleShooter\u201c und Akuthilfe Du stehst einer pl\u00f6tzlichen Ver\u00e4nderung v\u00f6llig ratlos gegen\u00fcber. &nbsp; Bist du auf der Suche nach jemandem, mit dem du in vertrauensvoller Atmosph\u00e4re sprechen kannst? Bei mir bist du richtig, wenn du &#8230; gerade deinen Partner oder deinen Job verloren hast, &#8230; unerwartet schwanger bist, &#8230; eine andere Situation eingetreten [&hellip;]<\/p>\n","protected":false},"author":2,"featured_media":0,"parent":0,"menu_order":0,"comment_status":"closed","ping_status":"closed","template":"","meta":{"_acf_changed":false,"_et_pb_use_builder":"on","_et_pb_old_content":"","_et_gb_content_width":"","om_disable_all_campaigns":false,"_monsterinsights_skip_tracking":false,"_monsterinsights_sitenote_active":false,"_monsterinsights_sitenote_note":"","_monsterinsights_sitenote_category":0,"footnotes":""},"class_list":["post-12887","page","type-page","status-publish","hentry"],"acf":[],"yoast_head":"<!-- This site is optimized with the Yoast SEO plugin v27.0 - https:\/\/yoast.com\/product\/yoast-seo-wordpress\/ -->\n<title>Angebote - Cordula B\u00f6hm<\/title>\n<meta name=\"description\" content=\"Wenn du dir eine der folgenden oder \u00e4hnliche Fragen stellst, dann ist COACHING TO THE CORE eine gute Option einer L\u00f6sung auf die Spur zu kommen.\" \/>\n<meta name=\"robots\" content=\"index, follow, max-snippet:-1, max-image-preview:large, max-video-preview:-1\" \/>\n<link rel=\"canonical\" href=\"https:\/\/cordula-boehm.de\/en\/troubleshooter-und-akuthilfe\/\" \/>\n<meta property=\"og:locale\" content=\"en_US\" \/>\n<meta property=\"og:type\" content=\"article\" \/>\n<meta property=\"og:title\" content=\"Angebote - Cordula B\u00f6hm\" \/>\n<meta property=\"og:description\" content=\"Wenn du dir eine der folgenden oder \u00e4hnliche Fragen stellst, dann ist COACHING TO THE CORE eine gute Option einer L\u00f6sung auf die Spur zu kommen.\" \/>\n<meta property=\"og:url\" content=\"https:\/\/cordula-boehm.de\/en\/troubleshooter-und-akuthilfe\/\" \/>\n<meta property=\"og:site_name\" content=\"Cordula B\u00f6hm\" \/>\n<meta property=\"article:modified_time\" content=\"2025-07-10T08:56:37+00:00\" \/>\n<meta name=\"twitter:card\" content=\"summary_large_image\" \/>\n<meta name=\"twitter:label1\" content=\"Est. reading time\" \/>\n\t<meta name=\"twitter:data1\" content=\"3 minutes\" \/>\n<script type=\"application\/ld+json\" class=\"yoast-schema-graph\">{\"@context\":\"https:\/\/schema.org\",\"@graph\":[{\"@type\":\"WebPage\",\"@id\":\"https:\/\/cordula-boehm.de\/troubleshooter-und-akuthilfe\/\",\"url\":\"https:\/\/cordula-boehm.de\/troubleshooter-und-akuthilfe\/\",\"name\":\"Angebote - Cordula B\u00f6hm\",\"isPartOf\":{\"@id\":\"https:\/\/cordula-boehm.de\/#website\"},\"datePublished\":\"2021-05-02T06:54:05+00:00\",\"dateModified\":\"2025-07-10T08:56:37+00:00\",\"description\":\"Wenn du dir eine der folgenden oder \u00e4hnliche Fragen stellst, dann ist COACHING TO THE CORE eine gute Option einer L\u00f6sung auf die Spur zu kommen.\",\"breadcrumb\":{\"@id\":\"https:\/\/cordula-boehm.de\/troubleshooter-und-akuthilfe\/#breadcrumb\"},\"inLanguage\":\"en-US\",\"potentialAction\":[{\"@type\":\"ReadAction\",\"target\":[\"https:\/\/cordula-boehm.de\/troubleshooter-und-akuthilfe\/\"]}]},{\"@type\":\"BreadcrumbList\",\"@id\":\"https:\/\/cordula-boehm.de\/troubleshooter-und-akuthilfe\/#breadcrumb\",\"itemListElement\":[{\"@type\":\"ListItem\",\"position\":1,\"name\":\"Startseite\",\"item\":\"https:\/\/cordula-boehm.de\/\"},{\"@type\":\"ListItem\",\"position\":2,\"name\":\"\u201eTroubleShooter\u201c und Akuthilfe\"}]},{\"@type\":\"WebSite\",\"@id\":\"https:\/\/cordula-boehm.de\/#website\",\"url\":\"https:\/\/cordula-boehm.de\/\",\"name\":\"Cordula B\u00f6hm\",\"description\":\"to the core - Online Coaching\",\"potentialAction\":[{\"@type\":\"SearchAction\",\"target\":{\"@type\":\"EntryPoint\",\"urlTemplate\":\"https:\/\/cordula-boehm.de\/?s={search_term_string}\"},\"query-input\":{\"@type\":\"PropertyValueSpecification\",\"valueRequired\":true,\"valueName\":\"search_term_string\"}}],\"inLanguage\":\"en-US\"}]}<\/script>\n<!-- \/ Yoast SEO plugin. -->","yoast_head_json":{"title":"Angebote - Cordula B\u00f6hm","description":"Wenn du dir eine der folgenden oder \u00e4hnliche Fragen stellst, dann ist COACHING TO THE CORE eine gute Option einer L\u00f6sung auf die Spur zu kommen.","robots":{"index":"index","follow":"follow","max-snippet":"max-snippet:-1","max-image-preview":"max-image-preview:large","max-video-preview":"max-video-preview:-1"},"canonical":"https:\/\/cordula-boehm.de\/en\/troubleshooter-und-akuthilfe\/","og_locale":"en_US","og_type":"article","og_title":"Angebote - Cordula B\u00f6hm","og_description":"Wenn du dir eine der folgenden oder \u00e4hnliche Fragen stellst, dann ist COACHING TO THE CORE eine gute Option einer L\u00f6sung auf die Spur zu kommen.","og_url":"https:\/\/cordula-boehm.de\/en\/troubleshooter-und-akuthilfe\/","og_site_name":"Cordula B\u00f6hm","article_modified_time":"2025-07-10T08:56:37+00:00","twitter_card":"summary_large_image","twitter_misc":{"Est. reading time":"3 minutes"},"schema":{"@context":"https:\/\/schema.org","@graph":[{"@type":"WebPage","@id":"https:\/\/cordula-boehm.de\/troubleshooter-und-akuthilfe\/","url":"https:\/\/cordula-boehm.de\/troubleshooter-und-akuthilfe\/","name":"Angebote - Cordula B\u00f6hm","isPartOf":{"@id":"https:\/\/cordula-boehm.de\/#website"},"datePublished":"2021-05-02T06:54:05+00:00","dateModified":"2025-07-10T08:56:37+00:00","description":"Wenn du dir eine der folgenden oder \u00e4hnliche Fragen stellst, dann ist COACHING TO THE CORE eine gute Option einer L\u00f6sung auf die Spur zu kommen.","breadcrumb":{"@id":"https:\/\/cordula-boehm.de\/troubleshooter-und-akuthilfe\/#breadcrumb"},"inLanguage":"en-US","potentialAction":[{"@type":"ReadAction","target":["https:\/\/cordula-boehm.de\/troubleshooter-und-akuthilfe\/"]}]},{"@type":"BreadcrumbList","@id":"https:\/\/cordula-boehm.de\/troubleshooter-und-akuthilfe\/#breadcrumb","itemListElement":[{"@type":"ListItem","position":1,"name":"Startseite","item":"https:\/\/cordula-boehm.de\/"},{"@type":"ListItem","position":2,"name":"\u201eTroubleShooter\u201c und Akuthilfe"}]},{"@type":"WebSite","@id":"https:\/\/cordula-boehm.de\/#website","url":"https:\/\/cordula-boehm.de\/","name":"Cordula B\u00f6hm","description":"to the core - Online Coaching","potentialAction":[{"@type":"SearchAction","target":{"@type":"EntryPoint","urlTemplate":"https:\/\/cordula-boehm.de\/?s={search_term_string}"},"query-input":{"@type":"PropertyValueSpecification","valueRequired":true,"valueName":"search_term_string"}}],"inLanguage":"en-US"}]}},"_links":{"self":[{"href":"https:\/\/cordula-boehm.de\/en\/wp-json\/wp\/v2\/pages\/12887","targetHints":{"allow":["GET"]}}],"collection":[{"href":"https:\/\/cordula-boehm.de\/en\/wp-json\/wp\/v2\/pages"}],"about":[{"href":"https:\/\/cordula-boehm.de\/en\/wp-json\/wp\/v2\/types\/page"}],"author":[{"embeddable":true,"href":"https:\/\/cordula-boehm.de\/en\/wp-json\/wp\/v2\/users\/2"}],"replies":[{"embeddable":true,"href":"https:\/\/cordula-boehm.de\/en\/wp-json\/wp\/v2\/comments?post=12887"}],"version-history":[{"count":3,"href":"https:\/\/cordula-boehm.de\/en\/wp-json\/wp\/v2\/pages\/12887\/revisions"}],"predecessor-version":[{"id":14107,"href":"https:\/\/cordula-boehm.de\/en\/wp-json\/wp\/v2\/pages\/12887\/revisions\/14107"}],"wp:attachment":[{"href":"https:\/\/cordula-boehm.de\/en\/wp-json\/wp\/v2\/media?parent=12887"}],"curies":[{"name":"wp","href":"https:\/\/api.w.org\/{rel}","templated":true}]}}