{"id":9799,"date":"2019-05-08T17:29:59","date_gmt":"2019-05-08T15:29:59","guid":{"rendered":"https:\/\/cordula-boehm.de\/?page_id=9799"},"modified":"2023-01-15T17:59:28","modified_gmt":"2023-01-15T16:59:28","slug":"erstgespraech-danke","status":"publish","type":"page","link":"https:\/\/cordula-boehm.de\/en\/erstgespraech-danke\/","title":{"rendered":"Erstgespr\u00e4ch Danke"},"content":{"rendered":"<p>[et_pb_section fb_built=&#8220;1&#8243; admin_label=&#8220;section&#8220; _builder_version=&#8220;3.22.3&#8243; use_background_color_gradient=&#8220;on&#8220; background_color_gradient_start=&#8220;#ffffff&#8220; background_color_gradient_end=&#8220;rgba(255,255,255,0.29)&#8220; background_color_gradient_direction=&#8220;90deg&#8220; background_color_gradient_overlays_image=&#8220;on&#8220; background_image=&#8220;https:\/\/cordula-boehm.de\/wp-content\/uploads\/2019\/04\/Cordula-Bo\u0308hm-About-Header-e1555587305342.jpg&#8220; border_radii=&#8220;||||&#8220; border_width_bottom=&#8220;5px&#8220; border_color_bottom=&#8220;#a83746&#8243;][et_pb_row custom_margin=&#8220;100px||100px||true&#8220; admin_label=&#8220;row&#8220; _builder_version=&#8220;3.22.3&#8243; background_size=&#8220;initial&#8220; background_position=&#8220;top_left&#8220; background_repeat=&#8220;repeat&#8220;][et_pb_column type=&#8220;4_4&#8243; _builder_version=&#8220;3.0.47&#8243;][et_pb_text _builder_version=&#8220;3.21.1&#8243; text_font=&#8220;Aileron Regular||||||||&#8220; text_text_color=&#8220;#a83746&#8243; text_font_size=&#8220;54px&#8220; text_font_size_phone=&#8220;32px&#8220; text_font_size_last_edited=&#8220;on|desktop&#8220; text_line_height=&#8220;1.3em&#8220; header_font=&#8220;Montserrat||||||||&#8220; header_text_color=&#8220;#ffffff&#8220; header_5_font=&#8220;Playlist Script||||||||&#8220; header_5_text_color=&#8220;#27563d&#8220; header_5_font_size=&#8220;26px&#8220; header_6_font=&#8220;Aileron Regular||||||||&#8220; header_6_text_color=&#8220;#27563d&#8220; header_6_font_size=&#8220;21px&#8220; header_6_font_size_tablet=&#8220;18px&#8220; header_6_font_size_phone=&#8220;14px&#8220; header_6_font_size_last_edited=&#8220;on|tablet&#8220; header_6_line_height=&#8220;1.2em&#8220;]<\/p>\n<p>Vielen Dank f\u00fcr deine Anmeldung!<\/p>\n<h6> In K\u00fcrze erh\u00e4ltst du eine E-Mail mit s\u00e4mtlichen Infos<br \/>\nzu unserem gemeinsamen Termin. Ich freue mich auf dich.<br \/>\n<\/h6>\n<p>[\/et_pb_text][\/et_pb_column][\/et_pb_row][\/et_pb_section][et_pb_section fb_built=&#8220;1&#8243; _builder_version=&#8220;3.22.3&#8243; custom_padding=&#8220;51px|0px|32px|0px|false|false&#8220;][et_pb_row custom_padding=&#8220;25.5938px|0px|0|0px|false|false&#8220; _builder_version=&#8220;3.22.3&#8243;][et_pb_column type=&#8220;1_2&#8243; _builder_version=&#8220;3.0.47&#8243;][et_pb_image src=&#8220;https:\/\/cordula-boehm.de\/wp-content\/uploads\/2019\/04\/Cordula-Bo\u0308hm-About.jpg&#8220; _builder_version=&#8220;3.21.1&#8243;][\/et_pb_image][\/et_pb_column][et_pb_column type=&#8220;1_2&#8243; _builder_version=&#8220;3.0.47&#8243;][et_pb_text _builder_version=&#8220;3.21.1&#8243; text_font=&#8220;Aileron Bold|800|||||||&#8220; text_font_size=&#8220;34px&#8220; text_line_height=&#8220;1.2em&#8220; header_font=&#8220;||||||||&#8220; header_2_font=&#8220;Aileron Regular||||||||&#8220; header_2_text_color=&#8220;#a83746&#8243; header_2_font_size=&#8220;34px&#8220; header_3_font=&#8220;Aileron Bold||||||||&#8220; header_3_text_align=&#8220;left&#8220; header_3_text_color=&#8220;#27563d&#8220; header_3_font_size=&#8220;18px&#8220; header_3_line_height=&#8220;1.2em&#8220; text_orientation=&#8220;center&#8220; custom_margin=&#8220;||10px|&#8220;]<\/p>\n<h2 style=\"text-align: left;\">Cordula B\u00f6hm<\/h2>\n<h3>Impulsgeberin, Coach, Mentorin, Nomadin, Mutter, Grossmutter, Yogi<br \/>\n<\/h3>\n<p>[\/et_pb_text][et_pb_text _builder_version=&#8220;3.21.1&#8243; text_font=&#8220;Aileron Regular||||||||&#8220; text_text_color=&#8220;#4f5362&#8243; text_line_height=&#8220;1.4em&#8220; header_font=&#8220;||||||||&#8220; header_5_font=&#8220;||||||||&#8220; header_6_font=&#8220;Montserrat|800||on|||||&#8220; header_6_text_color=&#8220;#4f5362&#8243; header_6_font_size=&#8220;15px&#8220; header_6_line_height=&#8220;2.4em&#8220; module_alignment=&#8220;center&#8220; custom_margin=&#8220;0px||40px|&#8220; custom_padding=&#8220;0px||&#8220;]<\/p>\n<p><span style=\"font-weight: 400;\">Nomen est Omen: Die lateinische Wurzel meines Vornamens \u201ccore\u201d verweist auf das Herz, den Kern, als auch auf \u201cCourage\u201d. <\/span><\/p>\n<p><span style=\"font-weight: 400;\">Der Mut, mich zu bewegen um meiner Essenz auf die Spur zu kommen, scheint mir in die Wiege gelegt worden zu sein.<\/span><\/p>\n<p><span style=\"font-weight: 400;\">Dieser Weg hat mich weg aus der ehemaligen DDR gef\u00fchrt, <\/span><\/p>\n<p><span style=\"font-weight: 400;\">zur Mutter einer wunderbaren Tochter werden lassen <\/span><\/p>\n<p><span style=\"font-weight: 400;\">mich auf viele Reisen durch den Nahen Osten, Nordafrika, Indien und Nepal gef\u00fchrt, mehrere Jahre in der Schweiz, schlie\u00dflich in Pal\u00e4stina und nun ortsunabh\u00e4ngig leben und lernen lassen. <\/span><\/p>\n<p><span style=\"font-weight: 400;\">Was leicht klingt, schenkte mir wunderbare Erfahrungen, f\u00fchrte mich aber auch <\/span><span style=\"font-weight: 400;\">wie viele moderne Menschen durch \u00a0die Niederungen von Depression und Burnout: als junge alleinerziehende Mutter, als Lehrerin mit dem Gef\u00fchl, nicht gut genug zu sein, in komplizierten Beziehungen, die meinen mangelnden selbstwert reflektierten, in Lebenssituationen, die mir nicht entsprachen.<\/span><\/p>\n<p><span style=\"font-weight: 400;\">Ich begann, mich mit \u00f6stlicher Weisheit, Buddhismus, Yoga- Philosophie sowie mit modernen Autoren auf dem Gebiet psychischer Gesundheit, Gl\u00fccksforschung und Selbsthilfe zu besch\u00e4ftigen. Meine heilsamsten Begleiter wurden Yoga und Meditation.<\/span><\/p>\n<p>[\/et_pb_text][\/et_pb_column][\/et_pb_row][et_pb_row custom_padding=&#8220;0|0px|25.5938px|0px|false|false&#8220; _builder_version=&#8220;3.22.3&#8243;][et_pb_column type=&#8220;4_4&#8243; _builder_version=&#8220;3.21.1&#8243;][et_pb_text _builder_version=&#8220;3.21.1&#8243; text_font=&#8220;Aileron Regular||||||||&#8220; text_text_color=&#8220;#4f5362&#8243; text_line_height=&#8220;1.4em&#8220; header_font=&#8220;||||||||&#8220; header_5_font=&#8220;||||||||&#8220; header_6_font=&#8220;Montserrat|800||on|||||&#8220; header_6_text_color=&#8220;#4f5362&#8243; header_6_font_size=&#8220;15px&#8220; header_6_line_height=&#8220;2.4em&#8220; module_alignment=&#8220;center&#8220; custom_margin=&#8220;0px||40px|&#8220; custom_padding=&#8220;0px||&#8220;]<\/p>\n<p><span style=\"font-weight: 400;\">Inzwischen bin ich auch als stolze Gro\u00dfmutter offen f\u00fcr den Wandel, lernend und suchend. Ich liebe bunte Stoffe, Teppiche und Stickereien so wie das Gewebe des Lebens mit seinen vielf\u00e4ltigen Mustern, Farben und Unebenheiten. <\/span><\/p>\n<p><span style=\"font-weight: 400;\">Ich habe erfahren, dass mutige Entscheidungen und bewusst gestaltete Lebens\u00fcberg\u00e4nge das \u00a0Leben definitiv bunt und spannend gestalten. <\/span><\/p>\n<p><span style=\"font-weight: 400;\">Das m\u00f6chte ich dir und anderen Menschen zeigen und erleichtern.<\/span><\/p>\n<p><span style=\"font-weight: 400;\">Es macht mir Freude, als Coach und Mentorin Menschen durch Krisen, Blockaden und Konflikte zu begleiten, die Umschw\u00fcnge mit sich bringen k\u00f6nnen.<\/span><\/p>\n<p><span>Mit meinem professionellen Hintergrund als<\/span><\/p>\n<ul>\n<li><span>Lehrerin f\u00fcr Deutsch und Kunst<\/span><\/li>\n<li><span>Heilp\u00e4dagagogin (MA)<\/span><\/li>\n<li><span>Systemischer Coach, Supervisorin, Organistationsentwicklerin<\/span><\/li>\n<li><span>Kundalini Yoga- und Meditationslehrerin<\/span><\/li>\n<\/ul>\n<p><span>folge ich einem ganzheitlichen Ansatz, der professionelle Methoden aus dem systemischen Coaching, Intuition, Yoga, Meditation und \u00a0Entspannungstechniken umfasst und individuell auf deine Erfordernisse zugeschnitten ist.<\/span><\/p>\n<p><span>\u00dcberzeugt davon, dass die L\u00f6sung deiner Lebensfragen in dir selbst liegt, respektiere ich deine Pers\u00f6nlichkeit, deine Werte und deine Kapazit\u00e4t, dich TO THE CORE zu bewegen.<\/span><\/p>\n<p>[\/et_pb_text][et_pb_text _builder_version=&#8220;3.21.1&#8243; text_font=&#8220;Aileron Regular||||||||&#8220; text_text_color=&#8220;#4f5362&#8243; text_line_height=&#8220;1.4em&#8220; header_font=&#8220;||||||||&#8220; header_5_font=&#8220;||||||||&#8220; header_6_font=&#8220;Montserrat|800||on|||||&#8220; header_6_text_color=&#8220;#4f5362&#8243; header_6_font_size=&#8220;15px&#8220; header_6_line_height=&#8220;2.4em&#8220; module_alignment=&#8220;center&#8220; custom_margin=&#8220;0px||40px|&#8220; custom_padding=&#8220;0px||&#8220;][\/et_pb_text][et_pb_image src=&#8220;https:\/\/cordula-boehm.de\/wp-content\/uploads\/2019\/04\/20f146c188d4484b3d76d13e320408af.png&#8220; _builder_version=&#8220;3.21.1&#8243; max_width=&#8220;25%&#8220; module_alignment=&#8220;left&#8220; custom_margin=&#8220;-25px||&#8220;][\/et_pb_image][\/et_pb_column][\/et_pb_row][\/et_pb_section][et_pb_section fb_built=&#8220;1&#8243; _builder_version=&#8220;3.22.3&#8243; background_color=&#8220;#fcfcfc&#8220; custom_padding=&#8220;0|0px|0|0px|false|false&#8220; global_module=&#8220;10790&#8243;][et_pb_row _builder_version=&#8220;3.22.3&#8243;][et_pb_column type=&#8220;1_3&#8243; _builder_version=&#8220;3.21.1&#8243;][et_pb_text _builder_version=&#8220;3.22.7&#8243; text_font=&#8220;Aileron Regular||||||||&#8220; text_text_color=&#8220;#969696&#8243; text_font_size=&#8220;12px&#8220;]<\/p>\n<p><span>Copyright \u00a9 Cordula B\u00f6hm<\/span><\/p>\n<p>[\/et_pb_text][\/et_pb_column][et_pb_column type=&#8220;1_3&#8243; _builder_version=&#8220;3.21.1&#8243;][et_pb_text _builder_version=&#8220;3.22.7&#8243; text_font=&#8220;Aileron Regular||||||||&#8220; text_text_color=&#8220;#969696&#8243; text_font_size=&#8220;12px&#8220; text_orientation=&#8220;center&#8220;]<\/p>\n<p><a href=\"\/impressum\">Impressum<\/a> <a href=\"\/datenschutz\">Datenschutz<\/a><\/p>\n<p>[\/et_pb_text][\/et_pb_column][et_pb_column type=&#8220;1_3&#8243; _builder_version=&#8220;3.21.1&#8243;][et_pb_text _builder_version=&#8220;3.22.7&#8243; text_font=&#8220;Aileron Regular||||||||&#8220; text_text_color=&#8220;#969696&#8243; text_font_size=&#8220;12px&#8220; text_orientation=&#8220;right&#8220;]<\/p>\n<p><span>Designed by LoveMarketing<\/span><\/p>\n<p>[\/et_pb_text][\/et_pb_column][\/et_pb_row][\/et_pb_section]<\/p>\n<span class=\"et_bloom_bottom_trigger\"><\/span>","protected":false},"excerpt":{"rendered":"<p>Vielen Dank f\u00fcr deine Anmeldung! In K\u00fcrze erh\u00e4ltst du eine E-Mail mit s\u00e4mtlichen Infos zu unserem gemeinsamen Termin. Ich freue mich auf dich. Cordula B\u00f6hm Impulsgeberin, Coach, Mentorin, Nomadin, Mutter, Grossmutter, Yogi Nomen est Omen: Die lateinische Wurzel meines Vornamens \u201ccore\u201d verweist auf das Herz, den Kern, als auch auf \u201cCourage\u201d. Der Mut, mich zu [&hellip;]<\/p>\n","protected":false},"author":2,"featured_media":0,"parent":0,"menu_order":0,"comment_status":"closed","ping_status":"closed","template":"","meta":{"_acf_changed":false,"_et_pb_use_builder":"on","_et_pb_old_content":"","_et_gb_content_width":"","om_disable_all_campaigns":false,"_monsterinsights_skip_tracking":false,"_monsterinsights_sitenote_active":false,"_monsterinsights_sitenote_note":"","_monsterinsights_sitenote_category":0,"footnotes":""},"class_list":["post-9799","page","type-page","status-publish","hentry"],"acf":[],"yoast_head":"<!-- This site is optimized with the Yoast SEO plugin v27.0 - https:\/\/yoast.com\/product\/yoast-seo-wordpress\/ -->\n<title>Erstgespr\u00e4ch Danke - Cordula B\u00f6hm<\/title>\n<meta name=\"robots\" content=\"index, follow, max-snippet:-1, max-image-preview:large, max-video-preview:-1\" \/>\n<link rel=\"canonical\" href=\"https:\/\/cordula-boehm.de\/en\/erstgespraech-danke\/\" \/>\n<meta property=\"og:locale\" content=\"en_US\" \/>\n<meta property=\"og:type\" content=\"article\" \/>\n<meta property=\"og:title\" content=\"Erstgespr\u00e4ch Danke - Cordula B\u00f6hm\" \/>\n<meta property=\"og:description\" content=\"Vielen Dank f\u00fcr deine Anmeldung! In K\u00fcrze erh\u00e4ltst du eine E-Mail mit s\u00e4mtlichen Infos zu unserem gemeinsamen Termin. Ich freue mich auf dich. Cordula B\u00f6hm Impulsgeberin, Coach, Mentorin, Nomadin, Mutter, Grossmutter, Yogi Nomen est Omen: Die lateinische Wurzel meines Vornamens \u201ccore\u201d verweist auf das Herz, den Kern, als auch auf \u201cCourage\u201d. Der Mut, mich zu [&hellip;]\" \/>\n<meta property=\"og:url\" content=\"https:\/\/cordula-boehm.de\/en\/erstgespraech-danke\/\" \/>\n<meta property=\"og:site_name\" content=\"Cordula B\u00f6hm\" \/>\n<meta property=\"article:modified_time\" content=\"2023-01-15T16:59:28+00:00\" \/>\n<meta name=\"twitter:card\" content=\"summary_large_image\" \/>\n<meta name=\"twitter:label1\" content=\"Est. reading time\" \/>\n\t<meta name=\"twitter:data1\" content=\"5 minutes\" \/>\n<script type=\"application\/ld+json\" class=\"yoast-schema-graph\">{\"@context\":\"https:\/\/schema.org\",\"@graph\":[{\"@type\":\"WebPage\",\"@id\":\"https:\/\/cordula-boehm.de\/erstgespraech-danke\/\",\"url\":\"https:\/\/cordula-boehm.de\/erstgespraech-danke\/\",\"name\":\"Erstgespr\u00e4ch Danke - Cordula B\u00f6hm\",\"isPartOf\":{\"@id\":\"https:\/\/cordula-boehm.de\/#website\"},\"datePublished\":\"2019-05-08T15:29:59+00:00\",\"dateModified\":\"2023-01-15T16:59:28+00:00\",\"breadcrumb\":{\"@id\":\"https:\/\/cordula-boehm.de\/erstgespraech-danke\/#breadcrumb\"},\"inLanguage\":\"en-US\",\"potentialAction\":[{\"@type\":\"ReadAction\",\"target\":[\"https:\/\/cordula-boehm.de\/erstgespraech-danke\/\"]}]},{\"@type\":\"BreadcrumbList\",\"@id\":\"https:\/\/cordula-boehm.de\/erstgespraech-danke\/#breadcrumb\",\"itemListElement\":[{\"@type\":\"ListItem\",\"position\":1,\"name\":\"Startseite\",\"item\":\"https:\/\/cordula-boehm.de\/\"},{\"@type\":\"ListItem\",\"position\":2,\"name\":\"Erstgespr\u00e4ch Danke\"}]},{\"@type\":\"WebSite\",\"@id\":\"https:\/\/cordula-boehm.de\/#website\",\"url\":\"https:\/\/cordula-boehm.de\/\",\"name\":\"Cordula B\u00f6hm\",\"description\":\"to the core - Online Coaching\",\"potentialAction\":[{\"@type\":\"SearchAction\",\"target\":{\"@type\":\"EntryPoint\",\"urlTemplate\":\"https:\/\/cordula-boehm.de\/?s={search_term_string}\"},\"query-input\":{\"@type\":\"PropertyValueSpecification\",\"valueRequired\":true,\"valueName\":\"search_term_string\"}}],\"inLanguage\":\"en-US\"}]}<\/script>\n<!-- \/ Yoast SEO plugin. -->","yoast_head_json":{"title":"Erstgespr\u00e4ch Danke - Cordula B\u00f6hm","robots":{"index":"index","follow":"follow","max-snippet":"max-snippet:-1","max-image-preview":"max-image-preview:large","max-video-preview":"max-video-preview:-1"},"canonical":"https:\/\/cordula-boehm.de\/en\/erstgespraech-danke\/","og_locale":"en_US","og_type":"article","og_title":"Erstgespr\u00e4ch Danke - Cordula B\u00f6hm","og_description":"Vielen Dank f\u00fcr deine Anmeldung! In K\u00fcrze erh\u00e4ltst du eine E-Mail mit s\u00e4mtlichen Infos zu unserem gemeinsamen Termin. Ich freue mich auf dich. Cordula B\u00f6hm Impulsgeberin, Coach, Mentorin, Nomadin, Mutter, Grossmutter, Yogi Nomen est Omen: Die lateinische Wurzel meines Vornamens \u201ccore\u201d verweist auf das Herz, den Kern, als auch auf \u201cCourage\u201d. Der Mut, mich zu [&hellip;]","og_url":"https:\/\/cordula-boehm.de\/en\/erstgespraech-danke\/","og_site_name":"Cordula B\u00f6hm","article_modified_time":"2023-01-15T16:59:28+00:00","twitter_card":"summary_large_image","twitter_misc":{"Est. reading time":"5 minutes"},"schema":{"@context":"https:\/\/schema.org","@graph":[{"@type":"WebPage","@id":"https:\/\/cordula-boehm.de\/erstgespraech-danke\/","url":"https:\/\/cordula-boehm.de\/erstgespraech-danke\/","name":"Erstgespr\u00e4ch Danke - Cordula B\u00f6hm","isPartOf":{"@id":"https:\/\/cordula-boehm.de\/#website"},"datePublished":"2019-05-08T15:29:59+00:00","dateModified":"2023-01-15T16:59:28+00:00","breadcrumb":{"@id":"https:\/\/cordula-boehm.de\/erstgespraech-danke\/#breadcrumb"},"inLanguage":"en-US","potentialAction":[{"@type":"ReadAction","target":["https:\/\/cordula-boehm.de\/erstgespraech-danke\/"]}]},{"@type":"BreadcrumbList","@id":"https:\/\/cordula-boehm.de\/erstgespraech-danke\/#breadcrumb","itemListElement":[{"@type":"ListItem","position":1,"name":"Startseite","item":"https:\/\/cordula-boehm.de\/"},{"@type":"ListItem","position":2,"name":"Erstgespr\u00e4ch Danke"}]},{"@type":"WebSite","@id":"https:\/\/cordula-boehm.de\/#website","url":"https:\/\/cordula-boehm.de\/","name":"Cordula B\u00f6hm","description":"to the core - Online Coaching","potentialAction":[{"@type":"SearchAction","target":{"@type":"EntryPoint","urlTemplate":"https:\/\/cordula-boehm.de\/?s={search_term_string}"},"query-input":{"@type":"PropertyValueSpecification","valueRequired":true,"valueName":"search_term_string"}}],"inLanguage":"en-US"}]}},"_links":{"self":[{"href":"https:\/\/cordula-boehm.de\/en\/wp-json\/wp\/v2\/pages\/9799","targetHints":{"allow":["GET"]}}],"collection":[{"href":"https:\/\/cordula-boehm.de\/en\/wp-json\/wp\/v2\/pages"}],"about":[{"href":"https:\/\/cordula-boehm.de\/en\/wp-json\/wp\/v2\/types\/page"}],"author":[{"embeddable":true,"href":"https:\/\/cordula-boehm.de\/en\/wp-json\/wp\/v2\/users\/2"}],"replies":[{"embeddable":true,"href":"https:\/\/cordula-boehm.de\/en\/wp-json\/wp\/v2\/comments?post=9799"}],"version-history":[{"count":3,"href":"https:\/\/cordula-boehm.de\/en\/wp-json\/wp\/v2\/pages\/9799\/revisions"}],"predecessor-version":[{"id":10803,"href":"https:\/\/cordula-boehm.de\/en\/wp-json\/wp\/v2\/pages\/9799\/revisions\/10803"}],"wp:attachment":[{"href":"https:\/\/cordula-boehm.de\/en\/wp-json\/wp\/v2\/media?parent=9799"}],"curies":[{"name":"wp","href":"https:\/\/api.w.org\/{rel}","templated":true}]}}